{"id":3943,"date":"2023-02-24T20:16:05","date_gmt":"2023-02-24T17:16:05","guid":{"rendered":"https:\/\/kizilayismakinelerikursu.com\/?page_id=2153"},"modified":"2023-02-24T20:16:05","modified_gmt":"2023-02-24T17:16:05","slug":"b-sinifi-surucu-belgesi","status":"publish","type":"page","link":"https:\/\/kizilayismakinelerikursu.com\/index.php\/b-sinifi-surucu-belgesi\/","title":{"rendered":"B s\u0131n\u0131f\u0131 s\u00fcr\u00fcc\u00fc belgesi"},"content":{"rendered":"\t\t<div data-elementor-type=\"wp-page\" data-elementor-id=\"3943\" class=\"elementor elementor-3943\">\n\t\t\t\t\t\t<section class=\"elementor-section elementor-top-section elementor-element elementor-element-126c1c6 elementor-section-boxed elementor-section-height-default elementor-section-height-default\" data-id=\"126c1c6\" data-element_type=\"section\">\n\t\t\t\t\t\t<div class=\"elementor-container elementor-column-gap-default\">\n\t\t\t\t\t<div class=\"elementor-column elementor-col-100 elementor-top-column elementor-element elementor-element-a601178\" data-id=\"a601178\" data-element_type=\"column\">\n\t\t\t<div class=\"elementor-widget-wrap elementor-element-populated\">\n\t\t\t\t\t\t<div class=\"elementor-element elementor-element-1f8aa2b elementor-widget elementor-widget-heading\" data-id=\"1f8aa2b\" data-element_type=\"widget\" data-widget_type=\"heading.default\">\n\t\t\t\t<div class=\"elementor-widget-container\">\n\t\t\t<style>\/*! elementor - v3.21.0 - 18-04-2024 *\/\n.elementor-heading-title{padding:0;margin:0;line-height:1}.elementor-widget-heading .elementor-heading-title[class*=elementor-size-]>a{color:inherit;font-size:inherit;line-height:inherit}.elementor-widget-heading .elementor-heading-title.elementor-size-small{font-size:15px}.elementor-widget-heading .elementor-heading-title.elementor-size-medium{font-size:19px}.elementor-widget-heading .elementor-heading-title.elementor-size-large{font-size:29px}.elementor-widget-heading .elementor-heading-title.elementor-size-xl{font-size:39px}.elementor-widget-heading .elementor-heading-title.elementor-size-xxl{font-size:59px}<\/style><h2 class=\"elementor-heading-title elementor-size-default\">B s\u0131n\u0131f\u0131 s\u00fcr\u00fcc\u00fc belgesi <\/h2>\t\t<\/div>\n\t\t\t\t<\/div>\n\t\t\t\t\t<\/div>\n\t\t<\/div>\n\t\t\t\t\t<\/div>\n\t\t<\/section>\n\t\t\t\t<section class=\"elementor-section elementor-top-section elementor-element elementor-element-d66c5c0 elementor-section-boxed elementor-section-height-default elementor-section-height-default\" data-id=\"d66c5c0\" data-element_type=\"section\">\n\t\t\t\t\t\t<div class=\"elementor-container elementor-column-gap-default\">\n\t\t\t\t\t<div class=\"elementor-column elementor-col-100 elementor-top-column elementor-element elementor-element-29bcf71\" data-id=\"29bcf71\" data-element_type=\"column\">\n\t\t\t<div class=\"elementor-widget-wrap elementor-element-populated\">\n\t\t\t\t\t\t<div class=\"elementor-element elementor-element-aa5cc08 elementor-widget elementor-widget-image\" data-id=\"aa5cc08\" data-element_type=\"widget\" data-widget_type=\"image.default\">\n\t\t\t\t<div class=\"elementor-widget-container\">\n\t\t\t<style>\/*! elementor - v3.21.0 - 18-04-2024 *\/\n.elementor-widget-image{text-align:center}.elementor-widget-image a{display:inline-block}.elementor-widget-image a img[src$=\".svg\"]{width:48px}.elementor-widget-image img{vertical-align:middle;display:inline-block}<\/style>\t\t\t\t\t\t\t\t\t\t<img decoding=\"async\" src=\"https:\/\/kizilayismakinelerikursu.com\/wp-content\/uploads\/2023\/02\/B-sinifi-surucu-belgesi.jpg\" title=\"\" alt=\"\" loading=\"lazy\" \/>\t\t\t\t\t\t\t\t\t\t\t\t\t<\/div>\n\t\t\t\t<\/div>\n\t\t\t\t\t<\/div>\n\t\t<\/div>\n\t\t\t\t\t<\/div>\n\t\t<\/section>\n\t\t\t\t<section class=\"elementor-section elementor-top-section elementor-element elementor-element-99fae55 elementor-section-boxed elementor-section-height-default elementor-section-height-default\" data-id=\"99fae55\" data-element_type=\"section\">\n\t\t\t\t\t\t<div class=\"elementor-container elementor-column-gap-default\">\n\t\t\t\t\t<div class=\"elementor-column elementor-col-100 elementor-top-column elementor-element elementor-element-62c6e3c\" data-id=\"62c6e3c\" data-element_type=\"column\">\n\t\t\t<div class=\"elementor-widget-wrap elementor-element-populated\">\n\t\t\t\t\t\t<div class=\"elementor-element elementor-element-2597383 elementor-widget elementor-widget-text-editor\" data-id=\"2597383\" data-element_type=\"widget\" data-widget_type=\"text-editor.default\">\n\t\t\t\t<div class=\"elementor-widget-container\">\n\t\t\t<style>\/*! elementor - v3.21.0 - 18-04-2024 *\/\n.elementor-widget-text-editor.elementor-drop-cap-view-stacked .elementor-drop-cap{background-color:#69727d;color:#fff}.elementor-widget-text-editor.elementor-drop-cap-view-framed .elementor-drop-cap{color:#69727d;border:3px solid;background-color:transparent}.elementor-widget-text-editor:not(.elementor-drop-cap-view-default) .elementor-drop-cap{margin-top:8px}.elementor-widget-text-editor:not(.elementor-drop-cap-view-default) .elementor-drop-cap-letter{width:1em;height:1em}.elementor-widget-text-editor .elementor-drop-cap{float:left;text-align:center;line-height:1;font-size:50px}.elementor-widget-text-editor .elementor-drop-cap-letter{display:inline-block}<\/style>\t\t\t\t<h4><strong>B s\u0131n\u0131f\u0131 s\u00fcr\u00fcc\u00fc belgesi nedir? B i\u00e7in ya\u015f s\u0131n\u0131r\u0131 ka\u00e7t\u0131r? B s\u0131n\u0131f\u0131 belgeye sahip s\u00fcr\u00fcc\u00fcler hangi ara\u00e7lar\u0131 kullanabilir?<\/strong><\/h4><p><strong>Otomobil ve kamyonet kullanacaklara \u00a0verilir. 2016 Y\u0131l\u0131 itibariyle B s\u0131n\u0131f\u0131na ba\u015fvuru yapanlar ne yaz\u0131k ki art\u0131k minib\u00fcs kullanamayacak. Minib\u00fcs i\u00e7in \u00f6nce B grubu ehliyet al\u0131p sonra D1 s\u0131n\u0131f\u0131 i\u00e7in ba\u015fvuru da bulunmalar\u0131 gerekecek. Alt k\u0131s\u0131mda D1 s\u0131n\u0131f\u0131 ehliyet ile ilgili bilgi verilmi\u015ftir.<\/strong><\/p><p><strong>Ya\u015f s\u0131n\u0131r\u0131 18\u2019dir.<\/strong><\/p><p><strong>M, B1 ve F s\u0131n\u0131f\u0131 ara\u00e7lar\u0131 kullanabilirler.\u00a0 Motor bisiklet, 4 tekerlik motosiklet ve trakt\u00f6r kullanabilirler.<\/strong><\/p><p><strong>Azami y\u00fckl\u00fc a\u011f\u0131rl\u0131\u011f\u0131 4.250 kg olan birle\u015fik ara\u00e7lar\u0131 kullanabilirler.<\/strong><\/p><p><strong>Ehliyetini 2016 y\u0131l\u0131ndan \u00f6nce alan s\u00fcr\u00fcc\u00fcler otomatik veya manuel ara\u00e7 kullanabiliyor. Fakat 2016 y\u0131l\u0131 itibariyle s\u00fcr\u00fcc\u00fc adaylar\u0131 istemeleri halinde otomatik vitesli ara\u00e7 kullanabilmek i\u00e7in s\u00fcr\u00fcc\u00fc kursuna ba\u015fvuru yapabilir. Otomatik vites i\u00e7in ayr\u0131 bir s\u0131n\u0131f yoktur.S\u0131nava otamatik vitesli ara\u00e7la girer ve ba\u015far\u0131l\u0131 olursa ehliyet belgesinde otomatik vitesli ara\u00e7 kullanabilir yazacakt\u0131r. Belirtmekte fayda var bu \u015fekilde ehliyet \u00a0belgesi alan ki\u015filer manuel ara\u00e7 kullanamazlar.\u00a0<\/strong><\/p>\t\t\t\t\t\t<\/div>\n\t\t\t\t<\/div>\n\t\t\t\t\t<\/div>\n\t\t<\/div>\n\t\t\t\t\t<\/div>\n\t\t<\/section>\n\t\t\t\t<\/div>\n\t\t\n    <div class=\"xs_social_share_widget xs_share_url after_content \t\tmain_content  wslu-style-1 wslu-share-box-shaped wslu-fill-colored wslu-none wslu-share-horizontal wslu-theme-font-no wslu-main_content\">\n\n\t\t\n        <ul>\n\t\t\t        <\/ul>\n    <\/div> \n","protected":false},"excerpt":{"rendered":"<p>B s\u0131n\u0131f\u0131 s\u00fcr\u00fcc\u00fc belgesi B s\u0131n\u0131f\u0131 s\u00fcr\u00fcc\u00fc belgesi nedir? B i\u00e7in ya\u015f s\u0131n\u0131r\u0131 ka\u00e7t\u0131r? B s\u0131n\u0131f\u0131 belgeye sahip s\u00fcr\u00fcc\u00fcler hangi ara\u00e7lar\u0131 kullanabilir? Otomobil ve kamyonet kullanacaklara \u00a0verilir. 2016 Y\u0131l\u0131 itibariyle B s\u0131n\u0131f\u0131na ba\u015fvuru yapanlar ne yaz\u0131k ki art\u0131k minib\u00fcs kullanamayacak. Minib\u00fcs i\u00e7in \u00f6nce B grubu ehliyet al\u0131p sonra D1 s\u0131n\u0131f\u0131<\/p>\n","protected":false},"author":1,"featured_media":0,"parent":0,"menu_order":0,"comment_status":"closed","ping_status":"closed","template":"","meta":{"inline_featured_image":false,"footnotes":""},"class_list":["post-3943","page","type-page","status-publish","hentry"],"_links":{"self":[{"href":"https:\/\/kizilayismakinelerikursu.com\/index.php\/wp-json\/wp\/v2\/pages\/3943","targetHints":{"allow":["GET"]}}],"collection":[{"href":"https:\/\/kizilayismakinelerikursu.com\/index.php\/wp-json\/wp\/v2\/pages"}],"about":[{"href":"https:\/\/kizilayismakinelerikursu.com\/index.php\/wp-json\/wp\/v2\/types\/page"}],"author":[{"embeddable":true,"href":"https:\/\/kizilayismakinelerikursu.com\/index.php\/wp-json\/wp\/v2\/users\/1"}],"replies":[{"embeddable":true,"href":"https:\/\/kizilayismakinelerikursu.com\/index.php\/wp-json\/wp\/v2\/comments?post=3943"}],"version-history":[{"count":0,"href":"https:\/\/kizilayismakinelerikursu.com\/index.php\/wp-json\/wp\/v2\/pages\/3943\/revisions"}],"wp:attachment":[{"href":"https:\/\/kizilayismakinelerikursu.com\/index.php\/wp-json\/wp\/v2\/media?parent=3943"}],"curies":[{"name":"wp","href":"https:\/\/api.w.org\/{rel}","templated":true}]}}