{"id":2372,"date":"2023-02-26T10:05:14","date_gmt":"2023-02-26T07:05:14","guid":{"rendered":"https:\/\/kizilayismakinelerikursu.com\/?page_id=2372"},"modified":"2023-02-26T10:05:14","modified_gmt":"2023-02-26T07:05:14","slug":"ody-2-belgesi","status":"publish","type":"page","link":"https:\/\/kizilayismakinelerikursu.com\/index.php\/ody-2-belgesi\/","title":{"rendered":"ODY 2 BELGES\u0130"},"content":{"rendered":"\t\t<div data-elementor-type=\"wp-page\" data-elementor-id=\"2372\" class=\"elementor elementor-2372\">\n\t\t\t\t\t\t<section class=\"elementor-section elementor-top-section elementor-element elementor-element-9be2bd2 elementor-section-boxed elementor-section-height-default elementor-section-height-default\" data-id=\"9be2bd2\" data-element_type=\"section\">\n\t\t\t\t\t\t<div class=\"elementor-container elementor-column-gap-default\">\n\t\t\t\t\t<div class=\"elementor-column elementor-col-100 elementor-top-column elementor-element elementor-element-f7c9975\" data-id=\"f7c9975\" data-element_type=\"column\">\n\t\t\t<div class=\"elementor-widget-wrap elementor-element-populated\">\n\t\t\t\t\t\t<div class=\"elementor-element elementor-element-89f3f59 elementor-widget elementor-widget-heading\" data-id=\"89f3f59\" data-element_type=\"widget\" data-widget_type=\"heading.default\">\n\t\t\t\t<div class=\"elementor-widget-container\">\n\t\t\t<style>\/*! elementor - v3.21.0 - 18-04-2024 *\/\n.elementor-heading-title{padding:0;margin:0;line-height:1}.elementor-widget-heading .elementor-heading-title[class*=elementor-size-]>a{color:inherit;font-size:inherit;line-height:inherit}.elementor-widget-heading .elementor-heading-title.elementor-size-small{font-size:15px}.elementor-widget-heading .elementor-heading-title.elementor-size-medium{font-size:19px}.elementor-widget-heading .elementor-heading-title.elementor-size-large{font-size:29px}.elementor-widget-heading .elementor-heading-title.elementor-size-xl{font-size:39px}.elementor-widget-heading .elementor-heading-title.elementor-size-xxl{font-size:59px}<\/style><h2 class=\"elementor-heading-title elementor-size-default\">ODY 2 BELGES\u0130<\/h2>\t\t<\/div>\n\t\t\t\t<\/div>\n\t\t\t\t\t<\/div>\n\t\t<\/div>\n\t\t\t\t\t<\/div>\n\t\t<\/section>\n\t\t\t\t<section class=\"elementor-section elementor-top-section elementor-element elementor-element-dad3f8c elementor-section-boxed elementor-section-height-default elementor-section-height-default\" data-id=\"dad3f8c\" data-element_type=\"section\">\n\t\t\t\t\t\t<div class=\"elementor-container elementor-column-gap-default\">\n\t\t\t\t\t<div class=\"elementor-column elementor-col-100 elementor-top-column elementor-element elementor-element-73a6a3c\" data-id=\"73a6a3c\" data-element_type=\"column\">\n\t\t\t<div class=\"elementor-widget-wrap elementor-element-populated\">\n\t\t\t\t\t\t<div class=\"elementor-element elementor-element-2393d26 elementor-widget elementor-widget-text-editor\" data-id=\"2393d26\" data-element_type=\"widget\" data-widget_type=\"text-editor.default\">\n\t\t\t\t<div class=\"elementor-widget-container\">\n\t\t\t<style>\/*! elementor - v3.21.0 - 18-04-2024 *\/\n.elementor-widget-text-editor.elementor-drop-cap-view-stacked .elementor-drop-cap{background-color:#69727d;color:#fff}.elementor-widget-text-editor.elementor-drop-cap-view-framed .elementor-drop-cap{color:#69727d;border:3px solid;background-color:transparent}.elementor-widget-text-editor:not(.elementor-drop-cap-view-default) .elementor-drop-cap{margin-top:8px}.elementor-widget-text-editor:not(.elementor-drop-cap-view-default) .elementor-drop-cap-letter{width:1em;height:1em}.elementor-widget-text-editor .elementor-drop-cap{float:left;text-align:center;line-height:1;font-size:50px}.elementor-widget-text-editor .elementor-drop-cap-letter{display:inline-block}<\/style>\t\t\t\t<p style=\"margin-bottom: 30px; line-height: 28px; color: rgb(119, 119, 119); font-family: Roboto, sans-serif;\">Ody 2 belgesine sahip y\u00f6neticiler yurti\u00e7i yolcu ta\u015f\u0131mac\u0131l\u0131\u011f\u0131 alan\u0131nda faaliyet g\u00f6steren firmalarda orta d\u00fczey y\u00f6netici olarak g\u00f6rev yapabilirler. Muafiyet \u015fartlar\u0131n\u0131 sa\u011flamayan ki\u015filer e\u011fitimlere kat\u0131larak Ody-2 belgesine sahip olabilirler.&nbsp;Ody belgelerinde mezuniyet \u015fart\u0131 aranmamaktad\u0131r. (\u0130lkokul mezunlar\u0131 da Ody belgesi alabilirler.)<\/p><p style=\"margin-bottom: 30px; line-height: 28px; color: rgb(119, 119, 119); font-family: Roboto, sans-serif;\">&nbsp;<\/p><p style=\"margin-bottom: 30px; line-height: 28px; color: rgb(119, 119, 119); font-family: Roboto, sans-serif;\"><span style=\"font-weight: bolder;\">Ody 2 E\u011fitim Program\u0131<\/span><\/p><p style=\"margin-bottom: 30px; line-height: 28px; color: rgb(119, 119, 119); font-family: Roboto, sans-serif;\">&nbsp;<\/p><table class=\"tableStyle\" width=\"833\" style=\"border-spacing: 0px; margin-top: 15px; margin-bottom: 15px; width: 1370px; color: rgb(119, 119, 119); font-family: Roboto, sans-serif;\"><tbody><tr><th style=\"text-align: inherit; border-bottom: 1px solid rgb(221, 221, 221); border-left: 1px solid rgb(221, 221, 221); border-top-color: rgb(221, 221, 221); border-right-color: rgb(221, 221, 221); border-image: initial; padding-right: 20px; padding-left: 20px;\"><span style=\"color: red;\">DERSLER<\/span><\/th><td style=\"border-bottom: 1px solid rgb(221, 221, 221); border-left: 1px solid rgb(221, 221, 221); border-top-color: rgb(221, 221, 221); border-right-color: rgb(221, 221, 221); border-image: initial; padding-right: 20px; padding-left: 20px;\"><span style=\"font-weight: bolder;\"><span style=\"color: red;\">SAAT\u0130<\/span><\/span><\/td><\/tr><tr><th style=\"text-align: inherit; border-bottom: 1px solid rgb(221, 221, 221); border-left: 1px solid rgb(221, 221, 221); border-top-color: rgb(221, 221, 221); border-right-color: rgb(221, 221, 221); border-image: initial; padding-right: 20px; padding-left: 20px;\">Ulusal Ula\u015ft\u0131rma Mevzuat\u0131<\/th><td style=\"border-bottom: 1px solid rgb(221, 221, 221); border-left: 1px solid rgb(221, 221, 221); border-top-color: rgb(221, 221, 221); border-right-color: rgb(221, 221, 221); border-image: initial; padding-right: 20px; padding-left: 20px;\">5 Saat<\/td><\/tr><tr><th style=\"text-align: inherit; border-bottom: 1px solid rgb(221, 221, 221); border-left: 1px solid rgb(221, 221, 221); border-top-color: rgb(221, 221, 221); border-right-color: rgb(221, 221, 221); border-image: initial; padding-right: 20px; padding-left: 20px;\">Anayasa<\/th><td style=\"border-bottom: 1px solid rgb(221, 221, 221); border-left: 1px solid rgb(221, 221, 221); border-top-color: rgb(221, 221, 221); border-right-color: rgb(221, 221, 221); border-image: initial; padding-right: 20px; padding-left: 20px;\">2 Saat<\/td><\/tr><tr><th style=\"text-align: inherit; border-bottom: 1px solid rgb(221, 221, 221); border-left: 1px solid rgb(221, 221, 221); border-top-color: rgb(221, 221, 221); border-right-color: rgb(221, 221, 221); border-image: initial; padding-right: 20px; padding-left: 20px;\">Ticaret Hukuku<\/th><td style=\"border-bottom: 1px solid rgb(221, 221, 221); border-left: 1px solid rgb(221, 221, 221); border-top-color: rgb(221, 221, 221); border-right-color: rgb(221, 221, 221); border-image: initial; padding-right: 20px; padding-left: 20px;\">2 Saat<\/td><\/tr><tr><th style=\"text-align: inherit; border-bottom: 1px solid rgb(221, 221, 221); border-left: 1px solid rgb(221, 221, 221); border-top-color: rgb(221, 221, 221); border-right-color: rgb(221, 221, 221); border-image: initial; padding-right: 20px; padding-left: 20px;\">\u0130\u015f Hukuku<\/th><td style=\"border-bottom: 1px solid rgb(221, 221, 221); border-left: 1px solid rgb(221, 221, 221); border-top-color: rgb(221, 221, 221); border-right-color: rgb(221, 221, 221); border-image: initial; padding-right: 20px; padding-left: 20px;\">2 Saat<\/td><\/tr><tr><th style=\"text-align: inherit; border-bottom: 1px solid rgb(221, 221, 221); border-left: 1px solid rgb(221, 221, 221); border-top-color: rgb(221, 221, 221); border-right-color: rgb(221, 221, 221); border-image: initial; padding-right: 20px; padding-left: 20px;\">Medeni Hukuk<\/th><td style=\"border-bottom: 1px solid rgb(221, 221, 221); border-left: 1px solid rgb(221, 221, 221); border-top-color: rgb(221, 221, 221); border-right-color: rgb(221, 221, 221); border-image: initial; padding-right: 20px; padding-left: 20px;\">2 Saat<\/td><\/tr><tr><th style=\"text-align: inherit; border-bottom: 1px solid rgb(221, 221, 221); border-left: 1px solid rgb(221, 221, 221); border-top-color: rgb(221, 221, 221); border-right-color: rgb(221, 221, 221); border-image: initial; padding-right: 20px; padding-left: 20px;\">Vergi Hukuku<\/th><td style=\"border-bottom: 1px solid rgb(221, 221, 221); border-left: 1px solid rgb(221, 221, 221); border-top-color: rgb(221, 221, 221); border-right-color: rgb(221, 221, 221); border-image: initial; padding-right: 20px; padding-left: 20px;\">2 Saat<\/td><\/tr><tr><th style=\"text-align: inherit; border-bottom: 1px solid rgb(221, 221, 221); border-left: 1px solid rgb(221, 221, 221); border-top-color: rgb(221, 221, 221); border-right-color: rgb(221, 221, 221); border-image: initial; padding-right: 20px; padding-left: 20px;\">Yasal Sorumluluklar<\/th><td style=\"border-bottom: 1px solid rgb(221, 221, 221); border-left: 1px solid rgb(221, 221, 221); border-top-color: rgb(221, 221, 221); border-right-color: rgb(221, 221, 221); border-image: initial; padding-right: 20px; padding-left: 20px;\">3 Saat<\/td><\/tr><tr><th style=\"text-align: inherit; border-bottom: 1px solid rgb(221, 221, 221); border-left: 1px solid rgb(221, 221, 221); border-top-color: rgb(221, 221, 221); border-right-color: rgb(221, 221, 221); border-image: initial; padding-right: 20px; padding-left: 20px;\">Sorumluluk Sigortalar\u0131<\/th><td style=\"border-bottom: 1px solid rgb(221, 221, 221); border-left: 1px solid rgb(221, 221, 221); border-top-color: rgb(221, 221, 221); border-right-color: rgb(221, 221, 221); border-image: initial; padding-right: 20px; padding-left: 20px;\">3 Saat<\/td><\/tr><tr><th style=\"text-align: inherit; border-bottom: 1px solid rgb(221, 221, 221); border-left: 1px solid rgb(221, 221, 221); border-top-color: rgb(221, 221, 221); border-right-color: rgb(221, 221, 221); border-image: initial; padding-right: 20px; padding-left: 20px;\">Ulusal S\u00f6zle\u015fmeler<\/th><td style=\"border-bottom: 1px solid rgb(221, 221, 221); border-left: 1px solid rgb(221, 221, 221); border-top-color: rgb(221, 221, 221); border-right-color: rgb(221, 221, 221); border-image: initial; padding-right: 20px; padding-left: 20px;\">3 Saat<\/td><\/tr><tr><th style=\"text-align: inherit; border-bottom: 1px solid rgb(221, 221, 221); border-left: 1px solid rgb(221, 221, 221); border-top-color: rgb(221, 221, 221); border-right-color: rgb(221, 221, 221); border-image: initial; padding-right: 20px; padding-left: 20px;\">Finansal Y\u00f6netim<\/th><td style=\"border-bottom: 1px solid rgb(221, 221, 221); border-left: 1px solid rgb(221, 221, 221); border-top-color: rgb(221, 221, 221); border-right-color: rgb(221, 221, 221); border-image: initial; padding-right: 20px; padding-left: 20px;\">2 Saat<\/td><\/tr><tr><th style=\"text-align: inherit; border-bottom: 1px solid rgb(221, 221, 221); border-left: 1px solid rgb(221, 221, 221); border-top-color: rgb(221, 221, 221); border-right-color: rgb(221, 221, 221); border-image: initial; padding-right: 20px; padding-left: 20px;\">Ta\u015f\u0131ma Maliyetlerinin Hesaplanmas\u0131<\/th><td style=\"border-bottom: 1px solid rgb(221, 221, 221); border-left: 1px solid rgb(221, 221, 221); border-top-color: rgb(221, 221, 221); border-right-color: rgb(221, 221, 221); border-image: initial; padding-right: 20px; padding-left: 20px;\">5 Saat<\/td><\/tr><tr><th style=\"text-align: inherit; border-bottom: 1px solid rgb(221, 221, 221); border-left: 1px solid rgb(221, 221, 221); border-top-color: rgb(221, 221, 221); border-right-color: rgb(221, 221, 221); border-image: initial; padding-right: 20px; padding-left: 20px;\">Vergi Kanunlar\u0131 ve Uygulamalar\u0131<\/th><td style=\"border-bottom: 1px solid rgb(221, 221, 221); border-left: 1px solid rgb(221, 221, 221); border-top-color: rgb(221, 221, 221); border-right-color: rgb(221, 221, 221); border-image: initial; padding-right: 20px; padding-left: 20px;\">1 Saat<\/td><\/tr><tr><th style=\"text-align: inherit; border-bottom: 1px solid rgb(221, 221, 221); border-left: 1px solid rgb(221, 221, 221); border-top-color: rgb(221, 221, 221); border-right-color: rgb(221, 221, 221); border-image: initial; padding-right: 20px; padding-left: 20px;\">M\u00fc\u015fteri \u0130li\u015fkileri Y\u00f6netimi<\/th><td style=\"border-bottom: 1px solid rgb(221, 221, 221); border-left: 1px solid rgb(221, 221, 221); border-top-color: rgb(221, 221, 221); border-right-color: rgb(221, 221, 221); border-image: initial; padding-right: 20px; padding-left: 20px;\">2 Saat<\/td><\/tr><tr><th style=\"text-align: inherit; border-bottom: 1px solid rgb(221, 221, 221); border-left: 1px solid rgb(221, 221, 221); border-top-color: rgb(221, 221, 221); border-right-color: rgb(221, 221, 221); border-image: initial; padding-right: 20px; padding-left: 20px;\">Pazarlama<\/th><td style=\"border-bottom: 1px solid rgb(221, 221, 221); border-left: 1px solid rgb(221, 221, 221); border-top-color: rgb(221, 221, 221); border-right-color: rgb(221, 221, 221); border-image: initial; padding-right: 20px; padding-left: 20px;\">2 Saat<\/td><\/tr><tr><th style=\"text-align: inherit; border-bottom: 1px solid rgb(221, 221, 221); border-left: 1px solid rgb(221, 221, 221); border-top-color: rgb(221, 221, 221); border-right-color: rgb(221, 221, 221); border-image: initial; padding-right: 20px; padding-left: 20px;\">Toplam Kalite Y\u00f6netimi ve S\u00fcre\u00e7 Y\u00f6netimi<\/th><td style=\"border-bottom: 1px solid rgb(221, 221, 221); border-left: 1px solid rgb(221, 221, 221); border-top-color: rgb(221, 221, 221); border-right-color: rgb(221, 221, 221); border-image: initial; padding-right: 20px; padding-left: 20px;\">2 Saat<\/td><\/tr><tr><th style=\"text-align: inherit; border-bottom: 1px solid rgb(221, 221, 221); border-left: 1px solid rgb(221, 221, 221); border-top-color: rgb(221, 221, 221); border-right-color: rgb(221, 221, 221); border-image: initial; padding-right: 20px; padding-left: 20px;\">\u0130nsan Kaynaklar\u0131 ve Davran\u0131\u015f Y\u00f6netimi<\/th><td style=\"border-bottom: 1px solid rgb(221, 221, 221); border-left: 1px solid rgb(221, 221, 221); border-top-color: rgb(221, 221, 221); border-right-color: rgb(221, 221, 221); border-image: initial; padding-right: 20px; padding-left: 20px;\">2 Saat<\/td><\/tr><tr><th style=\"text-align: inherit; border-bottom: 1px solid rgb(221, 221, 221); border-left: 1px solid rgb(221, 221, 221); border-top-color: rgb(221, 221, 221); border-right-color: rgb(221, 221, 221); border-image: initial; padding-right: 20px; padding-left: 20px;\">Bilgi \u0130\u015flem ve Haberle\u015fme Teknolojileri<\/th><td style=\"border-bottom: 1px solid rgb(221, 221, 221); border-left: 1px solid rgb(221, 221, 221); border-top-color: rgb(221, 221, 221); border-right-color: rgb(221, 221, 221); border-image: initial; padding-right: 20px; padding-left: 20px;\">2 Saat<\/td><\/tr><tr><th style=\"text-align: inherit; border-bottom: 1px solid rgb(221, 221, 221); border-left: 1px solid rgb(221, 221, 221); border-top-color: rgb(221, 221, 221); border-right-color: rgb(221, 221, 221); border-image: initial; padding-right: 20px; padding-left: 20px;\">Otob\u00fcs\/Turizm \u0130\u015fletmesi Y\u00f6netimi<\/th><td style=\"border-bottom: 1px solid rgb(221, 221, 221); border-left: 1px solid rgb(221, 221, 221); border-top-color: rgb(221, 221, 221); border-right-color: rgb(221, 221, 221); border-image: initial; padding-right: 20px; padding-left: 20px;\">3 Saat<\/td><\/tr><tr><th style=\"text-align: inherit; border-bottom: 1px solid rgb(221, 221, 221); border-left: 1px solid rgb(221, 221, 221); border-top-color: rgb(221, 221, 221); border-right-color: rgb(221, 221, 221); border-image: initial; padding-right: 20px; padding-left: 20px;\">Ta\u015f\u0131mac\u0131l\u0131k Politikalar\u0131<\/th><td style=\"border-bottom: 1px solid rgb(221, 221, 221); border-left: 1px solid rgb(221, 221, 221); border-top-color: rgb(221, 221, 221); border-right-color: rgb(221, 221, 221); border-image: initial; padding-right: 20px; padding-left: 20px;\">1 Saat<\/td><\/tr><tr><th style=\"text-align: inherit; border-bottom: 1px solid rgb(221, 221, 221); border-left: 1px solid rgb(221, 221, 221); border-top-color: rgb(221, 221, 221); border-right-color: rgb(221, 221, 221); border-image: initial; padding-right: 20px; padding-left: 20px;\">Ula\u015ft\u0131rma Koridorlar\u0131 ve G\u00fczergahlar<\/th><td style=\"border-bottom: 1px solid rgb(221, 221, 221); border-left: 1px solid rgb(221, 221, 221); border-top-color: rgb(221, 221, 221); border-right-color: rgb(221, 221, 221); border-image: initial; padding-right: 20px; padding-left: 20px;\">1 Saat<\/td><\/tr><tr><th style=\"text-align: inherit; border-bottom: 1px solid rgb(221, 221, 221); border-left: 1px solid rgb(221, 221, 221); border-top-color: rgb(221, 221, 221); border-right-color: rgb(221, 221, 221); border-image: initial; padding-right: 20px; padding-left: 20px;\">Kurum ve Kurulu\u015flar<\/th><td style=\"border-bottom: 1px solid rgb(221, 221, 221); border-left: 1px solid rgb(221, 221, 221); border-top-color: rgb(221, 221, 221); border-right-color: rgb(221, 221, 221); border-image: initial; padding-right: 20px; padding-left: 20px;\">1 Saat<\/td><\/tr><tr><th style=\"text-align: inherit; border-bottom: 1px solid rgb(221, 221, 221); border-left: 1px solid rgb(221, 221, 221); border-top-color: rgb(221, 221, 221); border-right-color: rgb(221, 221, 221); border-image: initial; padding-right: 20px; padding-left: 20px;\">Pazara Giri\u015f \u015eartlar\u0131<\/th><td style=\"border-bottom: 1px solid rgb(221, 221, 221); border-left: 1px solid rgb(221, 221, 221); border-top-color: rgb(221, 221, 221); border-right-color: rgb(221, 221, 221); border-image: initial; padding-right: 20px; padding-left: 20px;\">2 Saat<\/td><\/tr><tr><th style=\"text-align: inherit; border-bottom: 1px solid rgb(221, 221, 221); border-left: 1px solid rgb(221, 221, 221); border-top-color: rgb(221, 221, 221); border-right-color: rgb(221, 221, 221); border-image: initial; padding-right: 20px; padding-left: 20px;\">Teknik Standartlar<\/th><td style=\"border-bottom: 1px solid rgb(221, 221, 221); border-left: 1px solid rgb(221, 221, 221); border-top-color: rgb(221, 221, 221); border-right-color: rgb(221, 221, 221); border-image: initial; padding-right: 20px; padding-left: 20px;\">2 Saat<\/td><\/tr><tr><th style=\"text-align: inherit; border-bottom: 1px solid rgb(221, 221, 221); border-left: 1px solid rgb(221, 221, 221); border-top-color: rgb(221, 221, 221); border-right-color: rgb(221, 221, 221); border-image: initial; padding-right: 20px; padding-left: 20px;\">Yolcu Ta\u015f\u0131mac\u0131l\u0131\u011f\u0131<\/th><td style=\"border-bottom: 1px solid rgb(221, 221, 221); border-left: 1px solid rgb(221, 221, 221); border-top-color: rgb(221, 221, 221); border-right-color: rgb(221, 221, 221); border-image: initial; padding-right: 20px; padding-left: 20px;\">4 Saat<\/td><\/tr><tr><th style=\"text-align: inherit; border-bottom: 1px solid rgb(221, 221, 221); border-left: 1px solid rgb(221, 221, 221); border-top-color: rgb(221, 221, 221); border-right-color: rgb(221, 221, 221); border-image: initial; padding-right: 20px; padding-left: 20px;\">\u0130lkyard\u0131m<\/th><td style=\"border-bottom: 1px solid rgb(221, 221, 221); border-left: 1px solid rgb(221, 221, 221); border-top-color: rgb(221, 221, 221); border-right-color: rgb(221, 221, 221); border-image: initial; padding-right: 20px; padding-left: 20px;\">8 Saat<\/td><\/tr><tr><th style=\"text-align: inherit; border-bottom: 1px solid rgb(221, 221, 221); border-left: 1px solid rgb(221, 221, 221); border-top-color: rgb(221, 221, 221); border-right-color: rgb(221, 221, 221); border-image: initial; padding-right: 20px; padding-left: 20px;\">Trafik G\u00fcvenli\u011fi<\/th><td style=\"border-bottom: 1px solid rgb(221, 221, 221); border-left: 1px solid rgb(221, 221, 221); border-top-color: rgb(221, 221, 221); border-right-color: rgb(221, 221, 221); border-image: initial; padding-right: 20px; padding-left: 20px;\">10 Saat<\/td><\/tr><tr><th style=\"text-align: inherit; border-bottom: 1px solid rgb(221, 221, 221); border-left: 1px solid rgb(221, 221, 221); border-top-color: rgb(221, 221, 221); border-right-color: rgb(221, 221, 221); border-image: initial; padding-right: 20px; padding-left: 20px;\">TOPLAM<\/th><td style=\"border-bottom: 1px solid rgb(221, 221, 221); border-left: 1px solid rgb(221, 221, 221); border-top-color: rgb(221, 221, 221); border-right-color: rgb(221, 221, 221); border-image: initial; padding-right: 20px; padding-left: 20px;\"><span style=\"font-weight: bolder;\">70 Saat<\/span><\/td><\/tr><\/tbody><\/table>\t\t\t\t\t\t<\/div>\n\t\t\t\t<\/div>\n\t\t\t\t\t<\/div>\n\t\t<\/div>\n\t\t\t\t\t<\/div>\n\t\t<\/section>\n\t\t\t\t<\/div>\n\t\t\n    <div class=\"xs_social_share_widget xs_share_url after_content \t\tmain_content  wslu-style-1 wslu-share-box-shaped wslu-fill-colored wslu-none wslu-share-horizontal wslu-theme-font-no wslu-main_content\">\n\n\t\t\n        <ul>\n\t\t\t        <\/ul>\n    <\/div> \n","protected":false},"excerpt":{"rendered":"<p>ODY 2 BELGES\u0130 Ody 2 belgesine sahip y\u00f6neticiler yurti\u00e7i yolcu ta\u015f\u0131mac\u0131l\u0131\u011f\u0131 alan\u0131nda faaliyet g\u00f6steren firmalarda orta d\u00fczey y\u00f6netici olarak g\u00f6rev yapabilirler. Muafiyet \u015fartlar\u0131n\u0131 sa\u011flamayan ki\u015filer e\u011fitimlere kat\u0131larak Ody-2 belgesine sahip olabilirler.&nbsp;Ody belgelerinde mezuniyet \u015fart\u0131 aranmamaktad\u0131r. (\u0130lkokul mezunlar\u0131 da Ody belgesi alabilirler.) &nbsp; Ody 2 E\u011fitim Program\u0131 &nbsp; DERSLER SAAT\u0130 Ulusal<\/p>\n","protected":false},"author":1,"featured_media":0,"parent":0,"menu_order":0,"comment_status":"closed","ping_status":"closed","template":"","meta":{"inline_featured_image":false,"footnotes":""},"class_list":["post-2372","page","type-page","status-publish","hentry"],"_links":{"self":[{"href":"https:\/\/kizilayismakinelerikursu.com\/index.php\/wp-json\/wp\/v2\/pages\/2372","targetHints":{"allow":["GET"]}}],"collection":[{"href":"https:\/\/kizilayismakinelerikursu.com\/index.php\/wp-json\/wp\/v2\/pages"}],"about":[{"href":"https:\/\/kizilayismakinelerikursu.com\/index.php\/wp-json\/wp\/v2\/types\/page"}],"author":[{"embeddable":true,"href":"https:\/\/kizilayismakinelerikursu.com\/index.php\/wp-json\/wp\/v2\/users\/1"}],"replies":[{"embeddable":true,"href":"https:\/\/kizilayismakinelerikursu.com\/index.php\/wp-json\/wp\/v2\/comments?post=2372"}],"version-history":[{"count":0,"href":"https:\/\/kizilayismakinelerikursu.com\/index.php\/wp-json\/wp\/v2\/pages\/2372\/revisions"}],"wp:attachment":[{"href":"https:\/\/kizilayismakinelerikursu.com\/index.php\/wp-json\/wp\/v2\/media?parent=2372"}],"curies":[{"name":"wp","href":"https:\/\/api.w.org\/{rel}","templated":true}]}}