{"id":2358,"date":"2023-02-26T09:57:26","date_gmt":"2023-02-26T06:57:26","guid":{"rendered":"https:\/\/kizilayismakinelerikursu.com\/?page_id=2358"},"modified":"2023-02-26T09:57:26","modified_gmt":"2023-02-26T06:57:26","slug":"src-4-belgesi","status":"publish","type":"page","link":"https:\/\/kizilayismakinelerikursu.com\/index.php\/src-4-belgesi\/","title":{"rendered":"Src 4 Belgesi"},"content":{"rendered":"\t\t<div data-elementor-type=\"wp-page\" data-elementor-id=\"2358\" class=\"elementor elementor-2358\">\n\t\t\t\t\t\t<section class=\"elementor-section elementor-top-section elementor-element elementor-element-c2794b8 elementor-section-boxed elementor-section-height-default elementor-section-height-default\" data-id=\"c2794b8\" data-element_type=\"section\">\n\t\t\t\t\t\t<div class=\"elementor-container elementor-column-gap-default\">\n\t\t\t\t\t<div class=\"elementor-column elementor-col-100 elementor-top-column elementor-element elementor-element-65bff3d\" data-id=\"65bff3d\" data-element_type=\"column\">\n\t\t\t<div class=\"elementor-widget-wrap elementor-element-populated\">\n\t\t\t\t\t\t<div class=\"elementor-element elementor-element-feed57a elementor-widget elementor-widget-heading\" data-id=\"feed57a\" data-element_type=\"widget\" data-widget_type=\"heading.default\">\n\t\t\t\t<div class=\"elementor-widget-container\">\n\t\t\t<style>\/*! elementor - v3.21.0 - 18-04-2024 *\/\n.elementor-heading-title{padding:0;margin:0;line-height:1}.elementor-widget-heading .elementor-heading-title[class*=elementor-size-]>a{color:inherit;font-size:inherit;line-height:inherit}.elementor-widget-heading .elementor-heading-title.elementor-size-small{font-size:15px}.elementor-widget-heading .elementor-heading-title.elementor-size-medium{font-size:19px}.elementor-widget-heading .elementor-heading-title.elementor-size-large{font-size:29px}.elementor-widget-heading .elementor-heading-title.elementor-size-xl{font-size:39px}.elementor-widget-heading .elementor-heading-title.elementor-size-xxl{font-size:59px}<\/style><h2 class=\"elementor-heading-title elementor-size-default\">Src 4 Belgesi<\/h2>\t\t<\/div>\n\t\t\t\t<\/div>\n\t\t\t\t\t<\/div>\n\t\t<\/div>\n\t\t\t\t\t<\/div>\n\t\t<\/section>\n\t\t\t\t<section class=\"elementor-section elementor-top-section elementor-element elementor-element-5332c8f elementor-section-boxed elementor-section-height-default elementor-section-height-default\" data-id=\"5332c8f\" data-element_type=\"section\">\n\t\t\t\t\t\t<div class=\"elementor-container elementor-column-gap-default\">\n\t\t\t\t\t<div class=\"elementor-column elementor-col-100 elementor-top-column elementor-element elementor-element-e216f7f\" data-id=\"e216f7f\" data-element_type=\"column\">\n\t\t\t<div class=\"elementor-widget-wrap elementor-element-populated\">\n\t\t\t\t\t\t<div class=\"elementor-element elementor-element-0f5f8f5 elementor-widget elementor-widget-image\" data-id=\"0f5f8f5\" data-element_type=\"widget\" data-widget_type=\"image.default\">\n\t\t\t\t<div class=\"elementor-widget-container\">\n\t\t\t<style>\/*! elementor - v3.21.0 - 18-04-2024 *\/\n.elementor-widget-image{text-align:center}.elementor-widget-image a{display:inline-block}.elementor-widget-image a img[src$=\".svg\"]{width:48px}.elementor-widget-image img{vertical-align:middle;display:inline-block}<\/style>\t\t\t\t\t\t\t\t\t\t<img decoding=\"async\" src=\"https:\/\/kizilayismakinelerikursu.com\/wp-content\/uploads\/2023\/02\/Src-4-Belgesi.jpg\" title=\"\" alt=\"\" loading=\"lazy\" \/>\t\t\t\t\t\t\t\t\t\t\t\t\t<\/div>\n\t\t\t\t<\/div>\n\t\t\t\t\t<\/div>\n\t\t<\/div>\n\t\t\t\t\t<\/div>\n\t\t<\/section>\n\t\t\t\t<section class=\"elementor-section elementor-top-section elementor-element elementor-element-0d5e13f elementor-section-boxed elementor-section-height-default elementor-section-height-default\" data-id=\"0d5e13f\" data-element_type=\"section\">\n\t\t\t\t\t\t<div class=\"elementor-container elementor-column-gap-default\">\n\t\t\t\t\t<div class=\"elementor-column elementor-col-100 elementor-top-column elementor-element elementor-element-9435171\" data-id=\"9435171\" data-element_type=\"column\">\n\t\t\t<div class=\"elementor-widget-wrap elementor-element-populated\">\n\t\t\t\t\t\t<div class=\"elementor-element elementor-element-45e149a elementor-widget elementor-widget-text-editor\" data-id=\"45e149a\" data-element_type=\"widget\" data-widget_type=\"text-editor.default\">\n\t\t\t\t<div class=\"elementor-widget-container\">\n\t\t\t<style>\/*! elementor - v3.21.0 - 18-04-2024 *\/\n.elementor-widget-text-editor.elementor-drop-cap-view-stacked .elementor-drop-cap{background-color:#69727d;color:#fff}.elementor-widget-text-editor.elementor-drop-cap-view-framed .elementor-drop-cap{color:#69727d;border:3px solid;background-color:transparent}.elementor-widget-text-editor:not(.elementor-drop-cap-view-default) .elementor-drop-cap{margin-top:8px}.elementor-widget-text-editor:not(.elementor-drop-cap-view-default) .elementor-drop-cap-letter{width:1em;height:1em}.elementor-widget-text-editor .elementor-drop-cap{float:left;text-align:center;line-height:1;font-size:50px}.elementor-widget-text-editor .elementor-drop-cap-letter{display:inline-block}<\/style>\t\t\t\t<p style=\"margin-bottom: 0px; padding: 0px 0px 12px; color: rgb(149, 149, 149); font-family: &quot;Open Sans&quot;; font-size: 15px;\"><span style=\"color: rgb(255, 0, 0);\"><span style=\"font-weight: 700;\">SRC 4 YURT\u0130\u00c7\u0130&nbsp; E\u015eYA-KARGO TA\u015eIMACILI\u011eI<\/span><\/span><\/p><p style=\"margin-bottom: 0px; padding: 0px 0px 12px; color: rgb(149, 149, 149); font-family: &quot;Open Sans&quot;; font-size: 15px;\"><span style=\"font-weight: 700;\"><span style=\"color: rgb(255, 0, 0);\">Src 4 belgesini kimler al\u0131r?<\/span><br><\/span>&nbsp;Yurti\u00e7i e\u015fya, kargo ve y\u00fck ta\u015f\u0131yan s\u00fcr\u00fcc\u00fcler,<br>Kamyonet, Pikap, Panelvan, Kamyon, \u00c7ekici ve TIR kullanan s\u00fcr\u00fcc\u00fcler, vb. ara\u00e7lar\u0131 kullanan s\u00fcr\u00fcc\u00fcler,<br>K\u0131sacas\u0131 E\u015fya ve y\u00fck&nbsp; ta\u015f\u0131mak i\u00e7in imal edilmi\u015f bir ticari arac\u0131 kullanan s\u00fcr\u00fcc\u00fclerin Src 4 Belgesine sahip olmalar\u0131 zorunludur.<\/p><p style=\"margin-bottom: 0px; padding: 0px 0px 12px; color: rgb(149, 149, 149); font-family: &quot;Open Sans&quot;; font-size: 15px;\"><span style=\"color: rgb(255, 0, 0);\"><span style=\"font-weight: 700;\">Src 4 belgesini alman\u0131n \u015fartlar\u0131;<\/span><\/span><br><i><u><span style=\"font-weight: 700;\">19<\/span><\/u><\/i>&nbsp;ya\u015f\u0131ndan g\u00fcn almalar\u0131,<br><u><i><span style=\"font-weight: 700;\">66<\/span><\/i><\/u>&nbsp;ya\u015f\u0131ndan b\u00fcy\u00fck olmamalar\u0131,<br>Kullanaca\u011f\u0131 araca g\u00f6re s\u00fcr\u00fcc\u00fc belgesine sahip olmalar\u0131,<br>Psikoteknik Raporuna sahip olmalar\u0131,<br>En \u00f6nemlisi&nbsp;<u><i><span style=\"font-weight: 700;\">SRC 4 BELGES\u0130NE&nbsp;<\/span><\/i><\/u>sahip olmalar\u0131 gerekmektedir.<\/p>\t\t\t\t\t\t<\/div>\n\t\t\t\t<\/div>\n\t\t\t\t\t<\/div>\n\t\t<\/div>\n\t\t\t\t\t<\/div>\n\t\t<\/section>\n\t\t\t\t<\/div>\n\t\t\n    <div class=\"xs_social_share_widget xs_share_url after_content \t\tmain_content  wslu-style-1 wslu-share-box-shaped wslu-fill-colored wslu-none wslu-share-horizontal wslu-theme-font-no wslu-main_content\">\n\n\t\t\n        <ul>\n\t\t\t        <\/ul>\n    <\/div> \n","protected":false},"excerpt":{"rendered":"<p>Src 4 Belgesi SRC 4 YURT\u0130\u00c7\u0130&nbsp; E\u015eYA-KARGO TA\u015eIMACILI\u011eI Src 4 belgesini kimler al\u0131r?&nbsp;Yurti\u00e7i e\u015fya, kargo ve y\u00fck ta\u015f\u0131yan s\u00fcr\u00fcc\u00fcler,Kamyonet, Pikap, Panelvan, Kamyon, \u00c7ekici ve TIR kullanan s\u00fcr\u00fcc\u00fcler, vb. ara\u00e7lar\u0131 kullanan s\u00fcr\u00fcc\u00fcler,K\u0131sacas\u0131 E\u015fya ve y\u00fck&nbsp; ta\u015f\u0131mak i\u00e7in imal edilmi\u015f bir ticari arac\u0131 kullanan s\u00fcr\u00fcc\u00fclerin Src 4 Belgesine sahip olmalar\u0131 zorunludur. Src<\/p>\n","protected":false},"author":1,"featured_media":0,"parent":0,"menu_order":0,"comment_status":"closed","ping_status":"closed","template":"","meta":{"inline_featured_image":false,"footnotes":""},"class_list":["post-2358","page","type-page","status-publish","hentry"],"_links":{"self":[{"href":"https:\/\/kizilayismakinelerikursu.com\/index.php\/wp-json\/wp\/v2\/pages\/2358","targetHints":{"allow":["GET"]}}],"collection":[{"href":"https:\/\/kizilayismakinelerikursu.com\/index.php\/wp-json\/wp\/v2\/pages"}],"about":[{"href":"https:\/\/kizilayismakinelerikursu.com\/index.php\/wp-json\/wp\/v2\/types\/page"}],"author":[{"embeddable":true,"href":"https:\/\/kizilayismakinelerikursu.com\/index.php\/wp-json\/wp\/v2\/users\/1"}],"replies":[{"embeddable":true,"href":"https:\/\/kizilayismakinelerikursu.com\/index.php\/wp-json\/wp\/v2\/comments?post=2358"}],"version-history":[{"count":0,"href":"https:\/\/kizilayismakinelerikursu.com\/index.php\/wp-json\/wp\/v2\/pages\/2358\/revisions"}],"wp:attachment":[{"href":"https:\/\/kizilayismakinelerikursu.com\/index.php\/wp-json\/wp\/v2\/media?parent=2358"}],"curies":[{"name":"wp","href":"https:\/\/api.w.org\/{rel}","templated":true}]}}