{"id":2348,"date":"2023-02-26T09:50:23","date_gmt":"2023-02-26T06:50:23","guid":{"rendered":"https:\/\/kizilayismakinelerikursu.com\/?page_id=2348"},"modified":"2023-02-26T09:50:23","modified_gmt":"2023-02-26T06:50:23","slug":"src-2-belgesi","status":"publish","type":"page","link":"https:\/\/kizilayismakinelerikursu.com\/index.php\/src-2-belgesi\/","title":{"rendered":"Src 2 Belgesi"},"content":{"rendered":"\t\t<div data-elementor-type=\"wp-page\" data-elementor-id=\"2348\" class=\"elementor elementor-2348\">\n\t\t\t\t\t\t<section class=\"elementor-section elementor-top-section elementor-element elementor-element-01be591 elementor-section-boxed elementor-section-height-default elementor-section-height-default\" data-id=\"01be591\" data-element_type=\"section\">\n\t\t\t\t\t\t<div class=\"elementor-container elementor-column-gap-default\">\n\t\t\t\t\t<div class=\"elementor-column elementor-col-100 elementor-top-column elementor-element elementor-element-98597c5\" data-id=\"98597c5\" data-element_type=\"column\">\n\t\t\t<div class=\"elementor-widget-wrap elementor-element-populated\">\n\t\t\t\t\t\t<div class=\"elementor-element elementor-element-2d2589e elementor-widget elementor-widget-heading\" data-id=\"2d2589e\" data-element_type=\"widget\" data-widget_type=\"heading.default\">\n\t\t\t\t<div class=\"elementor-widget-container\">\n\t\t\t<style>\/*! elementor - v3.21.0 - 18-04-2024 *\/\n.elementor-heading-title{padding:0;margin:0;line-height:1}.elementor-widget-heading .elementor-heading-title[class*=elementor-size-]>a{color:inherit;font-size:inherit;line-height:inherit}.elementor-widget-heading .elementor-heading-title.elementor-size-small{font-size:15px}.elementor-widget-heading .elementor-heading-title.elementor-size-medium{font-size:19px}.elementor-widget-heading .elementor-heading-title.elementor-size-large{font-size:29px}.elementor-widget-heading .elementor-heading-title.elementor-size-xl{font-size:39px}.elementor-widget-heading .elementor-heading-title.elementor-size-xxl{font-size:59px}<\/style><h2 class=\"elementor-heading-title elementor-size-default\">Src 2 Belgesi<\/h2>\t\t<\/div>\n\t\t\t\t<\/div>\n\t\t\t\t\t<\/div>\n\t\t<\/div>\n\t\t\t\t\t<\/div>\n\t\t<\/section>\n\t\t\t\t<section class=\"elementor-section elementor-top-section elementor-element elementor-element-a7c8971 elementor-section-boxed elementor-section-height-default elementor-section-height-default\" data-id=\"a7c8971\" data-element_type=\"section\">\n\t\t\t\t\t\t<div class=\"elementor-container elementor-column-gap-default\">\n\t\t\t\t\t<div class=\"elementor-column elementor-col-100 elementor-top-column elementor-element elementor-element-2b983e7\" data-id=\"2b983e7\" data-element_type=\"column\">\n\t\t\t<div class=\"elementor-widget-wrap elementor-element-populated\">\n\t\t\t\t\t\t<div class=\"elementor-element elementor-element-105bec5 elementor-widget elementor-widget-image\" data-id=\"105bec5\" data-element_type=\"widget\" data-widget_type=\"image.default\">\n\t\t\t\t<div class=\"elementor-widget-container\">\n\t\t\t<style>\/*! elementor - v3.21.0 - 18-04-2024 *\/\n.elementor-widget-image{text-align:center}.elementor-widget-image a{display:inline-block}.elementor-widget-image a img[src$=\".svg\"]{width:48px}.elementor-widget-image img{vertical-align:middle;display:inline-block}<\/style>\t\t\t\t\t\t\t\t\t\t<img decoding=\"async\" src=\"https:\/\/kizilayismakinelerikursu.com\/wp-content\/uploads\/2023\/02\/Src-2-Belgesi.jpg\" title=\"\" alt=\"\" loading=\"lazy\" \/>\t\t\t\t\t\t\t\t\t\t\t\t\t<\/div>\n\t\t\t\t<\/div>\n\t\t\t\t\t<\/div>\n\t\t<\/div>\n\t\t\t\t\t<\/div>\n\t\t<\/section>\n\t\t\t\t<section class=\"elementor-section elementor-top-section elementor-element elementor-element-35a5030 elementor-section-boxed elementor-section-height-default elementor-section-height-default\" data-id=\"35a5030\" data-element_type=\"section\">\n\t\t\t\t\t\t<div class=\"elementor-container elementor-column-gap-default\">\n\t\t\t\t\t<div class=\"elementor-column elementor-col-100 elementor-top-column elementor-element elementor-element-7d85f9a\" data-id=\"7d85f9a\" data-element_type=\"column\">\n\t\t\t<div class=\"elementor-widget-wrap elementor-element-populated\">\n\t\t\t\t\t\t<div class=\"elementor-element elementor-element-d21b84d elementor-widget elementor-widget-text-editor\" data-id=\"d21b84d\" data-element_type=\"widget\" data-widget_type=\"text-editor.default\">\n\t\t\t\t<div class=\"elementor-widget-container\">\n\t\t\t<style>\/*! elementor - v3.21.0 - 18-04-2024 *\/\n.elementor-widget-text-editor.elementor-drop-cap-view-stacked .elementor-drop-cap{background-color:#69727d;color:#fff}.elementor-widget-text-editor.elementor-drop-cap-view-framed .elementor-drop-cap{color:#69727d;border:3px solid;background-color:transparent}.elementor-widget-text-editor:not(.elementor-drop-cap-view-default) .elementor-drop-cap{margin-top:8px}.elementor-widget-text-editor:not(.elementor-drop-cap-view-default) .elementor-drop-cap-letter{width:1em;height:1em}.elementor-widget-text-editor .elementor-drop-cap{float:left;text-align:center;line-height:1;font-size:50px}.elementor-widget-text-editor .elementor-drop-cap-letter{display:inline-block}<\/style>\t\t\t\t<p style=\"margin-bottom: 0px; padding: 0px 0px 12px; color: rgb(149, 149, 149); font-family: &quot;Open Sans&quot;; font-size: 15px;\"><span style=\"color: rgb(255, 0, 0);\"><span style=\"font-weight: 700;\">SRC 2 YURT\u0130\u00c7\u0130 YOLCU TA\u015eIMACILI\u011eI<\/span><\/span><\/p><p style=\"margin-bottom: 0px; padding: 0px 0px 12px; color: rgb(149, 149, 149); font-family: &quot;Open Sans&quot;; font-size: 15px;\"><span style=\"font-weight: 700;\"><span style=\"color: rgb(255, 0, 0);\">Src 2 belgesini kimler al\u0131r?<\/span><br><\/span>&nbsp;Personel ta\u015f\u0131mac\u0131l\u0131\u011f\u0131 yapanlar,<br>\u0130l i\u00e7i ve \u015eehirler aras\u0131 yolcu ta\u015f\u0131mac\u0131l\u0131\u011f\u0131 yapanlar,<br>\u00d6\u011frenci Servisi \u00e7ekenler,<br>Ticari Taksi kullananlar,<br>Dolmu\u015f kullananlar,<br>K\u0131sacas\u0131 yolcu ta\u015f\u0131mak i\u00e7in imal edilmi\u015f bir ticari arac\u0131 kullanan s\u00fcr\u00fcc\u00fclerin Src2 Belgesine sahip olmalar\u0131 zorunludur.<\/p><p style=\"margin-bottom: 0px; padding: 0px 0px 12px; color: rgb(149, 149, 149); font-family: &quot;Open Sans&quot;; font-size: 15px;\"><span style=\"color: rgb(255, 0, 0);\"><span style=\"font-weight: 700;\">Src 2 belgesini alman\u0131n \u015fartlar\u0131;<\/span><\/span><br>Otob\u00fcs kullanacaklar&nbsp;<i><u><span style=\"font-weight: 700;\">26<\/span><\/u><\/i>&nbsp;Minib\u00fcs kullanacaklarda&nbsp;<i><u><span style=\"font-weight: 700;\">19<\/span><\/u><\/i>&nbsp;ya\u015f\u0131ndan g\u00fcn almalar\u0131,<br>66 ya\u015f\u0131ndan b\u00fcy\u00fck olmamalar\u0131,<br>Kullanaca\u011f\u0131 araca g\u00f6re s\u00fcr\u00fcc\u00fc belgesine sahip olmalar\u0131,<br>Psikoteknik Raporuna sahip olmalar\u0131,<br>En \u00f6nemlisi&nbsp;<u><i><span style=\"font-weight: 700;\">SRC 2 BELGES\u0130NE&nbsp;<\/span><\/i><\/u>sahip olmalar\u0131 gerekmektedir.<\/p>\t\t\t\t\t\t<\/div>\n\t\t\t\t<\/div>\n\t\t\t\t\t<\/div>\n\t\t<\/div>\n\t\t\t\t\t<\/div>\n\t\t<\/section>\n\t\t\t\t<\/div>\n\t\t\n    <div class=\"xs_social_share_widget xs_share_url after_content \t\tmain_content  wslu-style-1 wslu-share-box-shaped wslu-fill-colored wslu-none wslu-share-horizontal wslu-theme-font-no wslu-main_content\">\n\n\t\t\n        <ul>\n\t\t\t        <\/ul>\n    <\/div> \n","protected":false},"excerpt":{"rendered":"<p>Src 2 Belgesi SRC 2 YURT\u0130\u00c7\u0130 YOLCU TA\u015eIMACILI\u011eI Src 2 belgesini kimler al\u0131r?&nbsp;Personel ta\u015f\u0131mac\u0131l\u0131\u011f\u0131 yapanlar,\u0130l i\u00e7i ve \u015eehirler aras\u0131 yolcu ta\u015f\u0131mac\u0131l\u0131\u011f\u0131 yapanlar,\u00d6\u011frenci Servisi \u00e7ekenler,Ticari Taksi kullananlar,Dolmu\u015f kullananlar,K\u0131sacas\u0131 yolcu ta\u015f\u0131mak i\u00e7in imal edilmi\u015f bir ticari arac\u0131 kullanan s\u00fcr\u00fcc\u00fclerin Src2 Belgesine sahip olmalar\u0131 zorunludur. Src 2 belgesini alman\u0131n \u015fartlar\u0131;Otob\u00fcs kullanacaklar&nbsp;26&nbsp;Minib\u00fcs kullanacaklarda&nbsp;19&nbsp;ya\u015f\u0131ndan g\u00fcn<\/p>\n","protected":false},"author":1,"featured_media":0,"parent":0,"menu_order":0,"comment_status":"closed","ping_status":"closed","template":"","meta":{"inline_featured_image":false,"footnotes":""},"class_list":["post-2348","page","type-page","status-publish","hentry"],"_links":{"self":[{"href":"https:\/\/kizilayismakinelerikursu.com\/index.php\/wp-json\/wp\/v2\/pages\/2348","targetHints":{"allow":["GET"]}}],"collection":[{"href":"https:\/\/kizilayismakinelerikursu.com\/index.php\/wp-json\/wp\/v2\/pages"}],"about":[{"href":"https:\/\/kizilayismakinelerikursu.com\/index.php\/wp-json\/wp\/v2\/types\/page"}],"author":[{"embeddable":true,"href":"https:\/\/kizilayismakinelerikursu.com\/index.php\/wp-json\/wp\/v2\/users\/1"}],"replies":[{"embeddable":true,"href":"https:\/\/kizilayismakinelerikursu.com\/index.php\/wp-json\/wp\/v2\/comments?post=2348"}],"version-history":[{"count":0,"href":"https:\/\/kizilayismakinelerikursu.com\/index.php\/wp-json\/wp\/v2\/pages\/2348\/revisions"}],"wp:attachment":[{"href":"https:\/\/kizilayismakinelerikursu.com\/index.php\/wp-json\/wp\/v2\/media?parent=2348"}],"curies":[{"name":"wp","href":"https:\/\/api.w.org\/{rel}","templated":true}]}}