{"id":2211,"date":"2023-02-25T13:08:21","date_gmt":"2023-02-25T10:08:21","guid":{"rendered":"https:\/\/kizilayismakinelerikursu.com\/?page_id=2211"},"modified":"2023-02-25T13:08:21","modified_gmt":"2023-02-25T10:08:21","slug":"d1-sinifi","status":"publish","type":"page","link":"https:\/\/kizilayismakinelerikursu.com\/index.php\/d1-sinifi\/","title":{"rendered":"D1 S\u0131n\u0131f\u0131"},"content":{"rendered":"\t\t<div data-elementor-type=\"wp-page\" data-elementor-id=\"2211\" class=\"elementor elementor-2211\">\n\t\t\t\t\t\t<section class=\"elementor-section elementor-top-section elementor-element elementor-element-9f67b7b elementor-section-boxed elementor-section-height-default elementor-section-height-default\" data-id=\"9f67b7b\" data-element_type=\"section\">\n\t\t\t\t\t\t<div class=\"elementor-container elementor-column-gap-default\">\n\t\t\t\t\t<div class=\"elementor-column elementor-col-100 elementor-top-column elementor-element elementor-element-7fe3293\" data-id=\"7fe3293\" data-element_type=\"column\">\n\t\t\t<div class=\"elementor-widget-wrap elementor-element-populated\">\n\t\t\t\t\t\t<div class=\"elementor-element elementor-element-329fdbf elementor-widget elementor-widget-heading\" data-id=\"329fdbf\" data-element_type=\"widget\" data-widget_type=\"heading.default\">\n\t\t\t\t<div class=\"elementor-widget-container\">\n\t\t\t<style>\/*! elementor - v3.21.0 - 18-04-2024 *\/\n.elementor-heading-title{padding:0;margin:0;line-height:1}.elementor-widget-heading .elementor-heading-title[class*=elementor-size-]>a{color:inherit;font-size:inherit;line-height:inherit}.elementor-widget-heading .elementor-heading-title.elementor-size-small{font-size:15px}.elementor-widget-heading .elementor-heading-title.elementor-size-medium{font-size:19px}.elementor-widget-heading .elementor-heading-title.elementor-size-large{font-size:29px}.elementor-widget-heading .elementor-heading-title.elementor-size-xl{font-size:39px}.elementor-widget-heading .elementor-heading-title.elementor-size-xxl{font-size:59px}<\/style><h2 class=\"elementor-heading-title elementor-size-default\">D1 S\u0131n\u0131f\u0131<\/h2>\t\t<\/div>\n\t\t\t\t<\/div>\n\t\t\t\t\t<\/div>\n\t\t<\/div>\n\t\t\t\t\t<\/div>\n\t\t<\/section>\n\t\t\t\t<section class=\"elementor-section elementor-top-section elementor-element elementor-element-ff8a284 elementor-section-boxed elementor-section-height-default elementor-section-height-default\" data-id=\"ff8a284\" data-element_type=\"section\">\n\t\t\t\t\t\t<div class=\"elementor-container elementor-column-gap-default\">\n\t\t\t\t\t<div class=\"elementor-column elementor-col-100 elementor-top-column elementor-element elementor-element-fda0e14\" data-id=\"fda0e14\" data-element_type=\"column\">\n\t\t\t<div class=\"elementor-widget-wrap elementor-element-populated\">\n\t\t\t\t\t\t<div class=\"elementor-element elementor-element-af10e82 elementor-widget elementor-widget-image\" data-id=\"af10e82\" data-element_type=\"widget\" data-widget_type=\"image.default\">\n\t\t\t\t<div class=\"elementor-widget-container\">\n\t\t\t<style>\/*! elementor - v3.21.0 - 18-04-2024 *\/\n.elementor-widget-image{text-align:center}.elementor-widget-image a{display:inline-block}.elementor-widget-image a img[src$=\".svg\"]{width:48px}.elementor-widget-image img{vertical-align:middle;display:inline-block}<\/style>\t\t\t\t\t\t\t\t\t\t<img decoding=\"async\" src=\"https:\/\/kizilayismakinelerikursu.com\/wp-content\/uploads\/2023\/02\/yeni-d1.png\" title=\"\" alt=\"\" loading=\"lazy\" \/>\t\t\t\t\t\t\t\t\t\t\t\t\t<\/div>\n\t\t\t\t<\/div>\n\t\t\t\t\t<\/div>\n\t\t<\/div>\n\t\t\t\t\t<\/div>\n\t\t<\/section>\n\t\t\t\t<section class=\"elementor-section elementor-top-section elementor-element elementor-element-d12f85a elementor-section-boxed elementor-section-height-default elementor-section-height-default\" data-id=\"d12f85a\" data-element_type=\"section\">\n\t\t\t\t\t\t<div class=\"elementor-container elementor-column-gap-default\">\n\t\t\t\t\t<div class=\"elementor-column elementor-col-100 elementor-top-column elementor-element elementor-element-5855e2e\" data-id=\"5855e2e\" data-element_type=\"column\">\n\t\t\t<div class=\"elementor-widget-wrap elementor-element-populated\">\n\t\t\t\t\t\t<div class=\"elementor-element elementor-element-40085b5 elementor-widget elementor-widget-text-editor\" data-id=\"40085b5\" data-element_type=\"widget\" data-widget_type=\"text-editor.default\">\n\t\t\t\t<div class=\"elementor-widget-container\">\n\t\t\t<style>\/*! elementor - v3.21.0 - 18-04-2024 *\/\n.elementor-widget-text-editor.elementor-drop-cap-view-stacked .elementor-drop-cap{background-color:#69727d;color:#fff}.elementor-widget-text-editor.elementor-drop-cap-view-framed .elementor-drop-cap{color:#69727d;border:3px solid;background-color:transparent}.elementor-widget-text-editor:not(.elementor-drop-cap-view-default) .elementor-drop-cap{margin-top:8px}.elementor-widget-text-editor:not(.elementor-drop-cap-view-default) .elementor-drop-cap-letter{width:1em;height:1em}.elementor-widget-text-editor .elementor-drop-cap{float:left;text-align:center;line-height:1;font-size:50px}.elementor-widget-text-editor .elementor-drop-cap-letter{display:inline-block}<\/style>\t\t\t\t<h4 style=\"font-family: Montserrat; font-weight: 500; line-height: 24px; color: rgb(89, 89, 89); margin-bottom: 12px; font-size: 24px; width: 1140px; vertical-align: bottom; word-break: break-word; letter-spacing: normal;\"><span style=\"color: rgb(255, 0, 0);\"><span style=\"font-weight: 700;\">D1 s\u0131n\u0131f\u0131 s\u00fcr\u00fcc\u00fc belgesi nedir? D1 i\u00e7in ya\u015f s\u0131n\u0131r\u0131 ka\u00e7t\u0131r? D1 s\u0131n\u0131f\u0131 belgeye sahip s\u00fcr\u00fcc\u00fcler hangi ara\u00e7lar\u0131 kullanabilir?<\/span><\/span><\/h4><p style=\"margin-bottom: 0px; padding: 0px 0px 12px; color: rgb(149, 149, 149); font-family: &quot;Open Sans&quot;; font-size: 15px;\"><span style=\"font-weight: 700;\">Minib\u00fcs kullanacaklar\u0131n almas\u0131 gereken ehliyet s\u0131n\u0131f\u0131d\u0131r.<\/span><\/p><p style=\"margin-bottom: 0px; padding: 0px 0px 12px; color: rgb(149, 149, 149); font-family: &quot;Open Sans&quot;; font-size: 15px;\">Ara\u00e7lar\u0131n 16+1 ki\u015fi yolcu s\u0131n\u0131r\u0131 vard\u0131r.<\/p><p style=\"margin-bottom: 0px; padding: 0px 0px 12px; color: rgb(149, 149, 149); font-family: &quot;Open Sans&quot;; font-size: 15px;\"><span style=\"font-weight: 700;\">Ya\u015f s\u0131n\u0131r\u0131 21\u2019dir ve en az B grubu ehliyet olmas\u0131 gerekmektedir.<\/span><\/p><p style=\"margin-bottom: 0px; padding: 0px 0px 12px; color: rgb(149, 149, 149); font-family: &quot;Open Sans&quot;; font-size: 15px;\"><span style=\"color: rgb(0, 0, 255);\"><span style=\"font-weight: 700;\">M, B, B1 ve F s\u0131n\u0131f\u0131 dahilindeki ara\u00e7lar\u0131 kullanabilirler.<\/span><\/span><\/p>\t\t\t\t\t\t<\/div>\n\t\t\t\t<\/div>\n\t\t\t\t\t<\/div>\n\t\t<\/div>\n\t\t\t\t\t<\/div>\n\t\t<\/section>\n\t\t\t\t<\/div>\n\t\t\n    <div class=\"xs_social_share_widget xs_share_url after_content \t\tmain_content  wslu-style-1 wslu-share-box-shaped wslu-fill-colored wslu-none wslu-share-horizontal wslu-theme-font-no wslu-main_content\">\n\n\t\t\n        <ul>\n\t\t\t        <\/ul>\n    <\/div> \n","protected":false},"excerpt":{"rendered":"<p>D1 S\u0131n\u0131f\u0131 D1 s\u0131n\u0131f\u0131 s\u00fcr\u00fcc\u00fc belgesi nedir? D1 i\u00e7in ya\u015f s\u0131n\u0131r\u0131 ka\u00e7t\u0131r? D1 s\u0131n\u0131f\u0131 belgeye sahip s\u00fcr\u00fcc\u00fcler hangi ara\u00e7lar\u0131 kullanabilir? Minib\u00fcs kullanacaklar\u0131n almas\u0131 gereken ehliyet s\u0131n\u0131f\u0131d\u0131r. Ara\u00e7lar\u0131n 16+1 ki\u015fi yolcu s\u0131n\u0131r\u0131 vard\u0131r. Ya\u015f s\u0131n\u0131r\u0131 21\u2019dir ve en az B grubu ehliyet olmas\u0131 gerekmektedir. M, B, B1 ve F s\u0131n\u0131f\u0131 dahilindeki<\/p>\n","protected":false},"author":1,"featured_media":0,"parent":0,"menu_order":0,"comment_status":"closed","ping_status":"closed","template":"","meta":{"inline_featured_image":false,"footnotes":""},"class_list":["post-2211","page","type-page","status-publish","hentry"],"_links":{"self":[{"href":"https:\/\/kizilayismakinelerikursu.com\/index.php\/wp-json\/wp\/v2\/pages\/2211","targetHints":{"allow":["GET"]}}],"collection":[{"href":"https:\/\/kizilayismakinelerikursu.com\/index.php\/wp-json\/wp\/v2\/pages"}],"about":[{"href":"https:\/\/kizilayismakinelerikursu.com\/index.php\/wp-json\/wp\/v2\/types\/page"}],"author":[{"embeddable":true,"href":"https:\/\/kizilayismakinelerikursu.com\/index.php\/wp-json\/wp\/v2\/users\/1"}],"replies":[{"embeddable":true,"href":"https:\/\/kizilayismakinelerikursu.com\/index.php\/wp-json\/wp\/v2\/comments?post=2211"}],"version-history":[{"count":0,"href":"https:\/\/kizilayismakinelerikursu.com\/index.php\/wp-json\/wp\/v2\/pages\/2211\/revisions"}],"wp:attachment":[{"href":"https:\/\/kizilayismakinelerikursu.com\/index.php\/wp-json\/wp\/v2\/media?parent=2211"}],"curies":[{"name":"wp","href":"https:\/\/api.w.org\/{rel}","templated":true}]}}