{"id":2181,"date":"2023-02-24T22:57:34","date_gmt":"2023-02-24T19:57:34","guid":{"rendered":"https:\/\/kizilayismakinelerikursu.com\/?page_id=2181"},"modified":"2023-02-24T22:57:34","modified_gmt":"2023-02-24T19:57:34","slug":"c1e-sinifi","status":"publish","type":"page","link":"https:\/\/kizilayismakinelerikursu.com\/index.php\/c1e-sinifi\/","title":{"rendered":"C1E S\u0131n\u0131f\u0131"},"content":{"rendered":"\t\t<div data-elementor-type=\"wp-page\" data-elementor-id=\"2181\" class=\"elementor elementor-2181\">\n\t\t\t\t\t\t<section class=\"elementor-section elementor-top-section elementor-element elementor-element-e034c50 elementor-section-boxed elementor-section-height-default elementor-section-height-default\" data-id=\"e034c50\" data-element_type=\"section\">\n\t\t\t\t\t\t<div class=\"elementor-container elementor-column-gap-default\">\n\t\t\t\t\t<div class=\"elementor-column elementor-col-100 elementor-top-column elementor-element elementor-element-44e0596\" data-id=\"44e0596\" data-element_type=\"column\">\n\t\t\t<div class=\"elementor-widget-wrap elementor-element-populated\">\n\t\t\t\t\t\t<div class=\"elementor-element elementor-element-3da7804 elementor-widget elementor-widget-heading\" data-id=\"3da7804\" data-element_type=\"widget\" data-widget_type=\"heading.default\">\n\t\t\t\t<div class=\"elementor-widget-container\">\n\t\t\t<style>\/*! elementor - v3.21.0 - 18-04-2024 *\/\n.elementor-heading-title{padding:0;margin:0;line-height:1}.elementor-widget-heading .elementor-heading-title[class*=elementor-size-]>a{color:inherit;font-size:inherit;line-height:inherit}.elementor-widget-heading .elementor-heading-title.elementor-size-small{font-size:15px}.elementor-widget-heading .elementor-heading-title.elementor-size-medium{font-size:19px}.elementor-widget-heading .elementor-heading-title.elementor-size-large{font-size:29px}.elementor-widget-heading .elementor-heading-title.elementor-size-xl{font-size:39px}.elementor-widget-heading .elementor-heading-title.elementor-size-xxl{font-size:59px}<\/style><h2 class=\"elementor-heading-title elementor-size-default\">C1E S\u0131n\u0131f\u0131<\/h2>\t\t<\/div>\n\t\t\t\t<\/div>\n\t\t\t\t\t<\/div>\n\t\t<\/div>\n\t\t\t\t\t<\/div>\n\t\t<\/section>\n\t\t\t\t<section class=\"elementor-section elementor-top-section elementor-element elementor-element-777ee84 elementor-section-boxed elementor-section-height-default elementor-section-height-default\" data-id=\"777ee84\" data-element_type=\"section\">\n\t\t\t\t\t\t<div class=\"elementor-container elementor-column-gap-default\">\n\t\t\t\t\t<div class=\"elementor-column elementor-col-100 elementor-top-column elementor-element elementor-element-ea16f71\" data-id=\"ea16f71\" data-element_type=\"column\">\n\t\t\t<div class=\"elementor-widget-wrap\">\n\t\t\t\t\t\t\t<\/div>\n\t\t<\/div>\n\t\t\t\t\t<\/div>\n\t\t<\/section>\n\t\t\t\t<section class=\"elementor-section elementor-top-section elementor-element elementor-element-ad8ab1f elementor-section-boxed elementor-section-height-default elementor-section-height-default\" data-id=\"ad8ab1f\" data-element_type=\"section\">\n\t\t\t\t\t\t<div class=\"elementor-container elementor-column-gap-default\">\n\t\t\t\t\t<div class=\"elementor-column elementor-col-100 elementor-top-column elementor-element elementor-element-5a9bc49\" data-id=\"5a9bc49\" data-element_type=\"column\">\n\t\t\t<div class=\"elementor-widget-wrap elementor-element-populated\">\n\t\t\t\t\t\t<div class=\"elementor-element elementor-element-2fa3f75 elementor-widget elementor-widget-image\" data-id=\"2fa3f75\" data-element_type=\"widget\" data-widget_type=\"image.default\">\n\t\t\t\t<div class=\"elementor-widget-container\">\n\t\t\t<style>\/*! elementor - v3.21.0 - 18-04-2024 *\/\n.elementor-widget-image{text-align:center}.elementor-widget-image a{display:inline-block}.elementor-widget-image a img[src$=\".svg\"]{width:48px}.elementor-widget-image img{vertical-align:middle;display:inline-block}<\/style>\t\t\t\t\t\t\t\t\t\t<img decoding=\"async\" src=\"https:\/\/kizilayismakinelerikursu.com\/wp-content\/uploads\/2023\/02\/c1e-kamyon-sinifi-ehliyet-nedir-hangi-araclari-kullanir.png\" title=\"\" alt=\"\" loading=\"lazy\" \/>\t\t\t\t\t\t\t\t\t\t\t\t\t<\/div>\n\t\t\t\t<\/div>\n\t\t\t\t<div class=\"elementor-element elementor-element-d6e842a elementor-widget elementor-widget-text-editor\" data-id=\"d6e842a\" data-element_type=\"widget\" data-widget_type=\"text-editor.default\">\n\t\t\t\t<div class=\"elementor-widget-container\">\n\t\t\t<style>\/*! elementor - v3.21.0 - 18-04-2024 *\/\n.elementor-widget-text-editor.elementor-drop-cap-view-stacked .elementor-drop-cap{background-color:#69727d;color:#fff}.elementor-widget-text-editor.elementor-drop-cap-view-framed .elementor-drop-cap{color:#69727d;border:3px solid;background-color:transparent}.elementor-widget-text-editor:not(.elementor-drop-cap-view-default) .elementor-drop-cap{margin-top:8px}.elementor-widget-text-editor:not(.elementor-drop-cap-view-default) .elementor-drop-cap-letter{width:1em;height:1em}.elementor-widget-text-editor .elementor-drop-cap{float:left;text-align:center;line-height:1;font-size:50px}.elementor-widget-text-editor .elementor-drop-cap-letter{display:inline-block}<\/style>\t\t\t\t<h4 style=\"font-family: Montserrat; font-weight: 500; line-height: 24px; color: rgb(89, 89, 89); margin-bottom: 12px; font-size: 24px; width: 1140px; vertical-align: bottom; word-break: break-word; letter-spacing: normal;\"><span style=\"color: rgb(255, 0, 0);\"><span style=\"font-weight: 700;\">C1E s\u0131n\u0131f s\u00fcr\u00fcc\u00fc belgesi nedir? C1E i\u00e7in ya\u015f s\u0131n\u0131r\u0131 ka\u00e7t\u0131r? C1E s\u0131n\u0131f\u0131 belgeye sahip s\u00fcr\u00fcc\u00fcler hangi ara\u00e7lar\u0131 kullanabilir?<\/span><\/span><\/h4><p class=\"metin\" style=\"margin-bottom: 0px; padding: 0px 0px 12px; color: rgb(149, 149, 149); font-family: &quot;Open Sans&quot;; font-size: 15px;\">C1E s\u0131n\u0131f\u0131 s\u00fcr\u00fcc\u00fc belgesi C1 s\u0131n\u0131f\u0131 s\u00fcr\u00fcc\u00fc belgesiyle kullan\u0131lan ara\u00e7lara tak\u0131lan ve azami y\u00fckl\u00fc a\u011f\u0131rl\u0131\u011f\u0131 750 kilogram\u0131 ge\u00e7en r\u00f6mork veya yar\u0131 r\u00f6morktan olu\u015fan ve katar a\u011f\u0131rl\u0131\u011f\u0131 12.000 kilogram\u0131 ge\u00e7meyen birle\u015fik ara\u00e7lar ile B s\u0131n\u0131f\u0131 s\u00fcr\u00fcc\u00fc belgesiyle kullan\u0131lan ara\u00e7lara tak\u0131lan ve azami y\u00fckl\u00fc a\u011f\u0131rl\u0131\u011f\u0131 3.500 kilogram\u0131 ge\u00e7en r\u00f6mork veya yar\u0131 r\u00f6morktan olu\u015fan ve katar a\u011f\u0131rl\u0131\u011f\u0131 12.000 kilogram\u0131 ge\u00e7meyen birle\u015fik ara\u00e7lar\u0131 kullanacaklara verilir.<\/p><p style=\"margin-bottom: 0px; padding: 0px 0px 12px; color: rgb(149, 149, 149); font-family: &quot;Open Sans&quot;; font-size: 15px;\">Ya\u015f s\u0131n\u0131r 18 olarak belirlenmi\u015ftir.<\/p><p style=\"margin-bottom: 0px; padding: 0px 0px 12px; color: rgb(149, 149, 149); font-family: &quot;Open Sans&quot;; font-size: 15px;\"><span style=\"font-weight: 700;\">Deneyim \u015fart\u0131 olarak en az C1 grubu ehliyet olmas\u0131 gerekmektedir.<\/span><\/p><p style=\"margin-bottom: 0px; padding: 0px 0px 12px; color: rgb(149, 149, 149); font-family: &quot;Open Sans&quot;; font-size: 15px;\"><span style=\"font-weight: 700;\"><span style=\"color: rgb(0, 0, 255);\">M, B1, B, BE, C1 ve F s\u0131n\u0131f\u0131 ara\u00e7lar\u0131 kullanabilirler.<\/span><\/span><\/p>\t\t\t\t\t\t<\/div>\n\t\t\t\t<\/div>\n\t\t\t\t\t<\/div>\n\t\t<\/div>\n\t\t\t\t\t<\/div>\n\t\t<\/section>\n\t\t\t\t<\/div>\n\t\t\n    <div class=\"xs_social_share_widget xs_share_url after_content \t\tmain_content  wslu-style-1 wslu-share-box-shaped wslu-fill-colored wslu-none wslu-share-horizontal wslu-theme-font-no wslu-main_content\">\n\n\t\t\n        <ul>\n\t\t\t        <\/ul>\n    <\/div> \n","protected":false},"excerpt":{"rendered":"<p>C1E S\u0131n\u0131f\u0131 C1E s\u0131n\u0131f s\u00fcr\u00fcc\u00fc belgesi nedir? C1E i\u00e7in ya\u015f s\u0131n\u0131r\u0131 ka\u00e7t\u0131r? C1E s\u0131n\u0131f\u0131 belgeye sahip s\u00fcr\u00fcc\u00fcler hangi ara\u00e7lar\u0131 kullanabilir? C1E s\u0131n\u0131f\u0131 s\u00fcr\u00fcc\u00fc belgesi C1 s\u0131n\u0131f\u0131 s\u00fcr\u00fcc\u00fc belgesiyle kullan\u0131lan ara\u00e7lara tak\u0131lan ve azami y\u00fckl\u00fc a\u011f\u0131rl\u0131\u011f\u0131 750 kilogram\u0131 ge\u00e7en r\u00f6mork veya yar\u0131 r\u00f6morktan olu\u015fan ve katar a\u011f\u0131rl\u0131\u011f\u0131 12.000 kilogram\u0131 ge\u00e7meyen birle\u015fik<\/p>\n","protected":false},"author":1,"featured_media":0,"parent":0,"menu_order":0,"comment_status":"closed","ping_status":"closed","template":"","meta":{"inline_featured_image":false,"footnotes":""},"class_list":["post-2181","page","type-page","status-publish","hentry"],"_links":{"self":[{"href":"https:\/\/kizilayismakinelerikursu.com\/index.php\/wp-json\/wp\/v2\/pages\/2181","targetHints":{"allow":["GET"]}}],"collection":[{"href":"https:\/\/kizilayismakinelerikursu.com\/index.php\/wp-json\/wp\/v2\/pages"}],"about":[{"href":"https:\/\/kizilayismakinelerikursu.com\/index.php\/wp-json\/wp\/v2\/types\/page"}],"author":[{"embeddable":true,"href":"https:\/\/kizilayismakinelerikursu.com\/index.php\/wp-json\/wp\/v2\/users\/1"}],"replies":[{"embeddable":true,"href":"https:\/\/kizilayismakinelerikursu.com\/index.php\/wp-json\/wp\/v2\/comments?post=2181"}],"version-history":[{"count":0,"href":"https:\/\/kizilayismakinelerikursu.com\/index.php\/wp-json\/wp\/v2\/pages\/2181\/revisions"}],"wp:attachment":[{"href":"https:\/\/kizilayismakinelerikursu.com\/index.php\/wp-json\/wp\/v2\/media?parent=2181"}],"curies":[{"name":"wp","href":"https:\/\/api.w.org\/{rel}","templated":true}]}}