{"id":2165,"date":"2023-02-24T20:31:42","date_gmt":"2023-02-24T17:31:42","guid":{"rendered":"https:\/\/kizilayismakinelerikursu.com\/?page_id=2165"},"modified":"2023-02-24T20:31:42","modified_gmt":"2023-02-24T17:31:42","slug":"be-sinifi-surucu-belgesi","status":"publish","type":"page","link":"https:\/\/kizilayismakinelerikursu.com\/index.php\/be-sinifi-surucu-belgesi\/","title":{"rendered":"BE s\u0131n\u0131f\u0131 s\u00fcr\u00fcc\u00fc belgesi"},"content":{"rendered":"\t\t<div data-elementor-type=\"wp-page\" data-elementor-id=\"2165\" class=\"elementor elementor-2165\">\n\t\t\t\t\t\t<section class=\"elementor-section elementor-top-section elementor-element elementor-element-3ddf095 elementor-section-boxed elementor-section-height-default elementor-section-height-default\" data-id=\"3ddf095\" data-element_type=\"section\">\n\t\t\t\t\t\t<div class=\"elementor-container elementor-column-gap-default\">\n\t\t\t\t\t<div class=\"elementor-column elementor-col-100 elementor-top-column elementor-element elementor-element-8c6b026\" data-id=\"8c6b026\" data-element_type=\"column\">\n\t\t\t<div class=\"elementor-widget-wrap elementor-element-populated\">\n\t\t\t\t\t\t<div class=\"elementor-element elementor-element-3b7f9de elementor-widget elementor-widget-heading\" data-id=\"3b7f9de\" data-element_type=\"widget\" data-widget_type=\"heading.default\">\n\t\t\t\t<div class=\"elementor-widget-container\">\n\t\t\t<style>\/*! elementor - v3.21.0 - 18-04-2024 *\/\n.elementor-heading-title{padding:0;margin:0;line-height:1}.elementor-widget-heading .elementor-heading-title[class*=elementor-size-]>a{color:inherit;font-size:inherit;line-height:inherit}.elementor-widget-heading .elementor-heading-title.elementor-size-small{font-size:15px}.elementor-widget-heading .elementor-heading-title.elementor-size-medium{font-size:19px}.elementor-widget-heading .elementor-heading-title.elementor-size-large{font-size:29px}.elementor-widget-heading .elementor-heading-title.elementor-size-xl{font-size:39px}.elementor-widget-heading .elementor-heading-title.elementor-size-xxl{font-size:59px}<\/style><h2 class=\"elementor-heading-title elementor-size-default\">BE s\u0131n\u0131f\u0131 s\u00fcr\u00fcc\u00fc belgesi<\/h2>\t\t<\/div>\n\t\t\t\t<\/div>\n\t\t\t\t\t<\/div>\n\t\t<\/div>\n\t\t\t\t\t<\/div>\n\t\t<\/section>\n\t\t\t\t<section class=\"elementor-section elementor-top-section elementor-element elementor-element-9c07a2e elementor-section-boxed elementor-section-height-default elementor-section-height-default\" data-id=\"9c07a2e\" data-element_type=\"section\">\n\t\t\t\t\t\t<div class=\"elementor-container elementor-column-gap-default\">\n\t\t\t\t\t<div class=\"elementor-column elementor-col-100 elementor-top-column elementor-element elementor-element-b1c7cc9\" data-id=\"b1c7cc9\" data-element_type=\"column\">\n\t\t\t<div class=\"elementor-widget-wrap elementor-element-populated\">\n\t\t\t\t\t\t<div class=\"elementor-element elementor-element-bb2e118 elementor-widget elementor-widget-image\" data-id=\"bb2e118\" data-element_type=\"widget\" data-widget_type=\"image.default\">\n\t\t\t\t<div class=\"elementor-widget-container\">\n\t\t\t<style>\/*! elementor - v3.21.0 - 18-04-2024 *\/\n.elementor-widget-image{text-align:center}.elementor-widget-image a{display:inline-block}.elementor-widget-image a img[src$=\".svg\"]{width:48px}.elementor-widget-image img{vertical-align:middle;display:inline-block}<\/style>\t\t\t\t\t\t\t\t\t\t<img decoding=\"async\" src=\"https:\/\/kizilayismakinelerikursu.com\/wp-content\/uploads\/2023\/02\/B-sinifi-surucu-belgesi-2.jpg\" title=\"\" alt=\"\" loading=\"lazy\" \/>\t\t\t\t\t\t\t\t\t\t\t\t\t<\/div>\n\t\t\t\t<\/div>\n\t\t\t\t\t<\/div>\n\t\t<\/div>\n\t\t\t\t\t<\/div>\n\t\t<\/section>\n\t\t\t\t<section class=\"elementor-section elementor-top-section elementor-element elementor-element-d50f4a8 elementor-section-boxed elementor-section-height-default elementor-section-height-default\" data-id=\"d50f4a8\" data-element_type=\"section\">\n\t\t\t\t\t\t<div class=\"elementor-container elementor-column-gap-default\">\n\t\t\t\t\t<div class=\"elementor-column elementor-col-100 elementor-top-column elementor-element elementor-element-5a32f35\" data-id=\"5a32f35\" data-element_type=\"column\">\n\t\t\t<div class=\"elementor-widget-wrap elementor-element-populated\">\n\t\t\t\t\t\t<div class=\"elementor-element elementor-element-ad45fc0 elementor-widget elementor-widget-text-editor\" data-id=\"ad45fc0\" data-element_type=\"widget\" data-widget_type=\"text-editor.default\">\n\t\t\t\t<div class=\"elementor-widget-container\">\n\t\t\t<style>\/*! elementor - v3.21.0 - 18-04-2024 *\/\n.elementor-widget-text-editor.elementor-drop-cap-view-stacked .elementor-drop-cap{background-color:#69727d;color:#fff}.elementor-widget-text-editor.elementor-drop-cap-view-framed .elementor-drop-cap{color:#69727d;border:3px solid;background-color:transparent}.elementor-widget-text-editor:not(.elementor-drop-cap-view-default) .elementor-drop-cap{margin-top:8px}.elementor-widget-text-editor:not(.elementor-drop-cap-view-default) .elementor-drop-cap-letter{width:1em;height:1em}.elementor-widget-text-editor .elementor-drop-cap{float:left;text-align:center;line-height:1;font-size:50px}.elementor-widget-text-editor .elementor-drop-cap-letter{display:inline-block}<\/style>\t\t\t\t<h4 style=\"font-family: Montserrat; font-weight: 500; line-height: 24px; color: #595959; margin-bottom: 12px; font-size: 24px; width: 1140px; vertical-align: bottom; word-break: break-word; letter-spacing: normal;\"><span style=\"color: #ff0000;\"><span style=\"font-weight: bold;\">BE s\u0131n\u0131f s\u00fcr\u00fcc\u00fc belgesi nedir? BE i\u00e7in ya\u015f s\u0131n\u0131r\u0131 ka\u00e7t\u0131r? BE s\u0131n\u0131f\u0131 belgeye sahip s\u00fcr\u00fcc\u00fcler hangi ara\u00e7lar\u0131 kullanabilir?<\/span><\/span><\/h4><p style=\"margin-bottom: 0px; padding: 0px 0px 12px; color: #959595; font-family: 'Open Sans'; font-size: 15px;\"><span style=\"font-weight: bold;\">B s\u0131n\u0131f\u0131 s\u00fcr\u00fcc\u00fc belge ile kullan\u0131lan ara\u00e7larda r\u00f6morklu y\u00fck ta\u015f\u0131mac\u0131l\u0131\u011f\u0131 yapanlara verilir.\u00a0 R\u00f6mork veya yar\u0131 r\u00f6morkun y\u00fckl\u00fc a\u011f\u0131rl\u0131\u011f\u0131n\u0131n 3.500 kg\u2019\u0131 ge\u00e7memesi esast\u0131r.<\/span><\/p><p style=\"margin-bottom: 0px; padding: 0px 0px 12px; color: #959595; font-family: 'Open Sans'; font-size: 15px;\"><span style=\"font-weight: bold;\">Ya\u015f s\u0131n\u0131r\u0131 18 olarak belirlemi\u015ftir.<\/span><\/p><p style=\"margin-bottom: 0px; padding: 0px 0px 12px; color: #959595; font-family: 'Open Sans'; font-size: 15px;\"><span style=\"font-weight: bold;\">M, B1, B ve F s\u0131n\u0131f\u0131 ara\u00e7lar\u0131 kullanabilirler.<\/span><\/p><p style=\"margin-bottom: 0px; padding: 0px 0px 12px; color: #959595; font-family: 'Open Sans'; font-size: 15px;\"><span style=\"color: #0000ff;\"><span style=\"font-weight: bold;\">B grubu ehliyeti olmayan BE grubuna ba\u015fvuramaz. B ve BE grubunun ya\u015f s\u0131n\u0131r\u0131 ayn\u0131. Bu durumda B ald\u0131ktan hemen sonra BE al\u0131nabilir. \u00c7\u00fcnk\u00fc y\u00f6netmelikte belli bir zaman \u201cdeneyim gerekiyor\u201d \u015fart\u0131 ko\u015fulmam\u0131\u015ft\u0131r.<\/span><\/span><\/p>\t\t\t\t\t\t<\/div>\n\t\t\t\t<\/div>\n\t\t\t\t\t<\/div>\n\t\t<\/div>\n\t\t\t\t\t<\/div>\n\t\t<\/section>\n\t\t\t\t<\/div>\n\t\t\n    <div class=\"xs_social_share_widget xs_share_url after_content \t\tmain_content  wslu-style-1 wslu-share-box-shaped wslu-fill-colored wslu-none wslu-share-horizontal wslu-theme-font-no wslu-main_content\">\n\n\t\t\n        <ul>\n\t\t\t        <\/ul>\n    <\/div> \n","protected":false},"excerpt":{"rendered":"<p>BE s\u0131n\u0131f\u0131 s\u00fcr\u00fcc\u00fc belgesi BE s\u0131n\u0131f s\u00fcr\u00fcc\u00fc belgesi nedir? BE i\u00e7in ya\u015f s\u0131n\u0131r\u0131 ka\u00e7t\u0131r? BE s\u0131n\u0131f\u0131 belgeye sahip s\u00fcr\u00fcc\u00fcler hangi ara\u00e7lar\u0131 kullanabilir? B s\u0131n\u0131f\u0131 s\u00fcr\u00fcc\u00fc belge ile kullan\u0131lan ara\u00e7larda r\u00f6morklu y\u00fck ta\u015f\u0131mac\u0131l\u0131\u011f\u0131 yapanlara verilir.\u00a0 R\u00f6mork veya yar\u0131 r\u00f6morkun y\u00fckl\u00fc a\u011f\u0131rl\u0131\u011f\u0131n\u0131n 3.500 kg\u2019\u0131 ge\u00e7memesi esast\u0131r. Ya\u015f s\u0131n\u0131r\u0131 18 olarak belirlemi\u015ftir. M,<\/p>\n","protected":false},"author":1,"featured_media":0,"parent":0,"menu_order":0,"comment_status":"closed","ping_status":"closed","template":"","meta":{"inline_featured_image":false,"footnotes":""},"class_list":["post-2165","page","type-page","status-publish","hentry"],"_links":{"self":[{"href":"https:\/\/kizilayismakinelerikursu.com\/index.php\/wp-json\/wp\/v2\/pages\/2165","targetHints":{"allow":["GET"]}}],"collection":[{"href":"https:\/\/kizilayismakinelerikursu.com\/index.php\/wp-json\/wp\/v2\/pages"}],"about":[{"href":"https:\/\/kizilayismakinelerikursu.com\/index.php\/wp-json\/wp\/v2\/types\/page"}],"author":[{"embeddable":true,"href":"https:\/\/kizilayismakinelerikursu.com\/index.php\/wp-json\/wp\/v2\/users\/1"}],"replies":[{"embeddable":true,"href":"https:\/\/kizilayismakinelerikursu.com\/index.php\/wp-json\/wp\/v2\/comments?post=2165"}],"version-history":[{"count":0,"href":"https:\/\/kizilayismakinelerikursu.com\/index.php\/wp-json\/wp\/v2\/pages\/2165\/revisions"}],"wp:attachment":[{"href":"https:\/\/kizilayismakinelerikursu.com\/index.php\/wp-json\/wp\/v2\/media?parent=2165"}],"curies":[{"name":"wp","href":"https:\/\/api.w.org\/{rel}","templated":true}]}}