{"id":2159,"date":"2023-02-24T20:19:56","date_gmt":"2023-02-24T17:19:56","guid":{"rendered":"https:\/\/kizilayismakinelerikursu.com\/?page_id=2159"},"modified":"2023-02-24T20:19:56","modified_gmt":"2023-02-24T17:19:56","slug":"b1-sinifi-surucu-belgesi","status":"publish","type":"page","link":"https:\/\/kizilayismakinelerikursu.com\/index.php\/b1-sinifi-surucu-belgesi\/","title":{"rendered":"B1 s\u0131n\u0131f\u0131 s\u00fcr\u00fcc\u00fc belgesi"},"content":{"rendered":"\t\t<div data-elementor-type=\"wp-page\" data-elementor-id=\"2159\" class=\"elementor elementor-2159\">\n\t\t\t\t\t\t<section class=\"elementor-section elementor-top-section elementor-element elementor-element-4c54ced elementor-section-boxed elementor-section-height-default elementor-section-height-default\" data-id=\"4c54ced\" data-element_type=\"section\">\n\t\t\t\t\t\t<div class=\"elementor-container elementor-column-gap-default\">\n\t\t\t\t\t<div class=\"elementor-column elementor-col-100 elementor-top-column elementor-element elementor-element-6080c97\" data-id=\"6080c97\" data-element_type=\"column\">\n\t\t\t<div class=\"elementor-widget-wrap elementor-element-populated\">\n\t\t\t\t\t\t<div class=\"elementor-element elementor-element-4d3d463 elementor-widget elementor-widget-heading\" data-id=\"4d3d463\" data-element_type=\"widget\" data-widget_type=\"heading.default\">\n\t\t\t\t<div class=\"elementor-widget-container\">\n\t\t\t<style>\/*! elementor - v3.21.0 - 18-04-2024 *\/\n.elementor-heading-title{padding:0;margin:0;line-height:1}.elementor-widget-heading .elementor-heading-title[class*=elementor-size-]>a{color:inherit;font-size:inherit;line-height:inherit}.elementor-widget-heading .elementor-heading-title.elementor-size-small{font-size:15px}.elementor-widget-heading .elementor-heading-title.elementor-size-medium{font-size:19px}.elementor-widget-heading .elementor-heading-title.elementor-size-large{font-size:29px}.elementor-widget-heading .elementor-heading-title.elementor-size-xl{font-size:39px}.elementor-widget-heading .elementor-heading-title.elementor-size-xxl{font-size:59px}<\/style><h2 class=\"elementor-heading-title elementor-size-default\">B1 s\u0131n\u0131f\u0131 s\u00fcr\u00fcc\u00fc belgesi<\/h2>\t\t<\/div>\n\t\t\t\t<\/div>\n\t\t\t\t\t<\/div>\n\t\t<\/div>\n\t\t\t\t\t<\/div>\n\t\t<\/section>\n\t\t\t\t<section class=\"elementor-section elementor-top-section elementor-element elementor-element-3b95742 elementor-section-boxed elementor-section-height-default elementor-section-height-default\" data-id=\"3b95742\" data-element_type=\"section\">\n\t\t\t\t\t\t<div class=\"elementor-container elementor-column-gap-default\">\n\t\t\t\t\t<div class=\"elementor-column elementor-col-100 elementor-top-column elementor-element elementor-element-05c8ece\" data-id=\"05c8ece\" data-element_type=\"column\">\n\t\t\t<div class=\"elementor-widget-wrap elementor-element-populated\">\n\t\t\t\t\t\t<div class=\"elementor-element elementor-element-e8ad12d elementor-widget elementor-widget-image\" data-id=\"e8ad12d\" data-element_type=\"widget\" data-widget_type=\"image.default\">\n\t\t\t\t<div class=\"elementor-widget-container\">\n\t\t\t<style>\/*! elementor - v3.21.0 - 18-04-2024 *\/\n.elementor-widget-image{text-align:center}.elementor-widget-image a{display:inline-block}.elementor-widget-image a img[src$=\".svg\"]{width:48px}.elementor-widget-image img{vertical-align:middle;display:inline-block}<\/style>\t\t\t\t\t\t\t\t\t\t<img decoding=\"async\" src=\"https:\/\/kizilayismakinelerikursu.com\/wp-content\/uploads\/2023\/02\/B-sinifi-surucu-belgesi-1.jpg\" title=\"\" alt=\"\" loading=\"lazy\" \/>\t\t\t\t\t\t\t\t\t\t\t\t\t<\/div>\n\t\t\t\t<\/div>\n\t\t\t\t\t<\/div>\n\t\t<\/div>\n\t\t\t\t\t<\/div>\n\t\t<\/section>\n\t\t\t\t<section class=\"elementor-section elementor-top-section elementor-element elementor-element-0050df4 elementor-section-boxed elementor-section-height-default elementor-section-height-default\" data-id=\"0050df4\" data-element_type=\"section\">\n\t\t\t\t\t\t<div class=\"elementor-container elementor-column-gap-default\">\n\t\t\t\t\t<div class=\"elementor-column elementor-col-100 elementor-top-column elementor-element elementor-element-63c9f98\" data-id=\"63c9f98\" data-element_type=\"column\">\n\t\t\t<div class=\"elementor-widget-wrap elementor-element-populated\">\n\t\t\t\t\t\t<div class=\"elementor-element elementor-element-b6c1d9f elementor-widget elementor-widget-text-editor\" data-id=\"b6c1d9f\" data-element_type=\"widget\" data-widget_type=\"text-editor.default\">\n\t\t\t\t<div class=\"elementor-widget-container\">\n\t\t\t<style>\/*! elementor - v3.21.0 - 18-04-2024 *\/\n.elementor-widget-text-editor.elementor-drop-cap-view-stacked .elementor-drop-cap{background-color:#69727d;color:#fff}.elementor-widget-text-editor.elementor-drop-cap-view-framed .elementor-drop-cap{color:#69727d;border:3px solid;background-color:transparent}.elementor-widget-text-editor:not(.elementor-drop-cap-view-default) .elementor-drop-cap{margin-top:8px}.elementor-widget-text-editor:not(.elementor-drop-cap-view-default) .elementor-drop-cap-letter{width:1em;height:1em}.elementor-widget-text-editor .elementor-drop-cap{float:left;text-align:center;line-height:1;font-size:50px}.elementor-widget-text-editor .elementor-drop-cap-letter{display:inline-block}<\/style>\t\t\t\t<h4><strong>B1 s\u0131n\u0131f\u0131 s\u00fcr\u00fcc\u00fc belgesi nedir? B1 i\u00e7in ya\u015f s\u0131n\u0131r\u0131 ka\u00e7t\u0131r?<\/strong><\/h4><p><strong>Normal B grubuyla kar\u0131\u015ft\u0131r\u0131lmamal\u0131d\u0131r.<\/strong><\/p><p><strong>Motor g\u00fcc\u00fc 15 kv\u2019yi ge\u00e7meyen ve a\u011f\u0131rl\u0131\u011f\u0131 400 kg\u2019dan fazla olmayan d\u00f6rt tekerlikli motosikletleri kullanacaklara verilir.<\/strong><\/p><p><strong>Y\u00fck ta\u015f\u0131mac\u0131l\u0131\u011f\u0131nda kullan\u0131lmas\u0131 durumunda net a\u011f\u0131rl\u0131\u011f\u0131 550 kg\u2019\u0131 a\u015fmayan d\u00f6rt tekerlikli motosikletleri kapsar.<\/strong><\/p><p><strong>Elektrik ile \u00e7al\u0131\u015fanlarda kg hesab\u0131nda bataryalar dahil edilmez.<\/strong><\/p><p><strong>Ya\u015f s\u0131n\u0131r 16\u2019d\u0131r ve sadece M s\u0131n\u0131f\u0131 s\u00fcr\u00fcc\u00fc belgesiyle kullan\u0131labilecek ara\u00e7lar\u0131 kullanabilir.<\/strong><\/p>\t\t\t\t\t\t<\/div>\n\t\t\t\t<\/div>\n\t\t\t\t\t<\/div>\n\t\t<\/div>\n\t\t\t\t\t<\/div>\n\t\t<\/section>\n\t\t\t\t<\/div>\n\t\t\n    <div class=\"xs_social_share_widget xs_share_url after_content \t\tmain_content  wslu-style-1 wslu-share-box-shaped wslu-fill-colored wslu-none wslu-share-horizontal wslu-theme-font-no wslu-main_content\">\n\n\t\t\n        <ul>\n\t\t\t        <\/ul>\n    <\/div> \n","protected":false},"excerpt":{"rendered":"<p>B1 s\u0131n\u0131f\u0131 s\u00fcr\u00fcc\u00fc belgesi B1 s\u0131n\u0131f\u0131 s\u00fcr\u00fcc\u00fc belgesi nedir? B1 i\u00e7in ya\u015f s\u0131n\u0131r\u0131 ka\u00e7t\u0131r? Normal B grubuyla kar\u0131\u015ft\u0131r\u0131lmamal\u0131d\u0131r. Motor g\u00fcc\u00fc 15 kv\u2019yi ge\u00e7meyen ve a\u011f\u0131rl\u0131\u011f\u0131 400 kg\u2019dan fazla olmayan d\u00f6rt tekerlikli motosikletleri kullanacaklara verilir. Y\u00fck ta\u015f\u0131mac\u0131l\u0131\u011f\u0131nda kullan\u0131lmas\u0131 durumunda net a\u011f\u0131rl\u0131\u011f\u0131 550 kg\u2019\u0131 a\u015fmayan d\u00f6rt tekerlikli motosikletleri kapsar. Elektrik ile \u00e7al\u0131\u015fanlarda<\/p>\n","protected":false},"author":1,"featured_media":0,"parent":0,"menu_order":0,"comment_status":"closed","ping_status":"closed","template":"","meta":{"inline_featured_image":false,"footnotes":""},"class_list":["post-2159","page","type-page","status-publish","hentry"],"_links":{"self":[{"href":"https:\/\/kizilayismakinelerikursu.com\/index.php\/wp-json\/wp\/v2\/pages\/2159","targetHints":{"allow":["GET"]}}],"collection":[{"href":"https:\/\/kizilayismakinelerikursu.com\/index.php\/wp-json\/wp\/v2\/pages"}],"about":[{"href":"https:\/\/kizilayismakinelerikursu.com\/index.php\/wp-json\/wp\/v2\/types\/page"}],"author":[{"embeddable":true,"href":"https:\/\/kizilayismakinelerikursu.com\/index.php\/wp-json\/wp\/v2\/users\/1"}],"replies":[{"embeddable":true,"href":"https:\/\/kizilayismakinelerikursu.com\/index.php\/wp-json\/wp\/v2\/comments?post=2159"}],"version-history":[{"count":0,"href":"https:\/\/kizilayismakinelerikursu.com\/index.php\/wp-json\/wp\/v2\/pages\/2159\/revisions"}],"wp:attachment":[{"href":"https:\/\/kizilayismakinelerikursu.com\/index.php\/wp-json\/wp\/v2\/media?parent=2159"}],"curies":[{"name":"wp","href":"https:\/\/api.w.org\/{rel}","templated":true}]}}