{"id":2135,"date":"2023-02-24T20:05:25","date_gmt":"2023-02-24T17:05:25","guid":{"rendered":"https:\/\/kizilayismakinelerikursu.com\/?page_id=2135"},"modified":"2023-02-24T20:05:25","modified_gmt":"2023-02-24T17:05:25","slug":"a-sinifi-surucu-belgesi","status":"publish","type":"page","link":"https:\/\/kizilayismakinelerikursu.com\/index.php\/a-sinifi-surucu-belgesi\/","title":{"rendered":"A s\u0131n\u0131f\u0131 s\u00fcr\u00fcc\u00fc belgesi"},"content":{"rendered":"\t\t<div data-elementor-type=\"wp-page\" data-elementor-id=\"2135\" class=\"elementor elementor-2135\">\n\t\t\t\t\t\t<section class=\"elementor-section elementor-top-section elementor-element elementor-element-076d5d3 elementor-section-boxed elementor-section-height-default elementor-section-height-default\" data-id=\"076d5d3\" data-element_type=\"section\">\n\t\t\t\t\t\t<div class=\"elementor-container elementor-column-gap-default\">\n\t\t\t\t\t<div class=\"elementor-column elementor-col-100 elementor-top-column elementor-element elementor-element-a1d120a\" data-id=\"a1d120a\" data-element_type=\"column\">\n\t\t\t<div class=\"elementor-widget-wrap elementor-element-populated\">\n\t\t\t\t\t\t<div class=\"elementor-element elementor-element-02c1cee elementor-widget elementor-widget-heading\" data-id=\"02c1cee\" data-element_type=\"widget\" data-widget_type=\"heading.default\">\n\t\t\t\t<div class=\"elementor-widget-container\">\n\t\t\t<style>\/*! elementor - v3.21.0 - 18-04-2024 *\/\n.elementor-heading-title{padding:0;margin:0;line-height:1}.elementor-widget-heading .elementor-heading-title[class*=elementor-size-]>a{color:inherit;font-size:inherit;line-height:inherit}.elementor-widget-heading .elementor-heading-title.elementor-size-small{font-size:15px}.elementor-widget-heading .elementor-heading-title.elementor-size-medium{font-size:19px}.elementor-widget-heading .elementor-heading-title.elementor-size-large{font-size:29px}.elementor-widget-heading .elementor-heading-title.elementor-size-xl{font-size:39px}.elementor-widget-heading .elementor-heading-title.elementor-size-xxl{font-size:59px}<\/style><h2 class=\"elementor-heading-title elementor-size-default\">A s\u0131n\u0131f\u0131 s\u00fcr\u00fcc\u00fc belgesi<\/h2>\t\t<\/div>\n\t\t\t\t<\/div>\n\t\t\t\t\t<\/div>\n\t\t<\/div>\n\t\t\t\t\t<\/div>\n\t\t<\/section>\n\t\t\t\t<section class=\"elementor-section elementor-top-section elementor-element elementor-element-0d19d84 elementor-section-boxed elementor-section-height-default elementor-section-height-default\" data-id=\"0d19d84\" data-element_type=\"section\">\n\t\t\t\t\t\t<div class=\"elementor-container elementor-column-gap-default\">\n\t\t\t\t\t<div class=\"elementor-column elementor-col-100 elementor-top-column elementor-element elementor-element-8dc357a\" data-id=\"8dc357a\" data-element_type=\"column\">\n\t\t\t<div class=\"elementor-widget-wrap elementor-element-populated\">\n\t\t\t\t\t\t<div class=\"elementor-element elementor-element-7c75a57 elementor-widget elementor-widget-image\" data-id=\"7c75a57\" data-element_type=\"widget\" data-widget_type=\"image.default\">\n\t\t\t\t<div class=\"elementor-widget-container\">\n\t\t\t<style>\/*! elementor - v3.21.0 - 18-04-2024 *\/\n.elementor-widget-image{text-align:center}.elementor-widget-image a{display:inline-block}.elementor-widget-image a img[src$=\".svg\"]{width:48px}.elementor-widget-image img{vertical-align:middle;display:inline-block}<\/style>\t\t\t\t\t\t\t\t\t\t<img decoding=\"async\" src=\"https:\/\/kizilayismakinelerikursu.com\/wp-content\/uploads\/2023\/02\/A-sinifi-ehliyet.jpeg\" title=\"\" alt=\"\" loading=\"lazy\" \/>\t\t\t\t\t\t\t\t\t\t\t\t\t<\/div>\n\t\t\t\t<\/div>\n\t\t\t\t\t<\/div>\n\t\t<\/div>\n\t\t\t\t\t<\/div>\n\t\t<\/section>\n\t\t\t\t<section class=\"elementor-section elementor-top-section elementor-element elementor-element-4758add elementor-section-boxed elementor-section-height-default elementor-section-height-default\" data-id=\"4758add\" data-element_type=\"section\">\n\t\t\t\t\t\t<div class=\"elementor-container elementor-column-gap-default\">\n\t\t\t\t\t<div class=\"elementor-column elementor-col-100 elementor-top-column elementor-element elementor-element-98d935a\" data-id=\"98d935a\" data-element_type=\"column\">\n\t\t\t<div class=\"elementor-widget-wrap elementor-element-populated\">\n\t\t\t\t\t\t<div class=\"elementor-element elementor-element-0cedf05 elementor-widget elementor-widget-text-editor\" data-id=\"0cedf05\" data-element_type=\"widget\" data-widget_type=\"text-editor.default\">\n\t\t\t\t<div class=\"elementor-widget-container\">\n\t\t\t<style>\/*! elementor - v3.21.0 - 18-04-2024 *\/\n.elementor-widget-text-editor.elementor-drop-cap-view-stacked .elementor-drop-cap{background-color:#69727d;color:#fff}.elementor-widget-text-editor.elementor-drop-cap-view-framed .elementor-drop-cap{color:#69727d;border:3px solid;background-color:transparent}.elementor-widget-text-editor:not(.elementor-drop-cap-view-default) .elementor-drop-cap{margin-top:8px}.elementor-widget-text-editor:not(.elementor-drop-cap-view-default) .elementor-drop-cap-letter{width:1em;height:1em}.elementor-widget-text-editor .elementor-drop-cap{float:left;text-align:center;line-height:1;font-size:50px}.elementor-widget-text-editor .elementor-drop-cap-letter{display:inline-block}<\/style>\t\t\t\t<h4><strong>A s\u0131n\u0131f\u0131 s\u00fcr\u00fcc\u00fc belgesi nedir? A i\u00e7in ya\u015f s\u0131n\u0131r\u0131 ka\u00e7t\u0131r? Deneyim \u015fart\u0131 var m\u0131?<\/strong><\/h4><p>2 Tekerlikli motosikletler i\u00e7in:<\/p><p>G\u00fc\u00e7 s\u0131n\u0131r\u0131\u00a0<strong>35 kv(kilovat)<\/strong>\u00a0\u00fcst\u00fc olan motosikletleri kullanacaklara verilir. G\u00fc\u00e7, a\u011f\u0131rl\u0131k oran\u0131<strong>\u00a00,2\u2019yi ge\u00e7en<\/strong>\u00a0motosikletler A s\u0131n\u0131f\u0131na girer.<\/p><p>Sepetli veya sepetsiz olabilir.<\/p><p>\u0130ki tekerlekliler i\u00e7in ya\u015f s\u0131n\u0131r\u0131 20\u2019dir.<\/p><p>3 tekerlikli olup g\u00fcc\u00fc 35 kv(kilovat) a\u015fan motosiklet t\u00fcrleri i\u00e7in de ge\u00e7erlidir.<\/p><p>\u00dc\u00e7 tekerlikliler i\u00e7in ya\u015f s\u0131n\u0131r\u0131 21\u2019idr.<\/p><p>A s\u0131n\u0131f\u0131 belge alacaklar\u0131n en az\u00a0<strong>iki y\u0131ll\u0131k A2<\/strong>\u00a0s\u0131n\u0131f\u0131 deneyimlerinin olmas\u0131 gerekmektedir.<\/p><p>Fakat\u00a0<strong>24 ya\u015f\u0131n\u0131<\/strong>\u00a0doldurmu\u015f bir ki\u015fi\u00a0<strong>ko\u015fulsuz olarak<\/strong>\u00a0bu ehliyet s\u0131n\u0131f\u0131 i\u00e7in ba\u015fvuruda bulunabilir.<\/p><p>M, A1 ve A2 s\u0131n\u0131f\u0131 ara\u00e7lar\u0131 kullanabildikleri i\u00e7in her t\u00fcrl\u00fc motosiklet ve MOPED\u2019leri kullanabilir.\u00a0<strong>En avantajl\u0131 ehliyet s\u0131n\u0131f\u0131 budur.<\/strong><\/p><p>Y\u00f6netmelikte:<\/p><p><strong>\u201cG\u00fcc\u00fc 35 kilovat\u0131 ve g\u00fcc\u00fcn\u00fcn a\u011f\u0131rl\u0131\u011f\u0131na oran\u0131 0,2\u2019yi ge\u00e7en iki tekerlekli motosiklet \u015feklinde ifade edilir.\u201d<\/strong><\/p>\t\t\t\t\t\t<\/div>\n\t\t\t\t<\/div>\n\t\t\t\t\t<\/div>\n\t\t<\/div>\n\t\t\t\t\t<\/div>\n\t\t<\/section>\n\t\t\t\t<\/div>\n\t\t\n    <div class=\"xs_social_share_widget xs_share_url after_content \t\tmain_content  wslu-style-1 wslu-share-box-shaped wslu-fill-colored wslu-none wslu-share-horizontal wslu-theme-font-no wslu-main_content\">\n\n\t\t\n        <ul>\n\t\t\t        <\/ul>\n    <\/div> \n","protected":false},"excerpt":{"rendered":"<p>A s\u0131n\u0131f\u0131 s\u00fcr\u00fcc\u00fc belgesi A s\u0131n\u0131f\u0131 s\u00fcr\u00fcc\u00fc belgesi nedir? A i\u00e7in ya\u015f s\u0131n\u0131r\u0131 ka\u00e7t\u0131r? Deneyim \u015fart\u0131 var m\u0131? 2 Tekerlikli motosikletler i\u00e7in: G\u00fc\u00e7 s\u0131n\u0131r\u0131\u00a035 kv(kilovat)\u00a0\u00fcst\u00fc olan motosikletleri kullanacaklara verilir. G\u00fc\u00e7, a\u011f\u0131rl\u0131k oran\u0131\u00a00,2\u2019yi ge\u00e7en\u00a0motosikletler A s\u0131n\u0131f\u0131na girer. Sepetli veya sepetsiz olabilir. \u0130ki tekerlekliler i\u00e7in ya\u015f s\u0131n\u0131r\u0131 20\u2019dir. 3 tekerlikli olup g\u00fcc\u00fc<\/p>\n","protected":false},"author":1,"featured_media":0,"parent":0,"menu_order":0,"comment_status":"closed","ping_status":"closed","template":"","meta":{"inline_featured_image":false,"footnotes":""},"class_list":["post-2135","page","type-page","status-publish","hentry"],"_links":{"self":[{"href":"https:\/\/kizilayismakinelerikursu.com\/index.php\/wp-json\/wp\/v2\/pages\/2135","targetHints":{"allow":["GET"]}}],"collection":[{"href":"https:\/\/kizilayismakinelerikursu.com\/index.php\/wp-json\/wp\/v2\/pages"}],"about":[{"href":"https:\/\/kizilayismakinelerikursu.com\/index.php\/wp-json\/wp\/v2\/types\/page"}],"author":[{"embeddable":true,"href":"https:\/\/kizilayismakinelerikursu.com\/index.php\/wp-json\/wp\/v2\/users\/1"}],"replies":[{"embeddable":true,"href":"https:\/\/kizilayismakinelerikursu.com\/index.php\/wp-json\/wp\/v2\/comments?post=2135"}],"version-history":[{"count":0,"href":"https:\/\/kizilayismakinelerikursu.com\/index.php\/wp-json\/wp\/v2\/pages\/2135\/revisions"}],"wp:attachment":[{"href":"https:\/\/kizilayismakinelerikursu.com\/index.php\/wp-json\/wp\/v2\/media?parent=2135"}],"curies":[{"name":"wp","href":"https:\/\/api.w.org\/{rel}","templated":true}]}}