{"id":2119,"date":"2023-02-23T22:24:01","date_gmt":"2023-02-23T19:24:01","guid":{"rendered":"https:\/\/kizilayismakinelerikursu.com\/?page_id=2119"},"modified":"2023-02-23T22:24:01","modified_gmt":"2023-02-23T19:24:01","slug":"beton-mikseri","status":"publish","type":"page","link":"https:\/\/kizilayismakinelerikursu.com\/index.php\/beton-mikseri\/","title":{"rendered":"BETON M\u0130KSER\u0130"},"content":{"rendered":"\t\t<div data-elementor-type=\"wp-page\" data-elementor-id=\"2119\" class=\"elementor elementor-2119\">\n\t\t\t\t\t\t<section class=\"elementor-section elementor-top-section elementor-element elementor-element-8379587 elementor-section-boxed elementor-section-height-default elementor-section-height-default\" data-id=\"8379587\" data-element_type=\"section\">\n\t\t\t\t\t\t<div class=\"elementor-container elementor-column-gap-default\">\n\t\t\t\t\t<div class=\"elementor-column elementor-col-100 elementor-top-column elementor-element elementor-element-431863e\" data-id=\"431863e\" data-element_type=\"column\">\n\t\t\t<div class=\"elementor-widget-wrap elementor-element-populated\">\n\t\t\t\t\t\t<div class=\"elementor-element elementor-element-f6d4634 elementor-widget elementor-widget-heading\" data-id=\"f6d4634\" data-element_type=\"widget\" data-widget_type=\"heading.default\">\n\t\t\t\t<div class=\"elementor-widget-container\">\n\t\t\t<style>\/*! elementor - v3.21.0 - 18-04-2024 *\/\n.elementor-heading-title{padding:0;margin:0;line-height:1}.elementor-widget-heading .elementor-heading-title[class*=elementor-size-]>a{color:inherit;font-size:inherit;line-height:inherit}.elementor-widget-heading .elementor-heading-title.elementor-size-small{font-size:15px}.elementor-widget-heading .elementor-heading-title.elementor-size-medium{font-size:19px}.elementor-widget-heading .elementor-heading-title.elementor-size-large{font-size:29px}.elementor-widget-heading .elementor-heading-title.elementor-size-xl{font-size:39px}.elementor-widget-heading .elementor-heading-title.elementor-size-xxl{font-size:59px}<\/style><h2 class=\"elementor-heading-title elementor-size-default\">BETON M\u0130KSER\u0130<\/h2>\t\t<\/div>\n\t\t\t\t<\/div>\n\t\t\t\t\t<\/div>\n\t\t<\/div>\n\t\t\t\t\t<\/div>\n\t\t<\/section>\n\t\t\t\t<section class=\"elementor-section elementor-top-section elementor-element elementor-element-0074d0d elementor-section-boxed elementor-section-height-default elementor-section-height-default\" data-id=\"0074d0d\" data-element_type=\"section\">\n\t\t\t\t\t\t<div class=\"elementor-container elementor-column-gap-default\">\n\t\t\t\t\t<div class=\"elementor-column elementor-col-100 elementor-top-column elementor-element elementor-element-1e47fc6\" data-id=\"1e47fc6\" data-element_type=\"column\">\n\t\t\t<div class=\"elementor-widget-wrap elementor-element-populated\">\n\t\t\t\t\t\t<div class=\"elementor-element elementor-element-da29bd8 elementor-widget elementor-widget-image\" data-id=\"da29bd8\" data-element_type=\"widget\" data-widget_type=\"image.default\">\n\t\t\t\t<div class=\"elementor-widget-container\">\n\t\t\t<style>\/*! elementor - v3.21.0 - 18-04-2024 *\/\n.elementor-widget-image{text-align:center}.elementor-widget-image a{display:inline-block}.elementor-widget-image a img[src$=\".svg\"]{width:48px}.elementor-widget-image img{vertical-align:middle;display:inline-block}<\/style>\t\t\t\t\t\t\t\t\t\t<img decoding=\"async\" src=\"https:\/\/kizilayismakinelerikursu.com\/wp-content\/uploads\/2023\/02\/Beton-mikseri-1.png\" title=\"\" alt=\"\" loading=\"lazy\" \/>\t\t\t\t\t\t\t\t\t\t\t\t\t<\/div>\n\t\t\t\t<\/div>\n\t\t\t\t\t<\/div>\n\t\t<\/div>\n\t\t\t\t\t<\/div>\n\t\t<\/section>\n\t\t\t\t<section class=\"elementor-section elementor-top-section elementor-element elementor-element-87279a3 elementor-section-boxed elementor-section-height-default elementor-section-height-default\" data-id=\"87279a3\" data-element_type=\"section\">\n\t\t\t\t\t\t<div class=\"elementor-container elementor-column-gap-default\">\n\t\t\t\t\t<div class=\"elementor-column elementor-col-100 elementor-top-column elementor-element elementor-element-0478300\" data-id=\"0478300\" data-element_type=\"column\">\n\t\t\t<div class=\"elementor-widget-wrap elementor-element-populated\">\n\t\t\t\t\t\t<div class=\"elementor-element elementor-element-6d322bb elementor-widget elementor-widget-text-editor\" data-id=\"6d322bb\" data-element_type=\"widget\" data-widget_type=\"text-editor.default\">\n\t\t\t\t<div class=\"elementor-widget-container\">\n\t\t\t<style>\/*! elementor - v3.21.0 - 18-04-2024 *\/\n.elementor-widget-text-editor.elementor-drop-cap-view-stacked .elementor-drop-cap{background-color:#69727d;color:#fff}.elementor-widget-text-editor.elementor-drop-cap-view-framed .elementor-drop-cap{color:#69727d;border:3px solid;background-color:transparent}.elementor-widget-text-editor:not(.elementor-drop-cap-view-default) .elementor-drop-cap{margin-top:8px}.elementor-widget-text-editor:not(.elementor-drop-cap-view-default) .elementor-drop-cap-letter{width:1em;height:1em}.elementor-widget-text-editor .elementor-drop-cap{float:left;text-align:center;line-height:1;font-size:50px}.elementor-widget-text-editor .elementor-drop-cap-letter{display:inline-block}<\/style>\t\t\t\t<section class=\"breadcrumb-section\"><div class=\"container\"><h1 class=\"searchform\"><strong>BETON M\u0130KSER\u0130<\/strong><\/h1><\/div><\/section><div class=\"container\"><section id=\"primary\" class=\"content-full-width\"><div id=\"post-6281\" class=\"post-6281 page type-page status-publish hentry\"><div>T\u00dcRK\u0130YE HAZIR BETON B\u0130RL\u0130\u011e\u0130<\/div><div>POMPA VE TRANSM\u0130KSER OPERAT\u00d6RLER\u0130<\/div><div>KURS PROGRAMI<\/div><div>\u00a0<\/div><div>Kurs Ad\u0131: Pompa ve Transmikser Operat\u00f6rleri Geli\u015ftirme ve Uyum Kursu<\/div><div>\u00a0<\/div><div>Kurs S\u00fcresi: 4 g\u00fcn (32 saat)<\/div><div>\u00a0<\/div><div>Kursun Dayana\u011f\u0131: Mesleki ve Teknik E\u011fitim Y\u00f6netmeli\u011fi\u2019nin 71. maddesi<\/div><div>\u00a0<\/div><div>Kursun Ama\u00e7lar\u0131:<\/div><div>\u00a0<\/div><div>\uf0b7 \u0130\u015f g\u00fcvenli\u011fi kurallar\u0131 esas al\u0131narak \u00e7al\u0131\u015fma disiplini kazan\u0131lmas\u0131<\/div><div>\uf0b7 Kullan\u0131lan ara\u00e7lar\u0131n teknik \u00f6zelliklerinin bilinmesi<\/div><div>\uf0b7 Kullan\u0131lan ara\u00e7lar\u0131n bak\u0131mlar\u0131n\u0131n \u00f6\u011frenilmesi<\/div><div>\uf0b7 \u0130leri ve g\u00fcvenli s\u00fcr\u00fc\u015f tekniklerinin \u00f6\u011frenilmesi<\/div><div>\uf0b7 \u0130lkyard\u0131m kurallar\u0131n\u0131n \u00f6\u011frenilmesi<\/div><div>\uf0b7 Trafik kurallar\u0131n\u0131n tekrar g\u00f6zden ge\u00e7irilmesi<\/div><div>\uf0b7 Beton hakk\u0131nda temel bilgiler \u00f6\u011frenilmesi<\/div><div>\uf0b7 Lastik kullan\u0131m\u0131 hakk\u0131nda bilgi verilmesi<\/div><div>\uf0b7 MYK(Mesleki Yeterlilik Kurumu) taraf\u0131ndan THBB\u2019ye haz\u0131rlat\u0131lan Pompa Operat\u00f6rleri Meslek<\/div><div>Standard\u0131na uygun personel e\u011fitilmesi<\/div><div>\u00a0<\/div><div>Kursun \u0130\u015fleni\u015fi:<\/div><div>\u00a0<\/div><div>\uf0b7 Kurs 4 i\u015f g\u00fcn\u00fc s\u00fcrmektedir ve toplam 8 dersten olu\u015fmaktad\u0131r. Kurslara sekt\u00f6rde \u00e7al\u0131\u015fan ve<\/div><div>kurumlar\u0131nda e\u011fitmen olarak g\u00f6revli m\u00fchendisler kat\u0131lmaktad\u0131r. Ayr\u0131ca trafik dersi i\u00e7in \u0130l<\/div><div>Trafik Denetleme \u015eubesinden , ilkyard\u0131m dersi i\u00e7in Sa\u011fl\u0131k Grup Ba\u015fkanl\u0131\u011f\u0131ndan ilkyard\u0131m<\/div><div>e\u011fitimeni talep edilmektedir.<\/div><div>\uf0b7 E\u011fitimler tamamen teorik olarak i\u015flenmektedir. Ancak g\u00f6rsel ara\u00e7lar kullan\u0131larak uygulamaya<\/div><div>yard\u0131mc\u0131 olacak bilgilerde verilmektedir.<\/div><div>\uf0b7 E\u011fitimde kursiyerin bilmedi\u011fi konularda soru sorarak bilgilendirilmesi hedeflenmektedir.<\/div><div>\uf0b7 E\u011fitimlerde kursiyerlere soru sorularak bilgi seviyeleri \u00f6l\u00e7\u00fclmekte ve derse kat\u0131l\u0131mlar\u0131<\/div><div>sa\u011flanmaktad\u0131r.<\/div><div>\uf0b7 E\u011fitimlerde powerpoint sunumlar\u0131 kullan\u0131lmaktad\u0131r.<\/div><div>\u00a0<\/div><div>\u00d6l\u00e7me ve De\u011ferlendirme:<\/div><div>\uf0b7 Kurs sonunda i\u015flenilen ders konular\u0131n\u0131 i\u00e7eren bir s\u0131nav yap\u0131l\u0131r. S\u0131navda toplam olarak 30 soru<\/div><div>sorular.<\/div><div>\u00a0<\/div><div>0 \u2013 49 Puan Ba\u015far\u0131s\u0131z<\/div><div>\u00a0<\/div><div>50 \u2013 100 Puan Ba\u015far\u0131l\u0131<\/div><div>\u00a0<\/div><div>Kursta Kullan\u0131lan \u00d6\u011fretim Malzemeleri:<\/div><div>\u00a0<\/div><div>\uf0b7 Projekt\u00f6r (ihtiya\u00e7 halinde tepeg\u00f6z)<\/div><div>\uf0b7 Bilgisayar<\/div><div>\uf0b7 Beyaz Perde<\/div><div>\uf0b7 Yaz\u0131 tahtas\u0131<\/div><\/div><\/section><\/div>\t\t\t\t\t\t<\/div>\n\t\t\t\t<\/div>\n\t\t\t\t\t<\/div>\n\t\t<\/div>\n\t\t\t\t\t<\/div>\n\t\t<\/section>\n\t\t\t\t<\/div>\n\t\t\n    <div class=\"xs_social_share_widget xs_share_url after_content \t\tmain_content  wslu-style-1 wslu-share-box-shaped wslu-fill-colored wslu-none wslu-share-horizontal wslu-theme-font-no wslu-main_content\">\n\n\t\t\n        <ul>\n\t\t\t        <\/ul>\n    <\/div> \n","protected":false},"excerpt":{"rendered":"<p>BETON M\u0130KSER\u0130 BETON M\u0130KSER\u0130 T\u00dcRK\u0130YE HAZIR BETON B\u0130RL\u0130\u011e\u0130POMPA VE TRANSM\u0130KSER OPERAT\u00d6RLER\u0130KURS PROGRAMI\u00a0Kurs Ad\u0131: Pompa ve Transmikser Operat\u00f6rleri Geli\u015ftirme ve Uyum Kursu\u00a0Kurs S\u00fcresi: 4 g\u00fcn (32 saat)\u00a0Kursun Dayana\u011f\u0131: Mesleki ve Teknik E\u011fitim Y\u00f6netmeli\u011fi\u2019nin 71. maddesi\u00a0Kursun Ama\u00e7lar\u0131:\u00a0\uf0b7 \u0130\u015f g\u00fcvenli\u011fi kurallar\u0131 esas al\u0131narak \u00e7al\u0131\u015fma disiplini kazan\u0131lmas\u0131\uf0b7 Kullan\u0131lan ara\u00e7lar\u0131n teknik \u00f6zelliklerinin bilinmesi\uf0b7 Kullan\u0131lan ara\u00e7lar\u0131n<\/p>\n","protected":false},"author":1,"featured_media":0,"parent":0,"menu_order":0,"comment_status":"closed","ping_status":"closed","template":"","meta":{"inline_featured_image":false,"footnotes":""},"class_list":["post-2119","page","type-page","status-publish","hentry"],"_links":{"self":[{"href":"https:\/\/kizilayismakinelerikursu.com\/index.php\/wp-json\/wp\/v2\/pages\/2119","targetHints":{"allow":["GET"]}}],"collection":[{"href":"https:\/\/kizilayismakinelerikursu.com\/index.php\/wp-json\/wp\/v2\/pages"}],"about":[{"href":"https:\/\/kizilayismakinelerikursu.com\/index.php\/wp-json\/wp\/v2\/types\/page"}],"author":[{"embeddable":true,"href":"https:\/\/kizilayismakinelerikursu.com\/index.php\/wp-json\/wp\/v2\/users\/1"}],"replies":[{"embeddable":true,"href":"https:\/\/kizilayismakinelerikursu.com\/index.php\/wp-json\/wp\/v2\/comments?post=2119"}],"version-history":[{"count":0,"href":"https:\/\/kizilayismakinelerikursu.com\/index.php\/wp-json\/wp\/v2\/pages\/2119\/revisions"}],"wp:attachment":[{"href":"https:\/\/kizilayismakinelerikursu.com\/index.php\/wp-json\/wp\/v2\/media?parent=2119"}],"curies":[{"name":"wp","href":"https:\/\/api.w.org\/{rel}","templated":true}]}}