{"id":2099,"date":"2023-02-23T22:08:07","date_gmt":"2023-02-23T19:08:07","guid":{"rendered":"https:\/\/kizilayismakinelerikursu.com\/?page_id=2099"},"modified":"2023-02-23T22:08:07","modified_gmt":"2023-02-23T19:08:07","slug":"finiser-kursu","status":"publish","type":"page","link":"https:\/\/kizilayismakinelerikursu.com\/index.php\/finiser-kursu\/","title":{"rendered":"Fini\u015fer Kursu"},"content":{"rendered":"\t\t<div data-elementor-type=\"wp-page\" data-elementor-id=\"2099\" class=\"elementor elementor-2099\">\n\t\t\t\t\t\t<section class=\"elementor-section elementor-top-section elementor-element elementor-element-76020cc elementor-section-boxed elementor-section-height-default elementor-section-height-default\" data-id=\"76020cc\" data-element_type=\"section\">\n\t\t\t\t\t\t<div class=\"elementor-container elementor-column-gap-default\">\n\t\t\t\t\t<div class=\"elementor-column elementor-col-100 elementor-top-column elementor-element elementor-element-c36250b\" data-id=\"c36250b\" data-element_type=\"column\">\n\t\t\t<div class=\"elementor-widget-wrap elementor-element-populated\">\n\t\t\t\t\t\t<div class=\"elementor-element elementor-element-6a100c7 elementor-widget elementor-widget-heading\" data-id=\"6a100c7\" data-element_type=\"widget\" data-widget_type=\"heading.default\">\n\t\t\t\t<div class=\"elementor-widget-container\">\n\t\t\t<style>\/*! elementor - v3.21.0 - 18-04-2024 *\/\n.elementor-heading-title{padding:0;margin:0;line-height:1}.elementor-widget-heading .elementor-heading-title[class*=elementor-size-]>a{color:inherit;font-size:inherit;line-height:inherit}.elementor-widget-heading .elementor-heading-title.elementor-size-small{font-size:15px}.elementor-widget-heading .elementor-heading-title.elementor-size-medium{font-size:19px}.elementor-widget-heading .elementor-heading-title.elementor-size-large{font-size:29px}.elementor-widget-heading .elementor-heading-title.elementor-size-xl{font-size:39px}.elementor-widget-heading .elementor-heading-title.elementor-size-xxl{font-size:59px}<\/style><h2 class=\"elementor-heading-title elementor-size-default\">Fini\u015fer Kursu<\/h2>\t\t<\/div>\n\t\t\t\t<\/div>\n\t\t\t\t\t<\/div>\n\t\t<\/div>\n\t\t\t\t\t<\/div>\n\t\t<\/section>\n\t\t\t\t<section class=\"elementor-section elementor-top-section elementor-element elementor-element-c5d8da0 elementor-section-boxed elementor-section-height-default elementor-section-height-default\" data-id=\"c5d8da0\" data-element_type=\"section\">\n\t\t\t\t\t\t<div class=\"elementor-container elementor-column-gap-default\">\n\t\t\t\t\t<div class=\"elementor-column elementor-col-100 elementor-top-column elementor-element elementor-element-346d87e\" data-id=\"346d87e\" data-element_type=\"column\">\n\t\t\t<div class=\"elementor-widget-wrap elementor-element-populated\">\n\t\t\t\t\t\t<div class=\"elementor-element elementor-element-459dec0 elementor-widget elementor-widget-image\" data-id=\"459dec0\" data-element_type=\"widget\" data-widget_type=\"image.default\">\n\t\t\t\t<div class=\"elementor-widget-container\">\n\t\t\t<style>\/*! elementor - v3.21.0 - 18-04-2024 *\/\n.elementor-widget-image{text-align:center}.elementor-widget-image a{display:inline-block}.elementor-widget-image a img[src$=\".svg\"]{width:48px}.elementor-widget-image img{vertical-align:middle;display:inline-block}<\/style>\t\t\t\t\t\t\t\t\t\t<img decoding=\"async\" src=\"https:\/\/kizilayismakinelerikursu.com\/wp-content\/uploads\/2023\/02\/Finiser-Kursu.jpg\" title=\"\" alt=\"\" loading=\"lazy\" \/>\t\t\t\t\t\t\t\t\t\t\t\t\t<\/div>\n\t\t\t\t<\/div>\n\t\t\t\t\t<\/div>\n\t\t<\/div>\n\t\t\t\t\t<\/div>\n\t\t<\/section>\n\t\t\t\t<section class=\"elementor-section elementor-top-section elementor-element elementor-element-ea40e3c elementor-section-boxed elementor-section-height-default elementor-section-height-default\" data-id=\"ea40e3c\" data-element_type=\"section\">\n\t\t\t\t\t\t<div class=\"elementor-container elementor-column-gap-default\">\n\t\t\t\t\t<div class=\"elementor-column elementor-col-100 elementor-top-column elementor-element elementor-element-265d2be\" data-id=\"265d2be\" data-element_type=\"column\">\n\t\t\t<div class=\"elementor-widget-wrap elementor-element-populated\">\n\t\t\t\t\t\t<div class=\"elementor-element elementor-element-8e4eafe elementor-widget elementor-widget-text-editor\" data-id=\"8e4eafe\" data-element_type=\"widget\" data-widget_type=\"text-editor.default\">\n\t\t\t\t<div class=\"elementor-widget-container\">\n\t\t\t<style>\/*! elementor - v3.21.0 - 18-04-2024 *\/\n.elementor-widget-text-editor.elementor-drop-cap-view-stacked .elementor-drop-cap{background-color:#69727d;color:#fff}.elementor-widget-text-editor.elementor-drop-cap-view-framed .elementor-drop-cap{color:#69727d;border:3px solid;background-color:transparent}.elementor-widget-text-editor:not(.elementor-drop-cap-view-default) .elementor-drop-cap{margin-top:8px}.elementor-widget-text-editor:not(.elementor-drop-cap-view-default) .elementor-drop-cap-letter{width:1em;height:1em}.elementor-widget-text-editor .elementor-drop-cap{float:left;text-align:center;line-height:1;font-size:50px}.elementor-widget-text-editor .elementor-drop-cap-letter{display:inline-block}<\/style>\t\t\t\t<p><strong>Asfalt ve Beton Serme (Fini\u015fer) Makinesi Operat\u00f6r Belgesi,<\/strong><br \/>Fini\u015fer Operat\u00f6r\u00fc, beton asfalt serme makinesini emniyetli olarak kullanarak, beton asfalt, mekanik stabilizasyon vb. malzemeleri istenilen kal\u0131nl\u0131k, e\u011fim ve y\u00fczeysel d\u00fczg\u00fcnl\u00fckte serme, makinenin bak\u0131m ve kontrollerini yapma i\u015flemlerini kendi ba\u015f\u0131na ve belirli bir s\u00fcre i\u00e7erisinde yerine getirme bilgi ve becerisine sahip nitelikli ki\u015fidir.Fini\u015ferler Paletli oldu\u011fu gibi Lastik Tekerlekli olanlar\u0131\u2019da vard\u0131r.<\/p><p><strong>Fini\u015fer ehliyeti nas\u0131l al\u0131n\u0131r?<\/strong><br \/>Fini\u015fer ehliyeti i\u00e7in kursiyer \u00a040 soruluk \u0130\u015f makinesi ile ilgili teorik teste tabi tutulur.Testi ge\u00e7ip, Direksiyon s\u0131nav\u0131na girerek ge\u00e7erse belgeyi almaya hak kazan\u0131r.\u00a0Ge\u00e7er Not 70 puand\u0131r.<\/p><p>\u0130\u015f g\u00fcvenli\u011fi uzmanlar\u0131 bu belgeyi ki\u015filere ald\u0131rmakta, \u00c7al\u0131\u015fma bakanl\u0131\u011f\u0131 m\u00fcfetti\u015fleri bu belge olmadan makinay\u0131 kulland\u0131rmamakta, kaza sonras\u0131nda Sigorta yetkilileri mutlaka operat\u00f6re belgeyi sormaktad\u0131r.<\/p><p><strong>Fini\u015fer Operat\u00f6r\u00fc<\/strong>; Milli E\u011fitim Bakanl\u0131\u011f\u0131\u2019ndan onayl\u0131\u00a0<strong>Operat\u00f6r Belgesine<\/strong>\u00a0sahip olmal\u0131d\u0131r. Herhangi bir kaza an\u0131nda b\u00fct\u00fcn sorumluluklar operat\u00f6re aittir. Operat\u00f6r Belgesine sahip olmayan ki\u015fi yasal olarak i\u015f makinesini kullanamaz. Bu t\u00fcr elemanlar\u0131 \u00e7al\u0131\u015ft\u0131ran i\u015fverenler 6331 say\u0131l\u0131 \u0130\u015f Sa\u011fl\u0131\u011f\u0131 ve G\u00fcvenli\u011fi Kanunu h\u00fck\u00fcmlerine g\u00f6re su\u00e7lu say\u0131l\u0131rlar<\/p><p>Herhangi bir ehliyeti olan kursiyer Operat\u00f6r Belgesini G s\u0131n\u0131f\u0131 olarak i\u015fletebilir. \u0130\u015fletme masraf\u0131 Trafikte 800 TL \u2018dir.<\/p><p><strong>K\u0131z\u0131lay \u0130\u015f Makineleri Kursu 0312 433 00 14<\/strong><\/p><p><strong>\u0130\u015f Makinesi ehliyeti i\u00e7in gereken belgeler\u00a0<\/strong>:<br \/>1-1 adet Vesikal\u0131k Foto\u011fraf ,<br \/>2-Sab\u0131ka kayd\u0131, (E-devlet \u015fifresi ile internetten \u00e7\u0131kt\u0131 al\u0131nabilir)<br \/>3-Diploma(Asl\u0131 yeterli) ,<br \/>4- Sa\u011fl\u0131k Raporu (G s\u0131n\u0131f\u0131 s\u00fcr\u00fcc\u00fc olur )(Aile hekiminden al\u0131nabilir)<\/p><p><strong>Fini\u015fer belgesi alman\u0131n ko\u015fullar\u0131 :\u00a0<\/strong><\/p><p>18 Ya\u015f\u0131n\u0131 doldurmu\u015f olmak.<br \/>En az ilkokul mezunu olmak .<br \/>V\u00fccut yap\u0131s\u0131 ve ruh sa\u011fl\u0131\u011f\u0131 bak\u0131m\u0131ndan y\u00f6netmelikte belirtilen \u015fartlara sahip olmalar\u0131.<br \/>Kanunun 41.maddesinin (e)bendinde say\u0131l\u0131 su\u00e7lardan h\u00fck\u00fcm giymemi\u015f olmak.<\/p><p>e) H\u00fck\u00fcml\u00fc olmama \u015fartlar\u0131 (De\u011fi\u015fik:17.10.1996-4199\/18 md.);<\/p><p>T\u00fcrk Ceza Kanunu\u2019nun; 403 ve \u00a0404. maddeleri ile 572\/2-3 maddelerinden ikiden fazla ve 1918 say\u0131l\u0131 Ka\u00e7ak\u00e7\u0131l\u0131\u011f\u0131n Men ve Takibine Dair Kanun\u2019un 28 ve 29. maddeleri, 6136 say\u0131l\u0131 Ate\u015fli Silahlar ve B\u0131\u00e7aklar Hakk\u0131nda Kanun\u2019un 12. maddesinin 3. ve takip eden f\u0131kralar\u0131ndaki su\u00e7lardan h\u00fck\u00fcm giymemi\u015f olmalar\u0131,<\/p><p><strong>Not<\/strong>: Fini\u015fer belgesi ; \u00a0Almak isteyen ki\u015finin her hangi bir ehliyeti olmasada m\u00fcracaat edebilir.<br \/>Ehliyeti yoksa trafi\u011fe \u00e7\u0131kamaz, ancak \u015fantiyede,t\u00fcnelde trafi\u011fe kapal\u0131 alanda kullanabilir.<\/p>\t\t\t\t\t\t<\/div>\n\t\t\t\t<\/div>\n\t\t\t\t\t<\/div>\n\t\t<\/div>\n\t\t\t\t\t<\/div>\n\t\t<\/section>\n\t\t\t\t<\/div>\n\t\t\n    <div class=\"xs_social_share_widget xs_share_url after_content \t\tmain_content  wslu-style-1 wslu-share-box-shaped wslu-fill-colored wslu-none wslu-share-horizontal wslu-theme-font-no wslu-main_content\">\n\n\t\t\n        <ul>\n\t\t\t        <\/ul>\n    <\/div> \n","protected":false},"excerpt":{"rendered":"<p>Fini\u015fer Kursu Asfalt ve Beton Serme (Fini\u015fer) Makinesi Operat\u00f6r Belgesi,Fini\u015fer Operat\u00f6r\u00fc, beton asfalt serme makinesini emniyetli olarak kullanarak, beton asfalt, mekanik stabilizasyon vb. malzemeleri istenilen kal\u0131nl\u0131k, e\u011fim ve y\u00fczeysel d\u00fczg\u00fcnl\u00fckte serme, makinenin bak\u0131m ve kontrollerini yapma i\u015flemlerini kendi ba\u015f\u0131na ve belirli bir s\u00fcre i\u00e7erisinde yerine getirme bilgi ve becerisine sahip<\/p>\n","protected":false},"author":1,"featured_media":0,"parent":0,"menu_order":0,"comment_status":"closed","ping_status":"closed","template":"","meta":{"inline_featured_image":false,"footnotes":""},"class_list":["post-2099","page","type-page","status-publish","hentry"],"_links":{"self":[{"href":"https:\/\/kizilayismakinelerikursu.com\/index.php\/wp-json\/wp\/v2\/pages\/2099","targetHints":{"allow":["GET"]}}],"collection":[{"href":"https:\/\/kizilayismakinelerikursu.com\/index.php\/wp-json\/wp\/v2\/pages"}],"about":[{"href":"https:\/\/kizilayismakinelerikursu.com\/index.php\/wp-json\/wp\/v2\/types\/page"}],"author":[{"embeddable":true,"href":"https:\/\/kizilayismakinelerikursu.com\/index.php\/wp-json\/wp\/v2\/users\/1"}],"replies":[{"embeddable":true,"href":"https:\/\/kizilayismakinelerikursu.com\/index.php\/wp-json\/wp\/v2\/comments?post=2099"}],"version-history":[{"count":0,"href":"https:\/\/kizilayismakinelerikursu.com\/index.php\/wp-json\/wp\/v2\/pages\/2099\/revisions"}],"wp:attachment":[{"href":"https:\/\/kizilayismakinelerikursu.com\/index.php\/wp-json\/wp\/v2\/media?parent=2099"}],"curies":[{"name":"wp","href":"https:\/\/api.w.org\/{rel}","templated":true}]}}