{"id":2091,"date":"2023-02-23T21:51:28","date_gmt":"2023-02-23T18:51:28","guid":{"rendered":"https:\/\/kizilayismakinelerikursu.com\/?page_id=2091"},"modified":"2023-02-23T21:51:28","modified_gmt":"2023-02-23T18:51:28","slug":"mobil-vinc-kursu","status":"publish","type":"page","link":"https:\/\/kizilayismakinelerikursu.com\/index.php\/mobil-vinc-kursu\/","title":{"rendered":"Mobil Vin\u00e7 Kursu"},"content":{"rendered":"\t\t<div data-elementor-type=\"wp-page\" data-elementor-id=\"2091\" class=\"elementor elementor-2091\">\n\t\t\t\t\t\t<section class=\"elementor-section elementor-top-section elementor-element elementor-element-78abf5a elementor-section-boxed elementor-section-height-default elementor-section-height-default\" data-id=\"78abf5a\" data-element_type=\"section\">\n\t\t\t\t\t\t<div class=\"elementor-container elementor-column-gap-default\">\n\t\t\t\t\t<div class=\"elementor-column elementor-col-100 elementor-top-column elementor-element elementor-element-2e145ed\" data-id=\"2e145ed\" data-element_type=\"column\">\n\t\t\t<div class=\"elementor-widget-wrap elementor-element-populated\">\n\t\t\t\t\t\t<div class=\"elementor-element elementor-element-39b1bc4 elementor-widget elementor-widget-heading\" data-id=\"39b1bc4\" data-element_type=\"widget\" data-widget_type=\"heading.default\">\n\t\t\t\t<div class=\"elementor-widget-container\">\n\t\t\t<style>\/*! elementor - v3.21.0 - 18-04-2024 *\/\n.elementor-heading-title{padding:0;margin:0;line-height:1}.elementor-widget-heading .elementor-heading-title[class*=elementor-size-]>a{color:inherit;font-size:inherit;line-height:inherit}.elementor-widget-heading .elementor-heading-title.elementor-size-small{font-size:15px}.elementor-widget-heading .elementor-heading-title.elementor-size-medium{font-size:19px}.elementor-widget-heading .elementor-heading-title.elementor-size-large{font-size:29px}.elementor-widget-heading .elementor-heading-title.elementor-size-xl{font-size:39px}.elementor-widget-heading .elementor-heading-title.elementor-size-xxl{font-size:59px}<\/style><h2 class=\"elementor-heading-title elementor-size-default\">Mobil Vin\u00e7 Kursu<\/h2>\t\t<\/div>\n\t\t\t\t<\/div>\n\t\t\t\t\t<\/div>\n\t\t<\/div>\n\t\t\t\t\t<\/div>\n\t\t<\/section>\n\t\t\t\t<section class=\"elementor-section elementor-top-section elementor-element elementor-element-6064318 elementor-section-boxed elementor-section-height-default elementor-section-height-default\" data-id=\"6064318\" data-element_type=\"section\">\n\t\t\t\t\t\t<div class=\"elementor-container elementor-column-gap-default\">\n\t\t\t\t\t<div class=\"elementor-column elementor-col-100 elementor-top-column elementor-element elementor-element-5129677\" data-id=\"5129677\" data-element_type=\"column\">\n\t\t\t<div class=\"elementor-widget-wrap elementor-element-populated\">\n\t\t\t\t\t\t<div class=\"elementor-element elementor-element-e20e05d elementor-widget elementor-widget-image\" data-id=\"e20e05d\" data-element_type=\"widget\" data-widget_type=\"image.default\">\n\t\t\t\t<div class=\"elementor-widget-container\">\n\t\t\t<style>\/*! elementor - v3.21.0 - 18-04-2024 *\/\n.elementor-widget-image{text-align:center}.elementor-widget-image a{display:inline-block}.elementor-widget-image a img[src$=\".svg\"]{width:48px}.elementor-widget-image img{vertical-align:middle;display:inline-block}<\/style>\t\t\t\t\t\t\t\t\t\t<img decoding=\"async\" src=\"https:\/\/kizilayismakinelerikursu.com\/wp-content\/uploads\/2023\/02\/mobil-vinc.jpg\" title=\"\" alt=\"\" loading=\"lazy\" \/>\t\t\t\t\t\t\t\t\t\t\t\t\t<\/div>\n\t\t\t\t<\/div>\n\t\t\t\t\t<\/div>\n\t\t<\/div>\n\t\t\t\t\t<\/div>\n\t\t<\/section>\n\t\t\t\t<section class=\"elementor-section elementor-top-section elementor-element elementor-element-2f2be3b elementor-section-boxed elementor-section-height-default elementor-section-height-default\" data-id=\"2f2be3b\" data-element_type=\"section\">\n\t\t\t\t\t\t<div class=\"elementor-container elementor-column-gap-default\">\n\t\t\t\t\t<div class=\"elementor-column elementor-col-100 elementor-top-column elementor-element elementor-element-e5e786d\" data-id=\"e5e786d\" data-element_type=\"column\">\n\t\t\t<div class=\"elementor-widget-wrap elementor-element-populated\">\n\t\t\t\t\t\t<div class=\"elementor-element elementor-element-ca8439e elementor-widget elementor-widget-text-editor\" data-id=\"ca8439e\" data-element_type=\"widget\" data-widget_type=\"text-editor.default\">\n\t\t\t\t<div class=\"elementor-widget-container\">\n\t\t\t<style>\/*! elementor - v3.21.0 - 18-04-2024 *\/\n.elementor-widget-text-editor.elementor-drop-cap-view-stacked .elementor-drop-cap{background-color:#69727d;color:#fff}.elementor-widget-text-editor.elementor-drop-cap-view-framed .elementor-drop-cap{color:#69727d;border:3px solid;background-color:transparent}.elementor-widget-text-editor:not(.elementor-drop-cap-view-default) .elementor-drop-cap{margin-top:8px}.elementor-widget-text-editor:not(.elementor-drop-cap-view-default) .elementor-drop-cap-letter{width:1em;height:1em}.elementor-widget-text-editor .elementor-drop-cap{float:left;text-align:center;line-height:1;font-size:50px}.elementor-widget-text-editor .elementor-drop-cap-letter{display:inline-block}<\/style>\t\t\t\t<h2>Mobil Vin\u00e7 Ehliyeti Kurumumuz Taraf\u0131nda Verilmektedir.<\/h2><p>Mobil Vin\u00e7 Operat\u00f6rl\u00fck Belgesi\u00a0Kurs \u00dccretini \u00a00312 433 00 14 numaral\u0131 telefonu arayarak \u00f6\u011frenebilirsiniz.<br \/>Vin\u00e7 Kullanan Operat\u00f6r\u00fcn \u0130\u015f Kanununa G\u00f6re\u00a0Operat\u00f6rl\u00fck Belgesi\u00a0Olmas\u0131 Zorunludur.<br \/>Mobil Vin\u00e7 Operat\u00f6r\u00fc, kendi ba\u015f\u0131na ve belirli bir s\u00fcre i\u00e7erisinde, mobil vin\u00e7leri kullanarak, \u00e7e\u015fitli y\u00fcklerin y\u00fckleme-bo\u015faltma i\u015flemlerini emniyetli bir \u015fekilde yapma bilgi ve becerisine sahip nitelikli ki\u015fidir.<\/p><p><strong>Meslek Standard\u0131 Nedir?<\/strong><br \/>Meslek Standard\u0131, bir mesle\u011fin gereklerinin kabul edilebilir Standardlarda yerine getirilebilmesi i\u00e7in ihtiya\u00e7 duyulan asgari bilgi, beceri, tutum ve davran\u0131\u015flar\u0131 g\u00f6steren normlard\u0131r. Meslek Standartlar\u0131 ayr\u0131ca, ba\u015fta \u00e7al\u0131\u015fanlar, e\u011fitimciler ve i\u015fverenler olmak \u00fczere, ilgili b\u00fct\u00fcn kesimlere, bir mesle\u011fin ba\u015far\u0131 ile y\u00fcr\u00fct\u00fclebilmesi i\u00e7in gerekli olan nitelikler ve o meslekte yeterlilik belgesi alabilmek i\u00e7in yap\u0131lacak s\u0131navlarda aranacak \u00f6l\u00e7me ve de\u011ferlendirme kriterleri hakk\u0131nda fikir vermektedir.<\/p><p>Fabrikalarda kullan\u0131lan\u00a0Tavan Vinci Operat\u00f6r Belgesi\u00a0hakk\u0131nda bilgi almak i\u00e7in.<\/p><p><strong>Meslek Standard\u0131na Neden \u0130htiya\u00e7 Duyuluyor?<\/strong><br \/>Meslek Standard\u0131 haz\u0131rlanmas\u0131n\u0131n ba\u015fl\u0131ca ama\u00e7lar\u0131:<\/p><p>\u0130\u015fg\u00fcc\u00fc piyasas\u0131nda, belirli bir meslekte istihdam edilebilmek i\u00e7in i\u015fg\u00fcc\u00fcnde aranan mesleki yeterlilikleri ortaya koymak,<\/p><p>\u0130\u015fg\u00fcc\u00fc piyasas\u0131n\u0131n ihtiya\u00e7 duydu\u011fu mesleki yeterlilikleri ortaya koyarak, e\u011fitim programc\u0131lar\u0131na m\u00fcfredat haz\u0131rlamada yard\u0131mc\u0131 olmak,<\/p><p>Ki\u015filerin, s\u00f6z konusu mesleki yeterliliklerle donat\u0131lmas\u0131na y\u00f6nelik olarak sunulan mesleki e\u011fitim, meslek de\u011fi\u015ftirme, mesleki ilerleme vb. e\u011fitim hizmetlerine destek vermek,<\/p><p>E\u011fitim ile i\u015f ya\u015fam\u0131 aras\u0131nda sa\u011flam k\u00f6pr\u00fcler kurularak, i\u015f ya\u015fam\u0131n\u0131n e\u011fitime ilgi, kat\u0131l\u0131m ve katk\u0131s\u0131n\u0131 art\u0131rmak,<\/p><p>\u0130\u015f\u00a0de\u011fi\u015ftirme ve i\u015fe yerle\u015ftirme faaliyetlerine yard\u0131mc\u0131 olmak,<\/p><p>T\u00fcrk ekonomisinin uluslararas\u0131 rekabet g\u00fcc\u00fcn\u00fcn, nitelikli i\u015fg\u00fcc\u00fc ile desteklenmesine yard\u0131mc\u0131 olmak,<\/p><p>Uluslararas\u0131 normlara uygun, sayg\u0131n ve g\u00fcvenilir bir s\u0131nav ve belgelendirme sisteminin kurulmas\u0131na yard\u0131mc\u0131 olmak,<\/p><p>B\u00fct\u00fcn kesimlerce kabul g\u00f6ren mesleki yeterlilik belgelerine sahip i\u015fg\u00fcc\u00fcn\u00fcn say\u0131 ve oran\u0131n\u0131 art\u0131rmak,<\/p><p>Mesleki yeterlilik belgelerine sahip i\u015fgc\u00fc istihdam\u0131n\u0131n yayg\u0131nla\u015ft\u0131r\u0131lmas\u0131yla t\u00fcketiciye daha kaliteli mal ve hizmet sunulmas\u0131na destek vermek,<\/p><p>Mesleki yeterlilik belgesi sahibi nitelikli i\u015fg\u00fcc\u00fc hareketlili\u011fini art\u0131rmak, ve uzun vadede i\u015fsizli\u011fin azalt\u0131lmas\u0131na ve istihdam\u0131n geli\u015ftirilmesine katk\u0131da bulunmakt\u0131r.<\/p><ul><li>Tavan vin\u00e7 operat\u00f6rl\u00fck belgesi,<\/li><li>Mobil vin\u00e7 (hiab) ehliyeti,<\/li><li>Personel Y\u00fckseltici (manlift) ehliyeti,<\/li><li>Vin\u00e7 ehliyeti<\/li><li>Vin\u00e7 operat\u00f6rl\u00fck belgesi nas\u0131l al\u0131n\u0131r\u00a0yaz\u0131m\u0131z\u0131 inceleyebilirsiniz.<\/li><\/ul><p><strong>Vin\u00e7 Operat\u00f6rl\u00fck Belgesi Ne \u0130\u015fe Yarar?<\/strong><\/p><p>Pek \u00e7ok farkl\u0131 yerde kullan\u0131lan ve kullan\u0131ld\u0131\u011f\u0131 alanlarda i\u015fi daha pratik hale getiren bilin\u00e7, asl\u0131nda g\u00fcvenilir operat\u00f6rler ile birlikte daha emniyetli bir hale gelmektedir. Burada \u00f6nemli olan konu ise\u00a0<strong>vin\u00e7 operat\u00f6rl\u00fck belgesi nas\u0131l al\u0131n\u0131r<\/strong>\u00a0gibi bir sorunun do\u011fru cevaplanmas\u0131 olacakt\u0131r. \u00d6ncelikli olarak bu belgeyi almak i\u00e7in g\u00fcvenilir e\u011fitim kurumlar\u0131ndan destek almak yine \u00e7ok b\u00fcy\u00fck \u00f6nem ta\u015f\u0131yor. Profesyonel hizmet ve kusursuz e\u011fitim anlam\u0131nda size destek veren kurumumuz, gerekli ihtiya\u00e7 kar\u015f\u0131lama noktas\u0131nda size yard\u0131mc\u0131 olmaya devam etmektedir.<\/p><p>\u00c7ok k\u0131sa bir zaman i\u00e7erisinde alaca\u011f\u0131n\u0131z e\u011fitim ve bu e\u011fitim sonras\u0131nda elde edece\u011finiz evrak ile beraber vin\u00e7 operat\u00f6r\u00fc haline gelebilirsiniz.\u00a0Vin\u00e7 operat\u00f6r\u00fc\u00a0oldu\u011funuz zaman ise ger\u00e7ekten pek \u00e7ok farkl\u0131 i\u015fletmeden i\u015f teklif alabilir, hatta kendinizi geli\u015ftirip bu sekt\u00f6rde \u00f6nemli bir yere gelebilirsiniz. Birbirinden farkl\u0131 vin\u00e7 modelleri olmakla beraber \u00e7ok geni\u015f bir e\u011fitim altyap\u0131s\u0131 ile beraber yine farkl\u0131 kategorilerde, hem e\u011fitim alabilirsiniz hem de evrak sahibi olabilirsiniz. Alaca\u011f\u0131n\u0131z belge ve ehliyet avantajlar\u0131 ile birlikte bundan sonraki s\u00fcre\u00e7te her zaman kolunuzda bir alt\u0131n bilezik ta\u015f\u0131maya devam edeceksiniz.<\/p>\t\t\t\t\t\t<\/div>\n\t\t\t\t<\/div>\n\t\t\t\t\t<\/div>\n\t\t<\/div>\n\t\t\t\t\t<\/div>\n\t\t<\/section>\n\t\t\t\t<\/div>\n\t\t\n    <div class=\"xs_social_share_widget xs_share_url after_content \t\tmain_content  wslu-style-1 wslu-share-box-shaped wslu-fill-colored wslu-none wslu-share-horizontal wslu-theme-font-no wslu-main_content\">\n\n\t\t\n        <ul>\n\t\t\t        <\/ul>\n    <\/div> \n","protected":false},"excerpt":{"rendered":"<p>Mobil Vin\u00e7 Kursu Mobil Vin\u00e7 Ehliyeti Kurumumuz Taraf\u0131nda Verilmektedir. Mobil Vin\u00e7 Operat\u00f6rl\u00fck Belgesi\u00a0Kurs \u00dccretini \u00a00312 433 00 14 numaral\u0131 telefonu arayarak \u00f6\u011frenebilirsiniz.Vin\u00e7 Kullanan Operat\u00f6r\u00fcn \u0130\u015f Kanununa G\u00f6re\u00a0Operat\u00f6rl\u00fck Belgesi\u00a0Olmas\u0131 Zorunludur.Mobil Vin\u00e7 Operat\u00f6r\u00fc, kendi ba\u015f\u0131na ve belirli bir s\u00fcre i\u00e7erisinde, mobil vin\u00e7leri kullanarak, \u00e7e\u015fitli y\u00fcklerin y\u00fckleme-bo\u015faltma i\u015flemlerini emniyetli bir \u015fekilde yapma bilgi<\/p>\n","protected":false},"author":1,"featured_media":0,"parent":0,"menu_order":0,"comment_status":"closed","ping_status":"closed","template":"","meta":{"inline_featured_image":false,"footnotes":""},"class_list":["post-2091","page","type-page","status-publish","hentry"],"_links":{"self":[{"href":"https:\/\/kizilayismakinelerikursu.com\/index.php\/wp-json\/wp\/v2\/pages\/2091","targetHints":{"allow":["GET"]}}],"collection":[{"href":"https:\/\/kizilayismakinelerikursu.com\/index.php\/wp-json\/wp\/v2\/pages"}],"about":[{"href":"https:\/\/kizilayismakinelerikursu.com\/index.php\/wp-json\/wp\/v2\/types\/page"}],"author":[{"embeddable":true,"href":"https:\/\/kizilayismakinelerikursu.com\/index.php\/wp-json\/wp\/v2\/users\/1"}],"replies":[{"embeddable":true,"href":"https:\/\/kizilayismakinelerikursu.com\/index.php\/wp-json\/wp\/v2\/comments?post=2091"}],"version-history":[{"count":0,"href":"https:\/\/kizilayismakinelerikursu.com\/index.php\/wp-json\/wp\/v2\/pages\/2091\/revisions"}],"wp:attachment":[{"href":"https:\/\/kizilayismakinelerikursu.com\/index.php\/wp-json\/wp\/v2\/media?parent=2091"}],"curies":[{"name":"wp","href":"https:\/\/api.w.org\/{rel}","templated":true}]}}