{"id":2086,"date":"2023-02-23T21:48:55","date_gmt":"2023-02-23T18:48:55","guid":{"rendered":"https:\/\/kizilayismakinelerikursu.com\/?page_id=2086"},"modified":"2023-02-23T21:48:55","modified_gmt":"2023-02-23T18:48:55","slug":"sepetli-vinc-kursu","status":"publish","type":"page","link":"https:\/\/kizilayismakinelerikursu.com\/index.php\/sepetli-vinc-kursu\/","title":{"rendered":"Sepetli Vin\u00e7 Kursu"},"content":{"rendered":"\t\t<div data-elementor-type=\"wp-page\" data-elementor-id=\"2086\" class=\"elementor elementor-2086\">\n\t\t\t\t\t\t<section class=\"elementor-section elementor-top-section elementor-element elementor-element-9822c03 elementor-section-boxed elementor-section-height-default elementor-section-height-default\" data-id=\"9822c03\" data-element_type=\"section\">\n\t\t\t\t\t\t<div class=\"elementor-container elementor-column-gap-default\">\n\t\t\t\t\t<div class=\"elementor-column elementor-col-100 elementor-top-column elementor-element elementor-element-aa9b496\" data-id=\"aa9b496\" data-element_type=\"column\">\n\t\t\t<div class=\"elementor-widget-wrap elementor-element-populated\">\n\t\t\t\t\t\t<div class=\"elementor-element elementor-element-0740857 elementor-widget elementor-widget-heading\" data-id=\"0740857\" data-element_type=\"widget\" data-widget_type=\"heading.default\">\n\t\t\t\t<div class=\"elementor-widget-container\">\n\t\t\t<style>\/*! elementor - v3.21.0 - 18-04-2024 *\/\n.elementor-heading-title{padding:0;margin:0;line-height:1}.elementor-widget-heading .elementor-heading-title[class*=elementor-size-]>a{color:inherit;font-size:inherit;line-height:inherit}.elementor-widget-heading .elementor-heading-title.elementor-size-small{font-size:15px}.elementor-widget-heading .elementor-heading-title.elementor-size-medium{font-size:19px}.elementor-widget-heading .elementor-heading-title.elementor-size-large{font-size:29px}.elementor-widget-heading .elementor-heading-title.elementor-size-xl{font-size:39px}.elementor-widget-heading .elementor-heading-title.elementor-size-xxl{font-size:59px}<\/style><h2 class=\"elementor-heading-title elementor-size-default\">Sepetli Vin\u00e7 Kursu<\/h2>\t\t<\/div>\n\t\t\t\t<\/div>\n\t\t\t\t\t<\/div>\n\t\t<\/div>\n\t\t\t\t\t<\/div>\n\t\t<\/section>\n\t\t\t\t<section class=\"elementor-section elementor-top-section elementor-element elementor-element-a7464dd elementor-section-boxed elementor-section-height-default elementor-section-height-default\" data-id=\"a7464dd\" data-element_type=\"section\">\n\t\t\t\t\t\t<div class=\"elementor-container elementor-column-gap-default\">\n\t\t\t\t\t<div class=\"elementor-column elementor-col-100 elementor-top-column elementor-element elementor-element-7e74507\" data-id=\"7e74507\" data-element_type=\"column\">\n\t\t\t<div class=\"elementor-widget-wrap elementor-element-populated\">\n\t\t\t\t\t\t<div class=\"elementor-element elementor-element-b9393eb elementor-widget elementor-widget-image\" data-id=\"b9393eb\" data-element_type=\"widget\" data-widget_type=\"image.default\">\n\t\t\t\t<div class=\"elementor-widget-container\">\n\t\t\t<style>\/*! elementor - v3.21.0 - 18-04-2024 *\/\n.elementor-widget-image{text-align:center}.elementor-widget-image a{display:inline-block}.elementor-widget-image a img[src$=\".svg\"]{width:48px}.elementor-widget-image img{vertical-align:middle;display:inline-block}<\/style>\t\t\t\t\t\t\t\t\t\t<img decoding=\"async\" src=\"https:\/\/kizilayismakinelerikursu.com\/wp-content\/uploads\/2023\/02\/sepetli-vinc-ehliyeti.jpg\" title=\"\" alt=\"\" loading=\"lazy\" \/>\t\t\t\t\t\t\t\t\t\t\t\t\t<\/div>\n\t\t\t\t<\/div>\n\t\t\t\t\t<\/div>\n\t\t<\/div>\n\t\t\t\t\t<\/div>\n\t\t<\/section>\n\t\t\t\t<section class=\"elementor-section elementor-top-section elementor-element elementor-element-78a9b2a elementor-section-boxed elementor-section-height-default elementor-section-height-default\" data-id=\"78a9b2a\" data-element_type=\"section\">\n\t\t\t\t\t\t<div class=\"elementor-container elementor-column-gap-default\">\n\t\t\t\t\t<div class=\"elementor-column elementor-col-100 elementor-top-column elementor-element elementor-element-b4fbb73\" data-id=\"b4fbb73\" data-element_type=\"column\">\n\t\t\t<div class=\"elementor-widget-wrap elementor-element-populated\">\n\t\t\t\t\t\t<div class=\"elementor-element elementor-element-fe8053d elementor-widget elementor-widget-text-editor\" data-id=\"fe8053d\" data-element_type=\"widget\" data-widget_type=\"text-editor.default\">\n\t\t\t\t<div class=\"elementor-widget-container\">\n\t\t\t<style>\/*! elementor - v3.21.0 - 18-04-2024 *\/\n.elementor-widget-text-editor.elementor-drop-cap-view-stacked .elementor-drop-cap{background-color:#69727d;color:#fff}.elementor-widget-text-editor.elementor-drop-cap-view-framed .elementor-drop-cap{color:#69727d;border:3px solid;background-color:transparent}.elementor-widget-text-editor:not(.elementor-drop-cap-view-default) .elementor-drop-cap{margin-top:8px}.elementor-widget-text-editor:not(.elementor-drop-cap-view-default) .elementor-drop-cap-letter{width:1em;height:1em}.elementor-widget-text-editor .elementor-drop-cap{float:left;text-align:center;line-height:1;font-size:50px}.elementor-widget-text-editor .elementor-drop-cap-letter{display:inline-block}<\/style>\t\t\t\t<h2>Sepetli Vin\u00e7 \u0130\u015f Makinas\u0131 Operat\u00f6rl\u00fck Belgesi<\/h2><h2>Sepetli Vin\u00e7 (Personel Y\u00fckseltici-Manlift) Ehliyetinin Neden Al\u0131n\u0131r?<\/h2><p>6331 say\u0131l\u0131 i\u015f sa\u011fl\u0131\u011f\u0131 ve g\u00fcvenli\u011fi kanununa g\u00f6re i\u015fverenlerin personeline meslek s\u0131n\u0131f\u0131na uygun olarak gerekli olan meslek e\u011fitimlerinin verilmesini emretmektedir. Buna g\u00f6re 6331 say\u0131l\u0131 kanuna g\u00f6re Personel (insan) y\u00fckseltici, yani sepetli vin\u00e7 (manlift) operat\u00f6rl\u00fck belgesi almak yasal bir zorunluluktur.\u00a0Sepetli vin\u00e7 nereden al\u0131n\u0131r?\u00a0sorusuna cevap olarak \u0130\u015f Makinas\u0131 Operat\u00f6rl\u00fck Kurslar\u0131d\u0131r. Kurumumuzda\u00a0<strong>Sepetli vin\u00e7 ehliyeti<\/strong>\u00a0ve e\u011fitimi verilmektedir.<\/p><h2>Sepetli Vin\u00e7 Ehliyeti Alan Ki\u015filer Ne T\u00fcr Makina Kullan\u0131r?<\/h2><ul><li>T\u00fcm\u00a0<em><strong>personel ve y\u00fck<\/strong><\/em>\u00a0y\u00fckselticilerini kullanabilir.<\/li><li>Makasl\u0131 Platform (kullan\u0131r),<\/li><li>Sepetli Vin\u00e7 (kullan\u0131r)\u00a0,<\/li><li>Teleskopik vin\u00e7 (kullan\u0131r),<\/li><li>Eklemli Platformlar (kullan\u0131r),<\/li><li>Dikey Platformlar (kullan\u0131r),<\/li><\/ul><h2>Sepetli Vin\u00e7 (MANL\u0130FT) Personel Y\u00fckseltici Ehliyeti Gerekli \u015eart ve Evraklar<\/h2><ol><li>Diploma (en az ilkokul mezunu)<\/li><li>Adli Sicil Kayd\u0131<\/li><li>Sa\u011fl\u0131k Raporu (aile hekiminizden alabilirsiniz)<\/li><li>Kimlik Fotokapisi<\/li><li>2 Adet Foto\u011fraf (Biometrik \u00a0)<\/li><\/ol><ul><li>18 Ya\u015f\u0131n\u0131 doldurmak,<\/li><li>H\u00fck\u00fcml\u00fc olmamak (uyu\u015fturucu ve silah ka\u00e7ak\u00e7\u0131l\u0131\u011f\u0131 vb su\u00e7lardan ceza al\u0131nmam\u0131\u015f olmal\u0131)<\/li><li>Personel Y\u00fckseltici, sepetli vin\u00e7, manlift sertifikas\u0131 kullanmak i\u00e7in sa\u011fl\u0131k y\u00f6n\u00fcnden bir sorun olmamal\u0131.<\/li><\/ul><p>Personel Y\u00fckseltici E\u011fitimi<\/p><h3>Personel Y\u00fckseltici Ehliyetini ba\u015far\u0131yla tamamlayan bireylerin;<\/h3><ol><li>6331 say\u0131l\u0131 yasaya g\u00f6re \u0130\u015f sa\u011fl\u0131\u011f\u0131 ve g\u00fcvenli\u011fine y\u00f6nelik \u00f6nlemleri almalar\u0131,<\/li><li>\u00c7al\u0131\u015fma yap\u0131lacak olan alan\u0131n\u0131n g\u00fcvenli\u011fiyle ilgili kontrolleri yapmalar\u0131,<\/li><li>\u00c7al\u0131\u015fma ortam\u0131yla ilgili t\u00fcm tehlikelere kar\u015f\u0131 \u00f6nlem almalar\u0131,<\/li><li>Uygun ekipman ve koruyucu ekipmanlar\u0131 se\u00e7meleri,<\/li><li>\u00c7al\u0131\u015fma alan\u0131nda trafik g\u00fcvenli\u011fine dair \u00f6nlemler almalar\u0131,<\/li><li>\u00c7al\u0131\u015fma ba\u015flamadan yetkili ki\u015fiden \u00e7al\u0131\u015fmayla ilgili bilgi edinmeleri,<\/li><li>\u00c7al\u0131\u015fmaya uygun ekipman ve ata\u015fmanlar\u0131n\u0131n se\u00e7imi,<\/li><li>\u00c7al\u0131\u015fmaya uygun ata\u015fmanlar\u0131 takmalar\u0131 ve s\u00f6kmeleri,<\/li><li>Saha i\u00e7inde g\u00f6revli olan di\u011fer personelle koordineli bir bi\u00e7imde \u00e7al\u0131\u015fmalar\u0131,<\/li><li>Vardiya yada \u00e7al\u0131\u015fma saatlerindeki de\u011fi\u015fimlerinde yetkiliye i\u015fin en son durumuyla ilgili bilgi vermeleri,<\/li><li>Zemine uygun hava bas\u0131nc\u0131 ayarlar\u0131n\u0131 yapmalar\u0131 (lastikli modeller i\u00e7in),<\/li><li>Makinenin genel temizli\u011fini yapmalar\u0131,<\/li><li>\u00c7al\u0131\u015fma alan\u0131n\u0131 \u00e7al\u0131\u015fmaya uygun hale getirmeleri,<\/li><li>\u0130\u015f makinelerinin \u00e7elik konstr\u00fcksiyon yap\u0131s\u0131n\u0131 a\u00e7\u0131klamalar\u0131,<\/li><li>Motorlar\u0131n \u00e7al\u0131\u015fma sistemlerini a\u00e7\u0131klamalar\u0131,<\/li><li>\u00c7al\u0131\u015fma \u00f6ncesi vincin d\u0131\u015f fiziki kontrollerini yapmalar\u0131,<\/li><li>Ar\u0131za bildirimlerinde bulunmalar\u0131,<\/li><li>Ar\u0131za tespitine yard\u0131m etmeleri,<\/li><li>Makinenin g\u00fcnl\u00fck bak\u0131m ve kontrollerini yapmalar\u0131,<\/li><li>Makinenin basit ar\u0131zalar\u0131n\u0131 ve eksiklerini gidermeleri,<\/li><li>Makinenin periyodik bak\u0131mlar\u0131n\u0131 yapmalar\u0131,<\/li><li>Makinenin bak\u0131m ve kontrol kay\u0131tlar\u0131n\u0131 tutmalar\u0131,<\/li><li>Makineyi y\u00fcr\u00fctmeleri, (Lastik tekerlekli ve ray \u00fczerinde kurulu kule vin\u00e7ler i\u00e7in)<\/li><li>Serd\u00fcmen i\u015faretlerini takip etmeleri,<\/li><li>Hiza almalar\u0131,<\/li><li>t\u015fe ba\u015flamadan \u00f6nce sapan ve halat kontrol\u00fc yapmalar\u0131,<\/li><li>Makineyi sabitlemeleri (Lastik tekerlekli ve ray \u00fczerinde kurulu kule vin\u00e7ler i\u00e7in),<\/li><li>\u00c7al\u0131\u015f\u0131rken vin\u00e7le bekleme yapmalar\u0131,<\/li><li>Yer ve hat de\u011fi\u015ftirmeleri (Lastik tekerlekli ve ray \u00fczerinde kurulu kule vin\u00e7ler i\u00e7in),<\/li><li>\u0130\u015f b\u0131rakma onaylar\u0131n\u0131 takip etmeleri,<\/li><li>Halat kontrollerini yapmalar\u0131,<\/li><li>Vin\u00e7 limit \u015falter kontrollerini yapmalar\u0131,<\/li><li>Vin\u00e7 emniyet mandallar\u0131n\u0131n kontrollerin yapmalar\u0131n\u0131 \u00f6\u011frenmeleri,<\/li><li>Y\u00fck\u00fc halat ve kancaya sabitlemeleri,<\/li><li>Y\u00fck\u00fc kald\u0131rmalar\u0131\/vira yapmalar\u0131,<\/li><li>Y\u00fckle d\u00f6n\u00fc\u015f yapmalar\u0131,<\/li><li>Y\u00fck indirme yerini kontrol etmeleri,<\/li><li>Aktarma\/y\u00fck ara\u00e7lar\u0131n\u0131 y\u00f6nlendirmeleri,<\/li><li>Y\u00fck\u00fc indirmeleri\/mayna yapmalar\u0131,<\/li><li>Y\u00fckl\u00fc halde beklemeleri,<\/li><li>Makineyi park etmeleri (Lastik tekerlekli ve ray \u00fczerinde kurulu kule vin\u00e7ler i\u00e7in),<\/li><li>Makineyi uzun s\u00fcreli depolamalar i\u00e7in s\u00f6k\u00fcme uygun h\u00e2le getirmeleri,<\/li><li>Uzun s\u00fcreli depolamaya al\u0131nm\u0131\u015f makineyi tekrar i\u015fletmeye haz\u0131r hale getirmeleri,<\/li><li>S\u00f6k\u00fcmii yap\u0131lan makinelerin ara\u00e7 ile nakli i\u00e7in gerekli \u00f6nlem almalar\u0131,<\/li><li>Mesleki geli\u015fimleri hakk\u0131nda \u00e7al\u0131\u015fmalar yapmalar\u0131<br \/>beklenmektedir.<\/li><\/ol><p>SEPETL\u0130 V\u0130N\u00c7 E\u011e\u0130T\u0130M\u0130N\u0130 \u0130\u00c7ER\u0130\u011e\u0130N\u0130N TOPLAM KURS S\u00dcRES\u0130NE G\u00d6RE DA\u011eILIMI<\/p><ul><li>\u0130\u015e ORGAN\u0130ZASYONU<\/li><li>\u0130\u015e \u00d6NCES\u0130 HAZIRLIKLAR<\/li><li>MESLEK\u0130 GEL\u0130\u015e\u0130M<\/li><\/ul>\t\t\t\t\t\t<\/div>\n\t\t\t\t<\/div>\n\t\t\t\t\t<\/div>\n\t\t<\/div>\n\t\t\t\t\t<\/div>\n\t\t<\/section>\n\t\t\t\t<\/div>\n\t\t\n    <div class=\"xs_social_share_widget xs_share_url after_content \t\tmain_content  wslu-style-1 wslu-share-box-shaped wslu-fill-colored wslu-none wslu-share-horizontal wslu-theme-font-no wslu-main_content\">\n\n\t\t\n        <ul>\n\t\t\t        <\/ul>\n    <\/div> \n","protected":false},"excerpt":{"rendered":"<p>Sepetli Vin\u00e7 Kursu Sepetli Vin\u00e7 \u0130\u015f Makinas\u0131 Operat\u00f6rl\u00fck Belgesi Sepetli Vin\u00e7 (Personel Y\u00fckseltici-Manlift) Ehliyetinin Neden Al\u0131n\u0131r? 6331 say\u0131l\u0131 i\u015f sa\u011fl\u0131\u011f\u0131 ve g\u00fcvenli\u011fi kanununa g\u00f6re i\u015fverenlerin personeline meslek s\u0131n\u0131f\u0131na uygun olarak gerekli olan meslek e\u011fitimlerinin verilmesini emretmektedir. Buna g\u00f6re 6331 say\u0131l\u0131 kanuna g\u00f6re Personel (insan) y\u00fckseltici, yani sepetli vin\u00e7 (manlift) operat\u00f6rl\u00fck<\/p>\n","protected":false},"author":1,"featured_media":0,"parent":0,"menu_order":0,"comment_status":"closed","ping_status":"closed","template":"","meta":{"inline_featured_image":false,"footnotes":""},"class_list":["post-2086","page","type-page","status-publish","hentry"],"_links":{"self":[{"href":"https:\/\/kizilayismakinelerikursu.com\/index.php\/wp-json\/wp\/v2\/pages\/2086","targetHints":{"allow":["GET"]}}],"collection":[{"href":"https:\/\/kizilayismakinelerikursu.com\/index.php\/wp-json\/wp\/v2\/pages"}],"about":[{"href":"https:\/\/kizilayismakinelerikursu.com\/index.php\/wp-json\/wp\/v2\/types\/page"}],"author":[{"embeddable":true,"href":"https:\/\/kizilayismakinelerikursu.com\/index.php\/wp-json\/wp\/v2\/users\/1"}],"replies":[{"embeddable":true,"href":"https:\/\/kizilayismakinelerikursu.com\/index.php\/wp-json\/wp\/v2\/comments?post=2086"}],"version-history":[{"count":0,"href":"https:\/\/kizilayismakinelerikursu.com\/index.php\/wp-json\/wp\/v2\/pages\/2086\/revisions"}],"wp:attachment":[{"href":"https:\/\/kizilayismakinelerikursu.com\/index.php\/wp-json\/wp\/v2\/media?parent=2086"}],"curies":[{"name":"wp","href":"https:\/\/api.w.org\/{rel}","templated":true}]}}