{"id":2076,"date":"2023-02-23T20:26:57","date_gmt":"2023-02-23T17:26:57","guid":{"rendered":"https:\/\/kizilayismakinelerikursu.com\/?page_id=2076"},"modified":"2023-02-23T20:26:57","modified_gmt":"2023-02-23T17:26:57","slug":"beko-loder-kursu","status":"publish","type":"page","link":"https:\/\/kizilayismakinelerikursu.com\/index.php\/beko-loder-kursu\/","title":{"rendered":"Beko Loder Kursu"},"content":{"rendered":"\t\t<div data-elementor-type=\"wp-page\" data-elementor-id=\"2076\" class=\"elementor elementor-2076\">\n\t\t\t\t\t\t<section class=\"elementor-section elementor-top-section elementor-element elementor-element-4d96aee elementor-section-boxed elementor-section-height-default elementor-section-height-default\" data-id=\"4d96aee\" data-element_type=\"section\">\n\t\t\t\t\t\t<div class=\"elementor-container elementor-column-gap-default\">\n\t\t\t\t\t<div class=\"elementor-column elementor-col-100 elementor-top-column elementor-element elementor-element-9e3862f\" data-id=\"9e3862f\" data-element_type=\"column\">\n\t\t\t<div class=\"elementor-widget-wrap elementor-element-populated\">\n\t\t\t\t\t\t<div class=\"elementor-element elementor-element-a382d4b elementor-widget elementor-widget-heading\" data-id=\"a382d4b\" data-element_type=\"widget\" data-widget_type=\"heading.default\">\n\t\t\t\t<div class=\"elementor-widget-container\">\n\t\t\t<style>\/*! elementor - v3.21.0 - 18-04-2024 *\/\n.elementor-heading-title{padding:0;margin:0;line-height:1}.elementor-widget-heading .elementor-heading-title[class*=elementor-size-]>a{color:inherit;font-size:inherit;line-height:inherit}.elementor-widget-heading .elementor-heading-title.elementor-size-small{font-size:15px}.elementor-widget-heading .elementor-heading-title.elementor-size-medium{font-size:19px}.elementor-widget-heading .elementor-heading-title.elementor-size-large{font-size:29px}.elementor-widget-heading .elementor-heading-title.elementor-size-xl{font-size:39px}.elementor-widget-heading .elementor-heading-title.elementor-size-xxl{font-size:59px}<\/style><h2 class=\"elementor-heading-title elementor-size-default\">Beko Loder Kursu<\/h2>\t\t<\/div>\n\t\t\t\t<\/div>\n\t\t\t\t\t<\/div>\n\t\t<\/div>\n\t\t\t\t\t<\/div>\n\t\t<\/section>\n\t\t\t\t<section class=\"elementor-section elementor-top-section elementor-element elementor-element-4d26245 elementor-section-boxed elementor-section-height-default elementor-section-height-default\" data-id=\"4d26245\" data-element_type=\"section\">\n\t\t\t\t\t\t<div class=\"elementor-container elementor-column-gap-default\">\n\t\t\t\t\t<div class=\"elementor-column elementor-col-100 elementor-top-column elementor-element elementor-element-425197e\" data-id=\"425197e\" data-element_type=\"column\">\n\t\t\t<div class=\"elementor-widget-wrap elementor-element-populated\">\n\t\t\t\t\t\t<div class=\"elementor-element elementor-element-89aeda9 elementor-widget elementor-widget-image\" data-id=\"89aeda9\" data-element_type=\"widget\" data-widget_type=\"image.default\">\n\t\t\t\t<div class=\"elementor-widget-container\">\n\t\t\t<style>\/*! elementor - v3.21.0 - 18-04-2024 *\/\n.elementor-widget-image{text-align:center}.elementor-widget-image a{display:inline-block}.elementor-widget-image a img[src$=\".svg\"]{width:48px}.elementor-widget-image img{vertical-align:middle;display:inline-block}<\/style>\t\t\t\t\t\t\t\t\t\t<img decoding=\"async\" src=\"https:\/\/kizilayismakinelerikursu.com\/wp-content\/uploads\/2023\/02\/BEKO-LODER.jpg\" title=\"\" alt=\"\" loading=\"lazy\" \/>\t\t\t\t\t\t\t\t\t\t\t\t\t<\/div>\n\t\t\t\t<\/div>\n\t\t\t\t\t<\/div>\n\t\t<\/div>\n\t\t\t\t\t<\/div>\n\t\t<\/section>\n\t\t\t\t<section class=\"elementor-section elementor-top-section elementor-element elementor-element-4effbcb elementor-section-boxed elementor-section-height-default elementor-section-height-default\" data-id=\"4effbcb\" data-element_type=\"section\">\n\t\t\t\t\t\t<div class=\"elementor-container elementor-column-gap-default\">\n\t\t\t\t\t<div class=\"elementor-column elementor-col-100 elementor-top-column elementor-element elementor-element-d9e0978\" data-id=\"d9e0978\" data-element_type=\"column\">\n\t\t\t<div class=\"elementor-widget-wrap elementor-element-populated\">\n\t\t\t\t\t\t<div class=\"elementor-element elementor-element-3330f5f elementor-widget elementor-widget-text-editor\" data-id=\"3330f5f\" data-element_type=\"widget\" data-widget_type=\"text-editor.default\">\n\t\t\t\t<div class=\"elementor-widget-container\">\n\t\t\t<style>\/*! elementor - v3.21.0 - 18-04-2024 *\/\n.elementor-widget-text-editor.elementor-drop-cap-view-stacked .elementor-drop-cap{background-color:#69727d;color:#fff}.elementor-widget-text-editor.elementor-drop-cap-view-framed .elementor-drop-cap{color:#69727d;border:3px solid;background-color:transparent}.elementor-widget-text-editor:not(.elementor-drop-cap-view-default) .elementor-drop-cap{margin-top:8px}.elementor-widget-text-editor:not(.elementor-drop-cap-view-default) .elementor-drop-cap-letter{width:1em;height:1em}.elementor-widget-text-editor .elementor-drop-cap{float:left;text-align:center;line-height:1;font-size:50px}.elementor-widget-text-editor .elementor-drop-cap-letter{display:inline-block}<\/style>\t\t\t\t<h2>Kaz\u0131ma ve Y\u00fckleme (Kanal Kaz\u0131y\u0131c\u0131 (Beko Loder)) \u0130\u015f Makinesi Kullan\u0131m\u0131 Operat\u00f6rl\u00fck Belgesinin yasal dayana\u011f\u0131 nedir?<\/h2><div>Kaz\u0131ma ve Y\u00fckleme (Kanal Kaz\u0131y\u0131c\u0131 (Beko Loder))\u00a0Tipi \u0130\u015f Makinesi\u00a0Kurs Program\u0131 17\/06\/2009 tarih ve 73 say\u0131l\u0131 karar ile \u00e7er\u00e7eve program\u0131 kabul edilmi\u015ftir.<\/div><div>\u00a0<\/div><div>Yeni \u00e7\u0131kan \u0130\u015f Sa\u011fl\u0131\u011f\u0131 ve Kanun kapsam\u0131nda BekoLoder Kullan\u0131c\u0131lar\u0131\u00a0Kaz\u0131ma ve Y\u00fckleme (Kanal Kaz\u0131y\u0131c\u0131 (Beko Loder))\u00a0Tipi \u0130\u015f Makinesi\u00a0Operat\u00f6rl\u00fck Belgesi almak zorundad\u0131r.<\/div><div>\u00a0<\/div><div><div>\u0130\u015f G\u00fcvenli\u011fi Uzmanlar\u0131\u2019da firmalarda Risk de\u011ferlendirme yaparken Beko Loder\u00a0kullan\u0131c\u0131lar\u0131n\u0131n Operat\u00f6rl\u00fck Belgesi almak zorunda oldu\u011funu s\u00f6ylemektedir.<\/div><div>\u00a0<\/div><div>\u00c7al\u0131\u015fma Bakanl\u0131\u011f\u0131ndan gelen \u0130\u015f M\u00fcfetti\u015fleri\u2019de\u00a0Beko Loder kullan\u0131c\u0131lar\u0131na Operat\u00f6rl\u00fck Belgesi sormaktad\u0131r.<\/div><div>\u00a0<\/div><div>Kiral\u0131k bir Beko Loder\u2019iniz varsa kiralamak istedi\u011finiz firma, \u015fantiye size\u00a0Beko Loder\u00a0Operat\u00f6rl\u00fck Belgesi sormaktad\u0131r.<\/div><div>\u00a0<\/div><div>Karayolunda hareket eden Bekoleder kullan\u0131c\u0131lar\u0131\u2019da Karayolu Trafik Mevzuat\u0131 gere\u011fi Beko Loder Operat\u00f6rl\u00fck belgesi almak zorundalar.<\/div><div>\u00a0<\/div><div><div id=\"cke_pastebin\"><strong>Beko Loder Operat\u00f6r\u00fc<\/strong>; Milli E\u011fitim Bakanl\u0131\u011f\u0131\u2019ndan onayl\u0131\u00a0<strong>Operat\u00f6r Belgesine<\/strong>\u00a0sahip olmal\u0131d\u0131r. Herhangi bir kaza an\u0131nda b\u00fct\u00fcn sorumluluklar operat\u00f6re aittir. Operat\u00f6r Belgesine sahip olmayan ki\u015fi yasal olarak i\u015f makinesini kullanamaz. Bu t\u00fcr elemanlar\u0131 \u00e7al\u0131\u015ft\u0131ran i\u015fverenler 6331 say\u0131l\u0131 \u0130\u015f Sa\u011fl\u0131\u011f\u0131 ve G\u00fcvenli\u011fi Kanunu h\u00fck\u00fcmlerine g\u00f6re su\u00e7lu say\u0131l\u0131rlar.<\/div><div>\u00a0<\/div><div>Karayollar\u0131 Trafik Kanunu Madde 36\u2019da; Motorlu ara\u00e7lar\u0131n, S\u00fcr\u00fcc\u00fc belgesi olmayan ki\u015filer taraf\u0131ndan karayollar\u0131nda s\u00fcr\u00fclmesi ve s\u00fcr\u00fclmesine izin verilmesi yasakt\u0131r.<\/div><div>\u00a0<\/div><\/div><\/div><h2>Kaz\u0131ma ve Y\u00fckleme (Kanal Kaz\u0131y\u0131c\u0131 (Beko Loder)) \u0130\u015f Makinesi \u00a0Kullan\u0131m\u0131 Operat\u00f6rl\u00fckBelgesi Nereden al\u0131n\u0131r?<\/h2><div>az\u0131ma ve Y\u00fckleme (Kanal Kaz\u0131y\u0131c\u0131 (Beko Loder))\u00a0Tipi \u0130\u015f Makinesi\u00a0Operat\u00f6rl\u00fck Belgesi Milli E\u011fitim Bakanl\u0131\u011f\u0131na ba\u011fl\u0131 5580 say\u0131l\u0131 \u00d6zel M\u00d6\u011fretim Kurumlar\u0131 Kanunu kapsam\u0131nda bulunan ve\u00a0az\u0131ma ve Y\u00fckleme (Kanal Kaz\u0131y\u0131c\u0131 (Beko Loder))\u00a0Tipi \u0130\u015f Makinesi\u00a0\u00a0program\u0131n\u0131 uygulamak \u00fczere gerekli donan\u0131m, te\u00e7hizat bulunan ve gerekli uzman \u00f6\u011freticileri g\u00f6revlendirmi\u015f olan\u00a0<strong>\u00d6z Bursa \u0130\u015f Makinalar\u0131 ve Operat\u00f6rl\u00fck Kursundan\u00a0<\/strong>al\u0131n\u0131r.<\/div><div>\u00a0<\/div><h2>Operat\u00f6rl\u00fck Kurslar\u0131na Bavuru Yapmak \u0130\u00e7in Gerekli \u015eartlar ve Haz\u0131rlanmas\u0131 Gereken Evraklar;<\/h2><div><ol><li><strong>N\u00fcfus C\u00fczdan Fotokopisi;\u00a0<\/strong>Ya\u015f \u015fart\u0131: 18 ya\u015f\u0131n\u0131 bitirmi\u015f<\/li><li><strong>5 adet Foto\u011fraf<\/strong><\/li><li><strong>\u00d6\u011frenim Belgesi;\u00a0<\/strong>\u00d6\u011frenim \u015fart\u0131: En az ilk\u00f6\u011fretim okulu mezunu (1997 y\u0131l\u0131ndan \u00f6nce mezun olanlar\u0131n ilkokul mezunu) olmak,<\/li><li><strong>Sa\u011fl\u0131k Raporu;<\/strong>\u00a0Sa\u011fl\u0131k \u015eartlar\u0131: Operat\u00f6rl\u00fck yapmas\u0131nda engel olmad\u0131\u011f\u0131na dair sa\u011fl\u0131k raporu \u201cG s\u0131n\u0131f\u0131 s\u00fcr\u00fcc\u00fc olur\u201d veya\u201d\u0130\u015f Makinesi Kullanabilir\u201d\u00a0ibaresi yazacak,<\/li><li><strong>Cumhuriyet Savc\u0131l\u0131\u011f\u0131 Belgesi:\u00a0<\/strong>Adli sicil kayd\u0131n\u0131n bulunmad\u0131\u011f\u0131na dair; Adli Sicil Belgesi.<\/li><\/ol><\/div><div>\u00a0<\/div><div>\u00a0<\/div><h2>Operat\u00f6rl\u00fck Belgesinde ne yazacak?<\/h2><div>Kurs sonunda yap\u0131lacak yaz\u0131l\u0131 ve uygulama s\u0131nav\u0131nda ba\u015far\u0131l\u0131 olan kursiyere \u201cKaz\u0131ma ve Y\u00fckleme (Kanal Kaz\u0131y\u0131c\u0131 (Beko Loder))\u00a0\u0130\u015f Makinesi sertifikas\u0131\u201d verilir. Uygulama\u00a0s\u0131nav\u0131nda ba\u015far\u0131s\u0131z olanlara bir s\u0131nav hakk\u0131 daha tan\u0131nacakt\u0131r.<\/div><div>\u00a0<\/div><div>\u00a0<\/div><h2>Beko Loder Operat\u00f6rl\u00fck Belgesini G s\u0131n\u0131f\u0131 S\u00fcr\u00fcc\u00fc Belgesine \u00c7evirmelimiyim?<\/h2><p>G s\u0131n\u0131f\u0131 S\u00fcr\u00fcc\u00fc Belgesi Karayollar\u0131 Trafik Kanununa g\u00f6re Karayolunda hareket edecek ara\u00e7lar\u0131 kullanmak i\u00e7in gerekli olan bir belgedir. Kulland\u0131\u011f\u0131n\u0131z Beko Loder ile Karayoluna \u00e7\u0131kacaksan\u0131z Ehliyetinize \u201cG\u201d s\u0131n\u0131f\u0131 s\u00fcr\u00fcc\u00fc belgesi olarak i\u015fletmeniz gerekmektedir.<\/p><p>Beko Loder Operat\u00f6r\u00fc; Beko Loder\u2019i sadece \u015fantiye alanlar\u0131 ve firma i\u00e7lerinde kullanaca\u011f\u0131 zaman Operat\u00f6rl\u00fck Belgesinin (sertifikan\u0131n) al\u0131nmas\u0131 ve \u00f6zl\u00fck dosyas\u0131nda saklanmas\u0131 yeterli olacakt\u0131r.<\/p><p>Bunun yan\u0131nda baz\u0131 firmalar Beko Loder Operat\u00f6r\u00fcn\u00fcn Beko Loderi\u00a0\u015fantiye alanlar\u0131 ve firma i\u00e7lerinde kullanacak olasalar bile,\u00a0Kaz\u0131ma ve Y\u00fckleme (Kanal Kaz\u0131y\u0131c\u0131 (Beko Loder))\u00a0\u0130\u015f Makinesi\u00a0Operat\u00f6rl\u00fck Belgesinin\u00a0eliyete i\u015flenmesini istemektedir.<\/p><div>\u00c7al\u0131\u015fma Bakanl\u0131\u011f\u0131ndan gelen \u0130\u015f M\u00fcfetti\u015fleri\u2019de\u00a0Beko Loder kullan\u0131c\u0131lar\u0131na Operat\u00f6rl\u00fck Belgesi\u00a0sormaktad\u0131r.<\/div><div>\u00a0<\/div><div><strong>Ehliyetiniz Varsa;<\/strong>\u00a0Operat\u00f6rl\u00fck Belgesini s\u00fcr\u00fcc\u00fc belgesine \u201cG\u201d s\u0131n\u0131f\u0131 olarak i\u015fletebilirsiniz.<\/div><div><strong>Ehliyetiniz Yoksa;\u00a0<\/strong>Operat\u00f6rl\u00fck belgesi ald\u0131ktan sonra Trafik ve \u0130lkyard\u0131m s\u0131nav\u0131na girmek \u015fart\u0131yla \u201cG\u201d s\u0131n\u0131f\u0131 s\u00fcr\u00fcc\u00fc belgesi alabilirsiniz.<\/div><div>\u00a0<\/div><div>Karayolunda ise Beko Loder kullan\u0131c\u0131lara Trafik Memurlar\u0131 G s\u0131n\u0131f\u0131 s\u00fcr\u00fcc\u00fc belgesini sormaktad\u0131r.<\/div>\t\t\t\t\t\t<\/div>\n\t\t\t\t<\/div>\n\t\t\t\t\t<\/div>\n\t\t<\/div>\n\t\t\t\t\t<\/div>\n\t\t<\/section>\n\t\t\t\t<\/div>\n\t\t\n    <div class=\"xs_social_share_widget xs_share_url after_content \t\tmain_content  wslu-style-1 wslu-share-box-shaped wslu-fill-colored wslu-none wslu-share-horizontal wslu-theme-font-no wslu-main_content\">\n\n\t\t\n        <ul>\n\t\t\t        <\/ul>\n    <\/div> \n","protected":false},"excerpt":{"rendered":"<p>Beko Loder Kursu Kaz\u0131ma ve Y\u00fckleme (Kanal Kaz\u0131y\u0131c\u0131 (Beko Loder)) \u0130\u015f Makinesi Kullan\u0131m\u0131 Operat\u00f6rl\u00fck Belgesinin yasal dayana\u011f\u0131 nedir? Kaz\u0131ma ve Y\u00fckleme (Kanal Kaz\u0131y\u0131c\u0131 (Beko Loder))\u00a0Tipi \u0130\u015f Makinesi\u00a0Kurs Program\u0131 17\/06\/2009 tarih ve 73 say\u0131l\u0131 karar ile \u00e7er\u00e7eve program\u0131 kabul edilmi\u015ftir.\u00a0Yeni \u00e7\u0131kan \u0130\u015f Sa\u011fl\u0131\u011f\u0131 ve Kanun kapsam\u0131nda BekoLoder Kullan\u0131c\u0131lar\u0131\u00a0Kaz\u0131ma ve Y\u00fckleme (Kanal<\/p>\n","protected":false},"author":1,"featured_media":0,"parent":0,"menu_order":0,"comment_status":"closed","ping_status":"closed","template":"","meta":{"inline_featured_image":false,"footnotes":""},"class_list":["post-2076","page","type-page","status-publish","hentry"],"_links":{"self":[{"href":"https:\/\/kizilayismakinelerikursu.com\/index.php\/wp-json\/wp\/v2\/pages\/2076","targetHints":{"allow":["GET"]}}],"collection":[{"href":"https:\/\/kizilayismakinelerikursu.com\/index.php\/wp-json\/wp\/v2\/pages"}],"about":[{"href":"https:\/\/kizilayismakinelerikursu.com\/index.php\/wp-json\/wp\/v2\/types\/page"}],"author":[{"embeddable":true,"href":"https:\/\/kizilayismakinelerikursu.com\/index.php\/wp-json\/wp\/v2\/users\/1"}],"replies":[{"embeddable":true,"href":"https:\/\/kizilayismakinelerikursu.com\/index.php\/wp-json\/wp\/v2\/comments?post=2076"}],"version-history":[{"count":0,"href":"https:\/\/kizilayismakinelerikursu.com\/index.php\/wp-json\/wp\/v2\/pages\/2076\/revisions"}],"wp:attachment":[{"href":"https:\/\/kizilayismakinelerikursu.com\/index.php\/wp-json\/wp\/v2\/media?parent=2076"}],"curies":[{"name":"wp","href":"https:\/\/api.w.org\/{rel}","templated":true}]}}